{"id":319,"date":"2022-04-02T13:36:46","date_gmt":"2022-04-02T11:36:46","guid":{"rendered":"https:\/\/petr-bombera.cz\/podlahy\/?page_id=319"},"modified":"2024-06-02T13:34:28","modified_gmt":"2024-06-02T11:34:28","slug":"kontakt","status":"publish","type":"page","link":"https:\/\/petr-bombera.cz\/podlahy\/kontakt\/","title":{"rendered":"Kontakt"},"content":{"rendered":"\t\t<div data-elementor-type=\"wp-page\" data-elementor-id=\"319\" class=\"elementor elementor-319\">\n\t\t\t\t\t\t<section class=\"elementor-section elementor-top-section elementor-element elementor-element-1720af1 elementor-section-boxed elementor-section-height-default elementor-section-height-default\" data-id=\"1720af1\" data-element_type=\"section\" data-e-type=\"section\">\n\t\t\t\t\t\t<div class=\"elementor-container elementor-column-gap-default\">\n\t\t\t\t\t<div class=\"elementor-column elementor-col-100 elementor-top-column elementor-element elementor-element-7cfa4f0\" data-id=\"7cfa4f0\" data-element_type=\"column\" data-e-type=\"column\">\n\t\t\t<div class=\"elementor-widget-wrap elementor-element-populated\">\n\t\t\t\t\t\t<div class=\"elementor-element elementor-element-f3a2973 elementor-widget elementor-widget-heading\" data-id=\"f3a2973\" data-element_type=\"widget\" data-e-type=\"widget\" data-widget_type=\"heading.default\">\n\t\t\t\t<div class=\"elementor-widget-container\">\n\t\t\t\t\t<h1 class=\"elementor-heading-title elementor-size-default\">Kontakt<\/h1>\t\t\t\t<\/div>\n\t\t\t\t<\/div>\n\t\t\t\t\t<\/div>\n\t\t<\/div>\n\t\t\t\t\t<\/div>\n\t\t<\/section>\n\t\t\t\t<section class=\"elementor-section elementor-top-section elementor-element elementor-element-93c1a8f elementor-section-boxed elementor-section-height-default elementor-section-height-default\" data-id=\"93c1a8f\" data-element_type=\"section\" data-e-type=\"section\">\n\t\t\t\t\t\t<div class=\"elementor-container elementor-column-gap-default\">\n\t\t\t\t\t<div class=\"elementor-column elementor-col-33 elementor-top-column elementor-element elementor-element-2ff570c\" data-id=\"2ff570c\" data-element_type=\"column\" data-e-type=\"column\">\n\t\t\t<div class=\"elementor-widget-wrap elementor-element-populated\">\n\t\t\t\t\t\t<div class=\"elementor-element elementor-element-36bb327 elementor-widget elementor-widget-text-editor\" data-id=\"36bb327\" data-element_type=\"widget\" data-e-type=\"widget\" data-widget_type=\"text-editor.default\">\n\t\t\t\t<div class=\"elementor-widget-container\">\n\t\t\t\t\t\t\t\t\t<h2><strong>Petr Bombera<\/strong><\/h2>\n<p>Jarom\u011b\u0159ice 393<br>569 44 Jarom\u011b\u0159ice<\/p>\n<p><strong>Mobil:<\/strong> 775 112 494<\/p>\n<p><strong>Email:<\/strong> petr.bombera@seznam.cz<\/p>\n<p><strong>I\u010c:<\/strong>&nbsp;64264840<\/p>\t\t\t\t\t\t\t\t<\/div>\n\t\t\t\t<\/div>\n\t\t\t\t\t<\/div>\n\t\t<\/div>\n\t\t\t\t<div class=\"elementor-column elementor-col-33 elementor-top-column elementor-element elementor-element-73e7f64\" data-id=\"73e7f64\" data-element_type=\"column\" data-e-type=\"column\">\n\t\t\t<div class=\"elementor-widget-wrap elementor-element-populated\">\n\t\t\t\t\t\t<div class=\"elementor-element elementor-element-9195b45 elementor-widget elementor-widget-text-editor\" data-id=\"9195b45\" data-element_type=\"widget\" data-e-type=\"widget\" data-widget_type=\"text-editor.default\">\n\t\t\t\t<div class=\"elementor-widget-container\">\n\t\t\t\t\t\t\t\t\t<h2><strong>Provozovna Jarom\u011b\u0159ice<\/strong><\/h2><p>Jarom\u011b\u0159ice\u00a0 118<\/p><p><span class=\"fMYBhe\">569 44 Jarom\u011b\u0159ice<\/span><\/p><p><strong>Mobil:<\/strong> 775 224 494<\/p><p><strong>Email:<\/strong> podlahybombera@seznam.cz<\/p>\t\t\t\t\t\t\t\t<\/div>\n\t\t\t\t<\/div>\n\t\t\t\t\t<\/div>\n\t\t<\/div>\n\t\t\t\t<div class=\"elementor-column elementor-col-33 elementor-top-column elementor-element elementor-element-0863877\" data-id=\"0863877\" data-element_type=\"column\" data-e-type=\"column\">\n\t\t\t<div class=\"elementor-widget-wrap elementor-element-populated\">\n\t\t\t\t\t\t<div class=\"elementor-element elementor-element-ea38028 elementor-widget elementor-widget-text-editor\" data-id=\"ea38028\" data-element_type=\"widget\" data-e-type=\"widget\" data-widget_type=\"text-editor.default\">\n\t\t\t\t<div class=\"elementor-widget-container\">\n\t\t\t\t\t\t\t\t\t<h2><strong>Otev\u00edrac\u00ed doba:<\/strong><\/h2><p><strong>Po &#8211; P\u00e1:<\/strong> 8.30\u00a0&#8211; 16.00 hod.<\/p><p><strong>So:<\/strong> 8.30 &#8211; 11.00 hod.<\/p>\t\t\t\t\t\t\t\t<\/div>\n\t\t\t\t<\/div>\n\t\t\t\t\t<\/div>\n\t\t<\/div>\n\t\t\t\t\t<\/div>\n\t\t<\/section>\n\t\t\t\t<section class=\"elementor-section elementor-top-section elementor-element elementor-element-c26eed8 elementor-section-full_width elementor-section-height-default elementor-section-height-default\" data-id=\"c26eed8\" data-element_type=\"section\" data-e-type=\"section\">\n\t\t\t\t\t\t<div class=\"elementor-container elementor-column-gap-default\">\n\t\t\t\t\t<div class=\"elementor-column elementor-col-100 elementor-top-column elementor-element elementor-element-06fcc46\" data-id=\"06fcc46\" data-element_type=\"column\" data-e-type=\"column\">\n\t\t\t<div class=\"elementor-widget-wrap elementor-element-populated\">\n\t\t\t\t\t\t<div class=\"elementor-element elementor-element-ed39a95 elementor-widget elementor-widget-google_maps\" data-id=\"ed39a95\" data-element_type=\"widget\" data-e-type=\"widget\" data-widget_type=\"google_maps.default\">\n\t\t\t\t<div class=\"elementor-widget-container\">\n\t\t\t\t\t\t\t<div class=\"elementor-custom-embed\">\n\t\t\t<iframe loading=\"lazy\"\n\t\t\t\t\tsrc=\"https:\/\/maps.google.com\/maps?q=Jarom%C4%9B%C5%99ice%20118%2C%20569%2044%2C%20Jarom%C4%9B%C5%99ice&#038;t=m&#038;z=16&#038;output=embed&#038;iwloc=near\"\n\t\t\t\t\ttitle=\"Jarom\u011b\u0159ice 118, 569 44, Jarom\u011b\u0159ice\"\n\t\t\t\t\taria-label=\"Jarom\u011b\u0159ice 118, 569 44, Jarom\u011b\u0159ice\"\n\t\t\t><\/iframe>\n\t\t<\/div>\n\t\t\t\t\t\t<\/div>\n\t\t\t\t<\/div>\n\t\t\t\t\t<\/div>\n\t\t<\/div>\n\t\t\t\t\t<\/div>\n\t\t<\/section>\n\t\t\t\t<\/div>\n\t\t","protected":false},"excerpt":{"rendered":"<p>Kontakt Petr Bombera Jarom\u011b\u0159ice 393569 44 Jarom\u011b\u0159ice Mobil: 775 112 494 Email: petr.bombera@seznam.cz I\u010c:&nbsp;64264840 Provozovna Jarom\u011b\u0159ice Jarom\u011b\u0159ice\u00a0 118 569 44 Jarom\u011b\u0159ice Mobil: 775 224 494 Email: podlahybombera@seznam.cz Otev\u00edrac\u00ed doba: Po &#8211; P\u00e1: 8.30\u00a0&#8211; 16.00 hod. So: 8.30 &#8211; 11.00 hod.<\/p>\n","protected":false},"author":1,"featured_media":0,"parent":0,"menu_order":0,"comment_status":"closed","ping_status":"closed","template":"","meta":{"site-sidebar-layout":"no-sidebar","site-content-layout":"page-builder","ast-site-content-layout":"default","site-content-style":"default","site-sidebar-style":"default","ast-global-header-display":"","ast-banner-title-visibility":"","ast-main-header-display":"","ast-hfb-above-header-display":"","ast-hfb-below-header-display":"","ast-hfb-mobile-header-display":"","site-post-title":"disabled","ast-breadcrumbs-content":"","ast-featured-img":"disabled","footer-sml-layout":"","ast-disable-related-posts":"","theme-transparent-header-meta":"","adv-header-id-meta":"","stick-header-meta":"","header-above-stick-meta":"","header-main-stick-meta":"","header-below-stick-meta":"","astra-migrate-meta-layouts":"default","ast-page-background-enabled":"default","ast-page-background-meta":{"desktop":{"background-color":"var(--ast-global-color-4)","background-image":"","background-repeat":"repeat","background-position":"center center","background-size":"auto","background-attachment":"scroll","background-type":"","background-media":"","overlay-type":"","overlay-color":"","overlay-opacity":"","overlay-gradient":""},"tablet":{"background-color":"","background-image":"","background-repeat":"repeat","background-position":"center center","background-size":"auto","background-attachment":"scroll","background-type":"","background-media":"","overlay-type":"","overlay-color":"","overlay-opacity":"","overlay-gradient":""},"mobile":{"background-color":"","background-image":"","background-repeat":"repeat","background-position":"center center","background-size":"auto","background-attachment":"scroll","background-type":"","background-media":"","overlay-type":"","overlay-color":"","overlay-opacity":"","overlay-gradient":""}},"ast-content-background-meta":{"desktop":{"background-color":"var(--ast-global-color-5)","background-image":"","background-repeat":"repeat","background-position":"center center","background-size":"auto","background-attachment":"scroll","background-type":"","background-media":"","overlay-type":"","overlay-color":"","overlay-opacity":"","overlay-gradient":""},"tablet":{"background-color":"var(--ast-global-color-5)","background-image":"","background-repeat":"repeat","background-position":"center center","background-size":"auto","background-attachment":"scroll","background-type":"","background-media":"","overlay-type":"","overlay-color":"","overlay-opacity":"","overlay-gradient":""},"mobile":{"background-color":"var(--ast-global-color-5)","background-image":"","background-repeat":"repeat","background-position":"center center","background-size":"auto","background-attachment":"scroll","background-type":"","background-media":"","overlay-type":"","overlay-color":"","overlay-opacity":"","overlay-gradient":""}},"footnotes":""},"class_list":["post-319","page","type-page","status-publish","hentry"],"yoast_head":"<!-- This site is optimized with the Yoast SEO plugin v27.5 - https:\/\/yoast.com\/product\/yoast-seo-wordpress\/ -->\n<title>Kontakt &#8211; Podlahy Bombera<\/title>\n<meta name=\"robots\" content=\"index, follow, max-snippet:-1, max-image-preview:large, max-video-preview:-1\" \/>\n<link rel=\"canonical\" href=\"https:\/\/petr-bombera.cz\/podlahy\/kontakt\/\" \/>\n<meta property=\"og:locale\" content=\"cs_CZ\" \/>\n<meta property=\"og:type\" content=\"article\" \/>\n<meta property=\"og:title\" content=\"Kontakt &#8211; Podlahy Bombera\" \/>\n<meta property=\"og:description\" content=\"Kontakt Petr Bombera Jarom\u011b\u0159ice 393569 44 Jarom\u011b\u0159ice Mobil: 775 112 494 Email: petr.bombera@seznam.cz I\u010c:&nbsp;64264840 Provozovna Jarom\u011b\u0159ice Jarom\u011b\u0159ice\u00a0 118 569 44 Jarom\u011b\u0159ice Mobil: 775 224 494 Email: podlahybombera@seznam.cz Otev\u00edrac\u00ed doba: Po &#8211; P\u00e1: 8.30\u00a0&#8211; 16.00 hod. So: 8.30 &#8211; 11.00 hod.\" \/>\n<meta property=\"og:url\" content=\"https:\/\/petr-bombera.cz\/podlahy\/kontakt\/\" \/>\n<meta property=\"og:site_name\" content=\"Podlahy Bombera\" \/>\n<meta property=\"article:publisher\" content=\"https:\/\/www.facebook.com\/profile.php?id=100011731498254\" \/>\n<meta property=\"article:modified_time\" content=\"2024-06-02T11:34:28+00:00\" \/>\n<meta property=\"og:image\" content=\"https:\/\/petr-bombera.cz\/podlahy\/wp-content\/uploads\/2022\/04\/1.jpg\" \/>\n\t<meta property=\"og:image:width\" content=\"1500\" \/>\n\t<meta property=\"og:image:height\" content=\"409\" \/>\n\t<meta property=\"og:image:type\" content=\"image\/jpeg\" \/>\n<meta name=\"twitter:card\" content=\"summary_large_image\" \/>\n<meta name=\"twitter:label1\" content=\"Odhadovan\u00e1 doba \u010dten\u00ed\" \/>\n\t<meta name=\"twitter:data1\" content=\"1 minuta\" \/>\n<script type=\"application\/ld+json\" class=\"yoast-schema-graph\">{\"@context\":\"https:\\\/\\\/schema.org\",\"@graph\":[{\"@type\":\"WebPage\",\"@id\":\"https:\\\/\\\/petr-bombera.cz\\\/podlahy\\\/kontakt\\\/\",\"url\":\"https:\\\/\\\/petr-bombera.cz\\\/podlahy\\\/kontakt\\\/\",\"name\":\"Kontakt &#8211; Podlahy Bombera\",\"isPartOf\":{\"@id\":\"https:\\\/\\\/petr-bombera.cz\\\/podlahy\\\/#website\"},\"datePublished\":\"2022-04-02T11:36:46+00:00\",\"dateModified\":\"2024-06-02T11:34:28+00:00\",\"breadcrumb\":{\"@id\":\"https:\\\/\\\/petr-bombera.cz\\\/podlahy\\\/kontakt\\\/#breadcrumb\"},\"inLanguage\":\"cs\",\"potentialAction\":[{\"@type\":\"ReadAction\",\"target\":[\"https:\\\/\\\/petr-bombera.cz\\\/podlahy\\\/kontakt\\\/\"]}]},{\"@type\":\"BreadcrumbList\",\"@id\":\"https:\\\/\\\/petr-bombera.cz\\\/podlahy\\\/kontakt\\\/#breadcrumb\",\"itemListElement\":[{\"@type\":\"ListItem\",\"position\":1,\"name\":\"Dom\u016f\",\"item\":\"https:\\\/\\\/petr-bombera.cz\\\/podlahy\\\/\"},{\"@type\":\"ListItem\",\"position\":2,\"name\":\"Kontakt\"}]},{\"@type\":\"WebSite\",\"@id\":\"https:\\\/\\\/petr-bombera.cz\\\/podlahy\\\/#website\",\"url\":\"https:\\\/\\\/petr-bombera.cz\\\/podlahy\\\/\",\"name\":\"Podlahy Bombera\",\"description\":\"Podlahov\u00e9 studio Petr Bombera\",\"alternateName\":\"Podlahy Petr Bombera\",\"potentialAction\":[{\"@type\":\"SearchAction\",\"target\":{\"@type\":\"EntryPoint\",\"urlTemplate\":\"https:\\\/\\\/petr-bombera.cz\\\/podlahy\\\/?s={search_term_string}\"},\"query-input\":{\"@type\":\"PropertyValueSpecification\",\"valueRequired\":true,\"valueName\":\"search_term_string\"}}],\"inLanguage\":\"cs\"}]}<\/script>\n<!-- \/ Yoast SEO plugin. -->","yoast_head_json":{"title":"Kontakt &#8211; Podlahy Bombera","robots":{"index":"index","follow":"follow","max-snippet":"max-snippet:-1","max-image-preview":"max-image-preview:large","max-video-preview":"max-video-preview:-1"},"canonical":"https:\/\/petr-bombera.cz\/podlahy\/kontakt\/","og_locale":"cs_CZ","og_type":"article","og_title":"Kontakt &#8211; Podlahy Bombera","og_description":"Kontakt Petr Bombera Jarom\u011b\u0159ice 393569 44 Jarom\u011b\u0159ice Mobil: 775 112 494 Email: petr.bombera@seznam.cz I\u010c:&nbsp;64264840 Provozovna Jarom\u011b\u0159ice Jarom\u011b\u0159ice\u00a0 118 569 44 Jarom\u011b\u0159ice Mobil: 775 224 494 Email: podlahybombera@seznam.cz Otev\u00edrac\u00ed doba: Po &#8211; P\u00e1: 8.30\u00a0&#8211; 16.00 hod. So: 8.30 &#8211; 11.00 hod.","og_url":"https:\/\/petr-bombera.cz\/podlahy\/kontakt\/","og_site_name":"Podlahy Bombera","article_publisher":"https:\/\/www.facebook.com\/profile.php?id=100011731498254","article_modified_time":"2024-06-02T11:34:28+00:00","og_image":[{"width":1500,"height":409,"url":"https:\/\/petr-bombera.cz\/podlahy\/wp-content\/uploads\/2022\/04\/1.jpg","type":"image\/jpeg"}],"twitter_card":"summary_large_image","twitter_misc":{"Odhadovan\u00e1 doba \u010dten\u00ed":"1 minuta"},"schema":{"@context":"https:\/\/schema.org","@graph":[{"@type":"WebPage","@id":"https:\/\/petr-bombera.cz\/podlahy\/kontakt\/","url":"https:\/\/petr-bombera.cz\/podlahy\/kontakt\/","name":"Kontakt &#8211; Podlahy Bombera","isPartOf":{"@id":"https:\/\/petr-bombera.cz\/podlahy\/#website"},"datePublished":"2022-04-02T11:36:46+00:00","dateModified":"2024-06-02T11:34:28+00:00","breadcrumb":{"@id":"https:\/\/petr-bombera.cz\/podlahy\/kontakt\/#breadcrumb"},"inLanguage":"cs","potentialAction":[{"@type":"ReadAction","target":["https:\/\/petr-bombera.cz\/podlahy\/kontakt\/"]}]},{"@type":"BreadcrumbList","@id":"https:\/\/petr-bombera.cz\/podlahy\/kontakt\/#breadcrumb","itemListElement":[{"@type":"ListItem","position":1,"name":"Dom\u016f","item":"https:\/\/petr-bombera.cz\/podlahy\/"},{"@type":"ListItem","position":2,"name":"Kontakt"}]},{"@type":"WebSite","@id":"https:\/\/petr-bombera.cz\/podlahy\/#website","url":"https:\/\/petr-bombera.cz\/podlahy\/","name":"Podlahy Bombera","description":"Podlahov\u00e9 studio Petr Bombera","alternateName":"Podlahy Petr Bombera","potentialAction":[{"@type":"SearchAction","target":{"@type":"EntryPoint","urlTemplate":"https:\/\/petr-bombera.cz\/podlahy\/?s={search_term_string}"},"query-input":{"@type":"PropertyValueSpecification","valueRequired":true,"valueName":"search_term_string"}}],"inLanguage":"cs"}]}},"_links":{"self":[{"href":"https:\/\/petr-bombera.cz\/podlahy\/wp-json\/wp\/v2\/pages\/319","targetHints":{"allow":["GET"]}}],"collection":[{"href":"https:\/\/petr-bombera.cz\/podlahy\/wp-json\/wp\/v2\/pages"}],"about":[{"href":"https:\/\/petr-bombera.cz\/podlahy\/wp-json\/wp\/v2\/types\/page"}],"author":[{"embeddable":true,"href":"https:\/\/petr-bombera.cz\/podlahy\/wp-json\/wp\/v2\/users\/1"}],"replies":[{"embeddable":true,"href":"https:\/\/petr-bombera.cz\/podlahy\/wp-json\/wp\/v2\/comments?post=319"}],"version-history":[{"count":79,"href":"https:\/\/petr-bombera.cz\/podlahy\/wp-json\/wp\/v2\/pages\/319\/revisions"}],"predecessor-version":[{"id":4997,"href":"https:\/\/petr-bombera.cz\/podlahy\/wp-json\/wp\/v2\/pages\/319\/revisions\/4997"}],"wp:attachment":[{"href":"https:\/\/petr-bombera.cz\/podlahy\/wp-json\/wp\/v2\/media?parent=319"}],"curies":[{"name":"wp","href":"https:\/\/api.w.org\/{rel}","templated":true}]}}