{"id":2152,"date":"2022-06-13T16:22:45","date_gmt":"2022-06-13T14:22:45","guid":{"rendered":"https:\/\/petr-bombera.cz\/podlahy\/?page_id=2152"},"modified":"2022-09-06T11:02:06","modified_gmt":"2022-09-06T09:02:06","slug":"detske-kusove-koberce","status":"publish","type":"page","link":"https:\/\/petr-bombera.cz\/podlahy\/detske-kusove-koberce\/","title":{"rendered":"D\u011btsk\u00e9 kusov\u00e9 koberce"},"content":{"rendered":"\t\t<div data-elementor-type=\"wp-page\" data-elementor-id=\"2152\" class=\"elementor elementor-2152\">\n\t\t\t\t\t\t<section class=\"elementor-section elementor-top-section elementor-element elementor-element-efc3189 elementor-section-boxed elementor-section-height-default elementor-section-height-default\" data-id=\"efc3189\" data-element_type=\"section\" data-e-type=\"section\">\n\t\t\t\t\t\t<div class=\"elementor-container elementor-column-gap-default\">\n\t\t\t\t\t<div class=\"elementor-column elementor-col-100 elementor-top-column elementor-element elementor-element-ab6d49c\" data-id=\"ab6d49c\" data-element_type=\"column\" data-e-type=\"column\">\n\t\t\t<div class=\"elementor-widget-wrap elementor-element-populated\">\n\t\t\t\t\t\t<div class=\"elementor-element elementor-element-e833b3e elementor-widget elementor-widget-heading\" data-id=\"e833b3e\" data-element_type=\"widget\" data-e-type=\"widget\" data-widget_type=\"heading.default\">\n\t\t\t\t<div class=\"elementor-widget-container\">\n\t\t\t\t\t<h2 class=\"elementor-heading-title elementor-size-default\">D\u011btsk\u00e9 kusov\u00e9 koberce<\/h2>\t\t\t\t<\/div>\n\t\t\t\t<\/div>\n\t\t\t\t\t<\/div>\n\t\t<\/div>\n\t\t\t\t\t<\/div>\n\t\t<\/section>\n\t\t\t\t<section class=\"elementor-section elementor-top-section elementor-element elementor-element-6aeae24 elementor-section-boxed elementor-section-height-default elementor-section-height-default\" data-id=\"6aeae24\" data-element_type=\"section\" data-e-type=\"section\">\n\t\t\t\t\t\t<div class=\"elementor-container elementor-column-gap-default\">\n\t\t\t\t\t<div class=\"elementor-column elementor-col-100 elementor-top-column elementor-element elementor-element-f952068\" data-id=\"f952068\" data-element_type=\"column\" data-e-type=\"column\">\n\t\t\t<div class=\"elementor-widget-wrap elementor-element-populated\">\n\t\t\t\t\t\t<div class=\"elementor-element elementor-element-c089c3a elementor-arrows-position-inside elementor-pagination-position-outside elementor-widget elementor-widget-image-carousel\" data-id=\"c089c3a\" data-element_type=\"widget\" data-e-type=\"widget\" data-settings=\"{&quot;slides_to_show&quot;:&quot;5&quot;,&quot;autoplay_speed&quot;:4209,&quot;navigation&quot;:&quot;both&quot;,&quot;autoplay&quot;:&quot;yes&quot;,&quot;pause_on_hover&quot;:&quot;yes&quot;,&quot;pause_on_interaction&quot;:&quot;yes&quot;,&quot;infinite&quot;:&quot;yes&quot;,&quot;speed&quot;:500}\" data-widget_type=\"image-carousel.default\">\n\t\t\t\t<div class=\"elementor-widget-container\">\n\t\t\t\t\t\t\t<div class=\"elementor-image-carousel-wrapper swiper\" role=\"region\" aria-roledescription=\"carousel\" aria-label=\"Obr\u00e1zkov\u00fd koloto\u010d\" dir=\"ltr\">\n\t\t\t<div class=\"elementor-image-carousel swiper-wrapper\" aria-live=\"off\">\n\t\t\t\t\t\t\t\t<div class=\"swiper-slide\" role=\"group\" aria-roledescription=\"slide\" aria-label=\"1 z 1\"><figure class=\"swiper-slide-inner\"><img decoding=\"async\" class=\"swiper-slide-image\" src=\"https:\/\/petr-bombera.cz\/podlahy\/wp-content\/uploads\/2022\/06\/koberec-jasper-kids-22725-955-ruzovy-1-150x150.jpg\" alt=\"koberec-jasper-kids-22725-955-ruzovy\" \/><\/figure><\/div>\t\t\t<\/div>\n\t\t\t\t\t<\/div>\n\t\t\t\t\t\t<\/div>\n\t\t\t\t<\/div>\n\t\t\t\t\t<\/div>\n\t\t<\/div>\n\t\t\t\t\t<\/div>\n\t\t<\/section>\n\t\t\t\t<section class=\"elementor-section elementor-top-section elementor-element elementor-element-31d679e elementor-section-boxed elementor-section-height-default elementor-section-height-default\" data-id=\"31d679e\" data-element_type=\"section\" data-e-type=\"section\" data-settings=\"{&quot;background_background&quot;:&quot;classic&quot;}\">\n\t\t\t\t\t\t<div class=\"elementor-container elementor-column-gap-default\">\n\t\t\t\t\t<div class=\"elementor-column elementor-col-100 elementor-top-column elementor-element elementor-element-0d42c71\" data-id=\"0d42c71\" data-element_type=\"column\" data-e-type=\"column\">\n\t\t\t<div class=\"elementor-widget-wrap elementor-element-populated\">\n\t\t\t\t\t\t<div class=\"elementor-element elementor-element-391af93 elementor-widget elementor-widget-heading\" data-id=\"391af93\" data-element_type=\"widget\" data-e-type=\"widget\" data-widget_type=\"heading.default\">\n\t\t\t\t<div class=\"elementor-widget-container\">\n\t\t\t\t\t<h2 class=\"elementor-heading-title elementor-size-default\">Jasper<\/h2>\t\t\t\t<\/div>\n\t\t\t\t<\/div>\n\t\t\t\t\t<\/div>\n\t\t<\/div>\n\t\t\t\t\t<\/div>\n\t\t<\/section>\n\t\t\t\t<section class=\"elementor-section elementor-top-section elementor-element elementor-element-69c5f8b elementor-section-boxed elementor-section-height-default elementor-section-height-default\" data-id=\"69c5f8b\" data-element_type=\"section\" data-e-type=\"section\">\n\t\t\t\t\t\t<div class=\"elementor-container elementor-column-gap-default\">\n\t\t\t\t\t<div class=\"elementor-column elementor-col-100 elementor-top-column elementor-element elementor-element-ec7f9d1\" data-id=\"ec7f9d1\" data-element_type=\"column\" data-e-type=\"column\">\n\t\t\t<div class=\"elementor-widget-wrap elementor-element-populated\">\n\t\t\t\t\t\t<div class=\"elementor-element elementor-element-43b7a00 elementor-widget elementor-widget-text-editor\" data-id=\"43b7a00\" data-element_type=\"widget\" data-e-type=\"widget\" data-widget_type=\"text-editor.default\">\n\t\t\t\t<div class=\"elementor-widget-container\">\n\t\t\t\t\t\t\t\t\t<ul><li><strong>Materi\u00e1l:<\/strong> 100% polypropylen<\/li><li><strong>V\u00fd\u0161ka vlasu:<\/strong> 12mm<\/li><li><strong>Celkov\u00e1 v\u00e1ha:<\/strong> 2500g\/m2<\/li><li><strong>Rozm\u011bry:<\/strong> 80&#215;150 cm, 120&#215;170 cm, 140&#215;200 cm, 160&#215;230 cm, 200&#215;290 cm<\/li><\/ul>\t\t\t\t\t\t\t\t<\/div>\n\t\t\t\t<\/div>\n\t\t\t\t\t<\/div>\n\t\t<\/div>\n\t\t\t\t\t<\/div>\n\t\t<\/section>\n\t\t\t\t<section class=\"elementor-section elementor-top-section elementor-element elementor-element-634a389 elementor-section-boxed elementor-section-height-default elementor-section-height-default\" data-id=\"634a389\" data-element_type=\"section\" data-e-type=\"section\" data-settings=\"{&quot;background_background&quot;:&quot;classic&quot;}\">\n\t\t\t\t\t\t<div class=\"elementor-container elementor-column-gap-default\">\n\t\t\t\t\t<div class=\"elementor-column elementor-col-100 elementor-top-column elementor-element elementor-element-70a1dd6\" data-id=\"70a1dd6\" data-element_type=\"column\" data-e-type=\"column\">\n\t\t\t<div class=\"elementor-widget-wrap elementor-element-populated\">\n\t\t\t\t\t\t<div class=\"elementor-element elementor-element-34a5597 gallery-spacing-custom elementor-widget elementor-widget-image-gallery\" data-id=\"34a5597\" data-element_type=\"widget\" data-e-type=\"widget\" data-widget_type=\"image-gallery.default\">\n\t\t\t\t<div class=\"elementor-widget-container\">\n\t\t\t\t\t\t\t<div class=\"elementor-image-gallery\">\n\t\t\t<div id='gallery-1' class='gallery galleryid-2152 gallery-columns-10 gallery-size-thumbnail'><figure class='gallery-item'>\n\t\t\t<div class='gallery-icon portrait'>\n\t\t\t\t<a data-elementor-open-lightbox=\"yes\" data-elementor-lightbox-slideshow=\"34a5597\" data-elementor-lightbox-title=\"koberec jasper kids 21620-760 b\u00e9\u017eov\u00fd\" data-e-action-hash=\"#elementor-action%3Aaction%3Dlightbox%26settings%3DeyJpZCI6MjQyNiwidXJsIjoiaHR0cHM6XC9cL3BldHItYm9tYmVyYS5jelwvcG9kbGFoeVwvd3AtY29udGVudFwvdXBsb2Fkc1wvMjAyMlwvMDZcL2tvYmVyZWMtamFzcGVyLWtpZHMtMjE2MjAtNzYwLWJlem92eS5qcGciLCJzbGlkZXNob3ciOiIzNGE1NTk3In0%3D\" href='https:\/\/petr-bombera.cz\/podlahy\/wp-content\/uploads\/2022\/06\/koberec-jasper-kids-21620-760-bezovy.jpg'><img decoding=\"async\" width=\"150\" height=\"150\" src=\"https:\/\/petr-bombera.cz\/podlahy\/wp-content\/uploads\/2022\/06\/koberec-jasper-kids-21620-760-bezovy-150x150.jpg\" class=\"attachment-thumbnail size-thumbnail\" alt=\"koberec jasper kids 21620-760 b\u00e9\u017eov\u00fd\" aria-describedby=\"gallery-1-2426\" \/><\/a>\n\t\t\t<\/div>\n\t\t\t\t<figcaption class='wp-caption-text gallery-caption' id='gallery-1-2426'>\n\t\t\t\t21620-760 b\u00e9\u017eov\u00fd\n\t\t\t\t<\/figcaption><\/figure><figure class='gallery-item'>\n\t\t\t<div class='gallery-icon portrait'>\n\t\t\t\t<a data-elementor-open-lightbox=\"yes\" data-elementor-lightbox-slideshow=\"34a5597\" data-elementor-lightbox-title=\"koberec jasper kids 21903-110 multi\" data-e-action-hash=\"#elementor-action%3Aaction%3Dlightbox%26settings%3DeyJpZCI6MjQyNywidXJsIjoiaHR0cHM6XC9cL3BldHItYm9tYmVyYS5jelwvcG9kbGFoeVwvd3AtY29udGVudFwvdXBsb2Fkc1wvMjAyMlwvMDZcL2tvYmVyZWMtamFzcGVyLWtpZHMtMjE5MDMtMTEwLW11bHRpLmpwZyIsInNsaWRlc2hvdyI6IjM0YTU1OTcifQ%3D%3D\" href='https:\/\/petr-bombera.cz\/podlahy\/wp-content\/uploads\/2022\/06\/koberec-jasper-kids-21903-110-multi.jpg'><img decoding=\"async\" width=\"150\" height=\"150\" src=\"https:\/\/petr-bombera.cz\/podlahy\/wp-content\/uploads\/2022\/06\/koberec-jasper-kids-21903-110-multi-150x150.jpg\" class=\"attachment-thumbnail size-thumbnail\" alt=\"koberec jasper kids 21903-110 multi\" aria-describedby=\"gallery-1-2427\" \/><\/a>\n\t\t\t<\/div>\n\t\t\t\t<figcaption class='wp-caption-text gallery-caption' id='gallery-1-2427'>\n\t\t\t\t21903-110 multi\n\t\t\t\t<\/figcaption><\/figure><figure class='gallery-item'>\n\t\t\t<div class='gallery-icon portrait'>\n\t\t\t\t<a data-elementor-open-lightbox=\"yes\" data-elementor-lightbox-slideshow=\"34a5597\" data-elementor-lightbox-title=\"koberec jasper kids 22725-955 r\u016f\u017eov\u00fd\" data-e-action-hash=\"#elementor-action%3Aaction%3Dlightbox%26settings%3DeyJpZCI6MjQyOCwidXJsIjoiaHR0cHM6XC9cL3BldHItYm9tYmVyYS5jelwvcG9kbGFoeVwvd3AtY29udGVudFwvdXBsb2Fkc1wvMjAyMlwvMDZcL2tvYmVyZWMtamFzcGVyLWtpZHMtMjI3MjUtOTU1LXJ1em92eS5qcGciLCJzbGlkZXNob3ciOiIzNGE1NTk3In0%3D\" href='https:\/\/petr-bombera.cz\/podlahy\/wp-content\/uploads\/2022\/06\/koberec-jasper-kids-22725-955-ruzovy.jpg'><img decoding=\"async\" width=\"150\" height=\"150\" src=\"https:\/\/petr-bombera.cz\/podlahy\/wp-content\/uploads\/2022\/06\/koberec-jasper-kids-22725-955-ruzovy-150x150.jpg\" class=\"attachment-thumbnail size-thumbnail\" alt=\"koberec jasper kids 22725-955 r\u016f\u017eov\u00fd\" aria-describedby=\"gallery-1-2428\" \/><\/a>\n\t\t\t<\/div>\n\t\t\t\t<figcaption class='wp-caption-text gallery-caption' id='gallery-1-2428'>\n\t\t\t\t22725-955 r\u016f\u017eov\u00fd\n\t\t\t\t<\/figcaption><\/figure>\n\t\t<\/div>\n\t\t<\/div>\n\t\t\t\t\t\t<\/div>\n\t\t\t\t<\/div>\n\t\t\t\t\t<\/div>\n\t\t<\/div>\n\t\t\t\t\t<\/div>\n\t\t<\/section>\n\t\t\t\t<\/div>\n\t\t","protected":false},"excerpt":{"rendered":"<p>D\u011btsk\u00e9 kusov\u00e9 koberce Jasper Materi\u00e1l: 100% polypropylen V\u00fd\u0161ka vlasu: 12mm Celkov\u00e1 v\u00e1ha: 2500g\/m2 Rozm\u011bry: 80&#215;150 cm, 120&#215;170 cm, 140&#215;200 cm, 160&#215;230 cm, 200&#215;290 cm 21620-760 b\u00e9\u017eov\u00fd 21903-110 multi 22725-955 r\u016f\u017eov\u00fd<\/p>\n","protected":false},"author":1,"featured_media":0,"parent":0,"menu_order":0,"comment_status":"closed","ping_status":"closed","template":"","meta":{"site-sidebar-layout":"no-sidebar","site-content-layout":"page-builder","ast-site-content-layout":"default","site-content-style":"default","site-sidebar-style":"default","ast-global-header-display":"","ast-banner-title-visibility":"","ast-main-header-display":"","ast-hfb-above-header-display":"","ast-hfb-below-header-display":"","ast-hfb-mobile-header-display":"","site-post-title":"disabled","ast-breadcrumbs-content":"","ast-featured-img":"disabled","footer-sml-layout":"","ast-disable-related-posts":"","theme-transparent-header-meta":"","adv-header-id-meta":"","stick-header-meta":"","header-above-stick-meta":"","header-main-stick-meta":"","header-below-stick-meta":"","astra-migrate-meta-layouts":"default","ast-page-background-enabled":"default","ast-page-background-meta":{"desktop":{"background-color":"var(--ast-global-color-4)","background-image":"","background-repeat":"repeat","background-position":"center center","background-size":"auto","background-attachment":"scroll","background-type":"","background-media":"","overlay-type":"","overlay-color":"","overlay-opacity":"","overlay-gradient":""},"tablet":{"background-color":"","background-image":"","background-repeat":"repeat","background-position":"center center","background-size":"auto","background-attachment":"scroll","background-type":"","background-media":"","overlay-type":"","overlay-color":"","overlay-opacity":"","overlay-gradient":""},"mobile":{"background-color":"","background-image":"","background-repeat":"repeat","background-position":"center center","background-size":"auto","background-attachment":"scroll","background-type":"","background-media":"","overlay-type":"","overlay-color":"","overlay-opacity":"","overlay-gradient":""}},"ast-content-background-meta":{"desktop":{"background-color":"var(--ast-global-color-5)","background-image":"","background-repeat":"repeat","background-position":"center center","background-size":"auto","background-attachment":"scroll","background-type":"","background-media":"","overlay-type":"","overlay-color":"","overlay-opacity":"","overlay-gradient":""},"tablet":{"background-color":"var(--ast-global-color-5)","background-image":"","background-repeat":"repeat","background-position":"center center","background-size":"auto","background-attachment":"scroll","background-type":"","background-media":"","overlay-type":"","overlay-color":"","overlay-opacity":"","overlay-gradient":""},"mobile":{"background-color":"var(--ast-global-color-5)","background-image":"","background-repeat":"repeat","background-position":"center center","background-size":"auto","background-attachment":"scroll","background-type":"","background-media":"","overlay-type":"","overlay-color":"","overlay-opacity":"","overlay-gradient":""}},"footnotes":""},"class_list":["post-2152","page","type-page","status-publish","hentry"],"yoast_head":"<!-- This site is optimized with the Yoast SEO plugin v27.5 - https:\/\/yoast.com\/product\/yoast-seo-wordpress\/ -->\n<title>D\u011btsk\u00e9 kusov\u00e9 koberce &#8211; Podlahy Bombera<\/title>\n<meta name=\"robots\" content=\"index, follow, max-snippet:-1, max-image-preview:large, max-video-preview:-1\" \/>\n<link rel=\"canonical\" href=\"https:\/\/petr-bombera.cz\/podlahy\/detske-kusove-koberce\/\" \/>\n<meta property=\"og:locale\" content=\"cs_CZ\" \/>\n<meta property=\"og:type\" content=\"article\" \/>\n<meta property=\"og:title\" content=\"D\u011btsk\u00e9 kusov\u00e9 koberce &#8211; Podlahy Bombera\" \/>\n<meta property=\"og:description\" content=\"D\u011btsk\u00e9 kusov\u00e9 koberce Jasper Materi\u00e1l: 100% polypropylen V\u00fd\u0161ka vlasu: 12mm Celkov\u00e1 v\u00e1ha: 2500g\/m2 Rozm\u011bry: 80&#215;150 cm, 120&#215;170 cm, 140&#215;200 cm, 160&#215;230 cm, 200&#215;290 cm 21620-760 b\u00e9\u017eov\u00fd 21903-110 multi 22725-955 r\u016f\u017eov\u00fd\" \/>\n<meta property=\"og:url\" content=\"https:\/\/petr-bombera.cz\/podlahy\/detske-kusove-koberce\/\" \/>\n<meta property=\"og:site_name\" content=\"Podlahy Bombera\" \/>\n<meta property=\"article:publisher\" content=\"https:\/\/www.facebook.com\/profile.php?id=100011731498254\" \/>\n<meta property=\"article:modified_time\" content=\"2022-09-06T09:02:06+00:00\" \/>\n<meta property=\"og:image\" content=\"https:\/\/petr-bombera.cz\/podlahy\/wp-content\/uploads\/2022\/06\/koberec-jasper-kids-22725-955-ruzovy-1-150x150.jpg\" \/>\n<meta name=\"twitter:card\" content=\"summary_large_image\" \/>\n<meta name=\"twitter:label1\" content=\"Odhadovan\u00e1 doba \u010dten\u00ed\" \/>\n\t<meta name=\"twitter:data1\" content=\"1 minuta\" \/>\n<script type=\"application\/ld+json\" class=\"yoast-schema-graph\">{\"@context\":\"https:\\\/\\\/schema.org\",\"@graph\":[{\"@type\":\"WebPage\",\"@id\":\"https:\\\/\\\/petr-bombera.cz\\\/podlahy\\\/detske-kusove-koberce\\\/\",\"url\":\"https:\\\/\\\/petr-bombera.cz\\\/podlahy\\\/detske-kusove-koberce\\\/\",\"name\":\"D\u011btsk\u00e9 kusov\u00e9 koberce &#8211; Podlahy Bombera\",\"isPartOf\":{\"@id\":\"https:\\\/\\\/petr-bombera.cz\\\/podlahy\\\/#website\"},\"primaryImageOfPage\":{\"@id\":\"https:\\\/\\\/petr-bombera.cz\\\/podlahy\\\/detske-kusove-koberce\\\/#primaryimage\"},\"image\":{\"@id\":\"https:\\\/\\\/petr-bombera.cz\\\/podlahy\\\/detske-kusove-koberce\\\/#primaryimage\"},\"thumbnailUrl\":\"https:\\\/\\\/petr-bombera.cz\\\/podlahy\\\/wp-content\\\/uploads\\\/2022\\\/06\\\/koberec-jasper-kids-22725-955-ruzovy-1-150x150.jpg\",\"datePublished\":\"2022-06-13T14:22:45+00:00\",\"dateModified\":\"2022-09-06T09:02:06+00:00\",\"breadcrumb\":{\"@id\":\"https:\\\/\\\/petr-bombera.cz\\\/podlahy\\\/detske-kusove-koberce\\\/#breadcrumb\"},\"inLanguage\":\"cs\",\"potentialAction\":[{\"@type\":\"ReadAction\",\"target\":[\"https:\\\/\\\/petr-bombera.cz\\\/podlahy\\\/detske-kusove-koberce\\\/\"]}]},{\"@type\":\"ImageObject\",\"inLanguage\":\"cs\",\"@id\":\"https:\\\/\\\/petr-bombera.cz\\\/podlahy\\\/detske-kusove-koberce\\\/#primaryimage\",\"url\":\"https:\\\/\\\/petr-bombera.cz\\\/podlahy\\\/wp-content\\\/uploads\\\/2022\\\/06\\\/koberec-jasper-kids-22725-955-ruzovy-1.jpg\",\"contentUrl\":\"https:\\\/\\\/petr-bombera.cz\\\/podlahy\\\/wp-content\\\/uploads\\\/2022\\\/06\\\/koberec-jasper-kids-22725-955-ruzovy-1.jpg\",\"width\":1000,\"height\":1000},{\"@type\":\"BreadcrumbList\",\"@id\":\"https:\\\/\\\/petr-bombera.cz\\\/podlahy\\\/detske-kusove-koberce\\\/#breadcrumb\",\"itemListElement\":[{\"@type\":\"ListItem\",\"position\":1,\"name\":\"Dom\u016f\",\"item\":\"https:\\\/\\\/petr-bombera.cz\\\/podlahy\\\/\"},{\"@type\":\"ListItem\",\"position\":2,\"name\":\"D\u011btsk\u00e9 kusov\u00e9 koberce\"}]},{\"@type\":\"WebSite\",\"@id\":\"https:\\\/\\\/petr-bombera.cz\\\/podlahy\\\/#website\",\"url\":\"https:\\\/\\\/petr-bombera.cz\\\/podlahy\\\/\",\"name\":\"Podlahy Bombera\",\"description\":\"Podlahov\u00e9 studio Petr Bombera\",\"alternateName\":\"Podlahy Petr Bombera\",\"potentialAction\":[{\"@type\":\"SearchAction\",\"target\":{\"@type\":\"EntryPoint\",\"urlTemplate\":\"https:\\\/\\\/petr-bombera.cz\\\/podlahy\\\/?s={search_term_string}\"},\"query-input\":{\"@type\":\"PropertyValueSpecification\",\"valueRequired\":true,\"valueName\":\"search_term_string\"}}],\"inLanguage\":\"cs\"}]}<\/script>\n<!-- \/ Yoast SEO plugin. -->","yoast_head_json":{"title":"D\u011btsk\u00e9 kusov\u00e9 koberce &#8211; Podlahy Bombera","robots":{"index":"index","follow":"follow","max-snippet":"max-snippet:-1","max-image-preview":"max-image-preview:large","max-video-preview":"max-video-preview:-1"},"canonical":"https:\/\/petr-bombera.cz\/podlahy\/detske-kusove-koberce\/","og_locale":"cs_CZ","og_type":"article","og_title":"D\u011btsk\u00e9 kusov\u00e9 koberce &#8211; Podlahy Bombera","og_description":"D\u011btsk\u00e9 kusov\u00e9 koberce Jasper Materi\u00e1l: 100% polypropylen V\u00fd\u0161ka vlasu: 12mm Celkov\u00e1 v\u00e1ha: 2500g\/m2 Rozm\u011bry: 80&#215;150 cm, 120&#215;170 cm, 140&#215;200 cm, 160&#215;230 cm, 200&#215;290 cm 21620-760 b\u00e9\u017eov\u00fd 21903-110 multi 22725-955 r\u016f\u017eov\u00fd","og_url":"https:\/\/petr-bombera.cz\/podlahy\/detske-kusove-koberce\/","og_site_name":"Podlahy Bombera","article_publisher":"https:\/\/www.facebook.com\/profile.php?id=100011731498254","article_modified_time":"2022-09-06T09:02:06+00:00","og_image":[{"url":"https:\/\/petr-bombera.cz\/podlahy\/wp-content\/uploads\/2022\/06\/koberec-jasper-kids-22725-955-ruzovy-1-150x150.jpg","type":"","width":"","height":""}],"twitter_card":"summary_large_image","twitter_misc":{"Odhadovan\u00e1 doba \u010dten\u00ed":"1 minuta"},"schema":{"@context":"https:\/\/schema.org","@graph":[{"@type":"WebPage","@id":"https:\/\/petr-bombera.cz\/podlahy\/detske-kusove-koberce\/","url":"https:\/\/petr-bombera.cz\/podlahy\/detske-kusove-koberce\/","name":"D\u011btsk\u00e9 kusov\u00e9 koberce &#8211; Podlahy Bombera","isPartOf":{"@id":"https:\/\/petr-bombera.cz\/podlahy\/#website"},"primaryImageOfPage":{"@id":"https:\/\/petr-bombera.cz\/podlahy\/detske-kusove-koberce\/#primaryimage"},"image":{"@id":"https:\/\/petr-bombera.cz\/podlahy\/detske-kusove-koberce\/#primaryimage"},"thumbnailUrl":"https:\/\/petr-bombera.cz\/podlahy\/wp-content\/uploads\/2022\/06\/koberec-jasper-kids-22725-955-ruzovy-1-150x150.jpg","datePublished":"2022-06-13T14:22:45+00:00","dateModified":"2022-09-06T09:02:06+00:00","breadcrumb":{"@id":"https:\/\/petr-bombera.cz\/podlahy\/detske-kusove-koberce\/#breadcrumb"},"inLanguage":"cs","potentialAction":[{"@type":"ReadAction","target":["https:\/\/petr-bombera.cz\/podlahy\/detske-kusove-koberce\/"]}]},{"@type":"ImageObject","inLanguage":"cs","@id":"https:\/\/petr-bombera.cz\/podlahy\/detske-kusove-koberce\/#primaryimage","url":"https:\/\/petr-bombera.cz\/podlahy\/wp-content\/uploads\/2022\/06\/koberec-jasper-kids-22725-955-ruzovy-1.jpg","contentUrl":"https:\/\/petr-bombera.cz\/podlahy\/wp-content\/uploads\/2022\/06\/koberec-jasper-kids-22725-955-ruzovy-1.jpg","width":1000,"height":1000},{"@type":"BreadcrumbList","@id":"https:\/\/petr-bombera.cz\/podlahy\/detske-kusove-koberce\/#breadcrumb","itemListElement":[{"@type":"ListItem","position":1,"name":"Dom\u016f","item":"https:\/\/petr-bombera.cz\/podlahy\/"},{"@type":"ListItem","position":2,"name":"D\u011btsk\u00e9 kusov\u00e9 koberce"}]},{"@type":"WebSite","@id":"https:\/\/petr-bombera.cz\/podlahy\/#website","url":"https:\/\/petr-bombera.cz\/podlahy\/","name":"Podlahy Bombera","description":"Podlahov\u00e9 studio Petr Bombera","alternateName":"Podlahy Petr Bombera","potentialAction":[{"@type":"SearchAction","target":{"@type":"EntryPoint","urlTemplate":"https:\/\/petr-bombera.cz\/podlahy\/?s={search_term_string}"},"query-input":{"@type":"PropertyValueSpecification","valueRequired":true,"valueName":"search_term_string"}}],"inLanguage":"cs"}]}},"_links":{"self":[{"href":"https:\/\/petr-bombera.cz\/podlahy\/wp-json\/wp\/v2\/pages\/2152","targetHints":{"allow":["GET"]}}],"collection":[{"href":"https:\/\/petr-bombera.cz\/podlahy\/wp-json\/wp\/v2\/pages"}],"about":[{"href":"https:\/\/petr-bombera.cz\/podlahy\/wp-json\/wp\/v2\/types\/page"}],"author":[{"embeddable":true,"href":"https:\/\/petr-bombera.cz\/podlahy\/wp-json\/wp\/v2\/users\/1"}],"replies":[{"embeddable":true,"href":"https:\/\/petr-bombera.cz\/podlahy\/wp-json\/wp\/v2\/comments?post=2152"}],"version-history":[{"count":25,"href":"https:\/\/petr-bombera.cz\/podlahy\/wp-json\/wp\/v2\/pages\/2152\/revisions"}],"predecessor-version":[{"id":4794,"href":"https:\/\/petr-bombera.cz\/podlahy\/wp-json\/wp\/v2\/pages\/2152\/revisions\/4794"}],"wp:attachment":[{"href":"https:\/\/petr-bombera.cz\/podlahy\/wp-json\/wp\/v2\/media?parent=2152"}],"curies":[{"name":"wp","href":"https:\/\/api.w.org\/{rel}","templated":true}]}}