{"id":2117,"date":"2022-06-13T10:45:11","date_gmt":"2022-06-13T08:45:11","guid":{"rendered":"https:\/\/petr-bombera.cz\/podlahy\/?page_id=2117"},"modified":"2022-09-06T11:36:58","modified_gmt":"2022-09-06T09:36:58","slug":"vinylove-podlahy","status":"publish","type":"page","link":"https:\/\/petr-bombera.cz\/podlahy\/vinylove-podlahy\/","title":{"rendered":"Vinylov\u00e9 podlahy"},"content":{"rendered":"\t\t<div data-elementor-type=\"wp-page\" data-elementor-id=\"2117\" class=\"elementor elementor-2117\">\n\t\t\t\t\t\t<section class=\"elementor-section elementor-top-section elementor-element elementor-element-a586bc4 elementor-section-boxed elementor-section-height-default elementor-section-height-default\" data-id=\"a586bc4\" data-element_type=\"section\" data-e-type=\"section\" data-settings=\"{&quot;background_background&quot;:&quot;classic&quot;}\">\n\t\t\t\t\t\t<div class=\"elementor-container elementor-column-gap-default\">\n\t\t\t\t\t<div class=\"elementor-column elementor-col-100 elementor-top-column elementor-element elementor-element-6291290\" data-id=\"6291290\" data-element_type=\"column\" data-e-type=\"column\">\n\t\t\t<div class=\"elementor-widget-wrap elementor-element-populated\">\n\t\t\t\t\t\t<div class=\"elementor-element elementor-element-ee5b77e elementor-widget elementor-widget-heading\" data-id=\"ee5b77e\" data-element_type=\"widget\" data-e-type=\"widget\" data-widget_type=\"heading.default\">\n\t\t\t\t<div class=\"elementor-widget-container\">\n\t\t\t\t\t<h2 class=\"elementor-heading-title elementor-size-default\">Vinylov\u00e9 podlahy<\/h2>\t\t\t\t<\/div>\n\t\t\t\t<\/div>\n\t\t\t\t<div class=\"elementor-element elementor-element-2d6cacf elementor-widget elementor-widget-text-editor\" data-id=\"2d6cacf\" data-element_type=\"widget\" data-e-type=\"widget\" data-widget_type=\"text-editor.default\">\n\t\t\t\t<div class=\"elementor-widget-container\">\n\t\t\t\t\t\t\t\t\t<p>Vinylov\u00e9 podlahy jsou nejen\u00a0odoln\u00e9 a komfortn\u00ed, ale tak\u00e9 m\u011bkk\u00e9 a tepl\u00e9 na do\u0161lap. Chcete-li\u00a0teplej\u0161\u00ed podlahu, m\u016f\u017eete pod ni p\u0159idat podlahov\u00e9 vyt\u00e1p\u011bn\u00ed, kter\u00e9 v\u00e1m zaru\u010d\u00ed 100% teplo od noh. Vinyl je obl\u00edben\u00fd pro jeho snadnou \u00fadr\u017ebu\u00a0a d\u00edky vod\u011bodoln\u00e9 variant\u011b\u00a0se hod\u00ed do v\u0161ech m\u00edstnost\u00ed ve va\u0161em dom\u011b \u010di byt\u011b. V\u00fdb\u011br dekor\u016f se m\u016f\u017ee zd\u00e1t t\u00e9m\u011b\u0159 nekone\u010dn\u00fd, vinyl krom\u011b vzhledu d\u0159eva nab\u00edz\u00ed tak\u00e9 vzhled kamene \u010di d\u0159eva.<\/p><p>Vinylov\u00e9 podlahy se prod\u00e1vaj\u00ed ve t\u0159ech proveden\u00edch,\u00a0lepen\u00e9, clic a multilayer. Mimo jin\u00e9 se tak\u00e9 vyr\u00e1b\u00ed v n\u011bkolika variant\u00e1ch z\u00e1t\u011b\u017ee podle toho, kde je podlaha polo\u017een\u00e1 &#8211; zda v chodb\u011b nebo nap\u0159\u00edklad v lo\u017enici. Pod lepen\u00fd vinyl se jako poklad pou\u017e\u00edv\u00e1 nivela\u010dn\u00ed st\u011brka. Podlahy se syst\u00e9mem \u201eclick\u201c sta\u010d\u00ed podlo\u017eit anhydritem \u2013 POZOR anhydrit i beton mus\u00ed b\u00fdt velmi p\u0159esn\u011b vyrovnan\u00fd. Tomu dopom\u016f\u017ee fixa\u010dn\u00ed podlo\u017eka, kterou najdete v nab\u00eddce ka\u017ed\u00e9ho v\u00fdrobce podlahov\u00fdch krytin.\u00a0V\u00edcevrstv\u00e9 vinylov\u00e9 podlahy multilayer podlo\u017eku nepot\u0159ebuj\u00ed, proto\u017ee jej\u00ed funkci pln\u00ed spodn\u00ed korek.\u00a0Jako u ka\u017ed\u00e9 podlahy je i u vinylu d\u016fle\u017eit\u00e9 kl\u00e1st d\u016fraz na\u00a0spr\u00e1vnou pokl\u00e1dku. \u00a0Jedin\u011b tak bude podlaha pln\u011b funk\u010dn\u00ed, dlouho vydr\u017e\u00ed a u\u017eijete si jej\u00ed vlastnosti.<\/p>\t\t\t\t\t\t\t\t<\/div>\n\t\t\t\t<\/div>\n\t\t\t\t\t<\/div>\n\t\t<\/div>\n\t\t\t\t\t<\/div>\n\t\t<\/section>\n\t\t\t\t<section class=\"elementor-section elementor-top-section elementor-element elementor-element-9c99fa1 elementor-section-boxed elementor-section-height-default elementor-section-height-default\" data-id=\"9c99fa1\" data-element_type=\"section\" data-e-type=\"section\">\n\t\t\t\t\t\t<div class=\"elementor-container elementor-column-gap-default\">\n\t\t\t\t\t<div class=\"elementor-column elementor-col-25 elementor-top-column elementor-element elementor-element-ec7651b\" data-id=\"ec7651b\" data-element_type=\"column\" data-e-type=\"column\">\n\t\t\t<div class=\"elementor-widget-wrap\">\n\t\t\t\t\t\t\t<\/div>\n\t\t<\/div>\n\t\t\t\t<div class=\"elementor-column elementor-col-25 elementor-top-column elementor-element elementor-element-3312d89\" data-id=\"3312d89\" data-element_type=\"column\" data-e-type=\"column\">\n\t\t\t<div class=\"elementor-widget-wrap elementor-element-populated\">\n\t\t\t\t\t\t<div class=\"elementor-element elementor-element-74b1280 elementor-view-default elementor-position-block-start elementor-mobile-position-block-start elementor-widget elementor-widget-icon-box\" data-id=\"74b1280\" data-element_type=\"widget\" data-e-type=\"widget\" data-widget_type=\"icon-box.default\">\n\t\t\t\t<div class=\"elementor-widget-container\">\n\t\t\t\t\t\t\t<div class=\"elementor-icon-box-wrapper\">\n\n\t\t\t\t\t\t<div class=\"elementor-icon-box-icon\">\n\t\t\t\t<a href=\"https:\/\/petr-bombera.cz\/podlahy\/lepeny\/\" class=\"elementor-icon\" tabindex=\"-1\" aria-label=\"Lepen\u00e9\">\n\t\t\t\t<i aria-hidden=\"true\" class=\"fas fa-stream\"><\/i>\t\t\t\t<\/a>\n\t\t\t<\/div>\n\t\t\t\n\t\t\t\t\t\t<div class=\"elementor-icon-box-content\">\n\n\t\t\t\t\t\t\t\t\t<h3 class=\"elementor-icon-box-title\">\n\t\t\t\t\t\t<a href=\"https:\/\/petr-bombera.cz\/podlahy\/lepeny\/\" >\n\t\t\t\t\t\t\tLepen\u00e9\t\t\t\t\t\t<\/a>\n\t\t\t\t\t<\/h3>\n\t\t\t\t\n\t\t\t\t\n\t\t\t<\/div>\n\t\t\t\n\t\t<\/div>\n\t\t\t\t\t\t<\/div>\n\t\t\t\t<\/div>\n\t\t\t\t\t<\/div>\n\t\t<\/div>\n\t\t\t\t<div class=\"elementor-column elementor-col-25 elementor-top-column elementor-element elementor-element-4fc5f4d\" data-id=\"4fc5f4d\" data-element_type=\"column\" data-e-type=\"column\">\n\t\t\t<div class=\"elementor-widget-wrap elementor-element-populated\">\n\t\t\t\t\t\t<div class=\"elementor-element elementor-element-cf9886f elementor-view-default elementor-position-block-start elementor-mobile-position-block-start elementor-widget elementor-widget-icon-box\" data-id=\"cf9886f\" data-element_type=\"widget\" data-e-type=\"widget\" data-widget_type=\"icon-box.default\">\n\t\t\t\t<div class=\"elementor-widget-container\">\n\t\t\t\t\t\t\t<div class=\"elementor-icon-box-wrapper\">\n\n\t\t\t\t\t\t<div class=\"elementor-icon-box-icon\">\n\t\t\t\t<a href=\"https:\/\/petr-bombera.cz\/podlahy\/clic\/\" class=\"elementor-icon\" tabindex=\"-1\" aria-label=\"Clic\">\n\t\t\t\t<i aria-hidden=\"true\" class=\"fas fa-shekel-sign\"><\/i>\t\t\t\t<\/a>\n\t\t\t<\/div>\n\t\t\t\n\t\t\t\t\t\t<div class=\"elementor-icon-box-content\">\n\n\t\t\t\t\t\t\t\t\t<h3 class=\"elementor-icon-box-title\">\n\t\t\t\t\t\t<a href=\"https:\/\/petr-bombera.cz\/podlahy\/clic\/\" >\n\t\t\t\t\t\t\tClic\t\t\t\t\t\t<\/a>\n\t\t\t\t\t<\/h3>\n\t\t\t\t\n\t\t\t\t\n\t\t\t<\/div>\n\t\t\t\n\t\t<\/div>\n\t\t\t\t\t\t<\/div>\n\t\t\t\t<\/div>\n\t\t\t\t\t<\/div>\n\t\t<\/div>\n\t\t\t\t<div class=\"elementor-column elementor-col-25 elementor-top-column elementor-element elementor-element-5799a82\" data-id=\"5799a82\" data-element_type=\"column\" data-e-type=\"column\">\n\t\t\t<div class=\"elementor-widget-wrap\">\n\t\t\t\t\t\t\t<\/div>\n\t\t<\/div>\n\t\t\t\t\t<\/div>\n\t\t<\/section>\n\t\t\t\t<section class=\"elementor-section elementor-top-section elementor-element elementor-element-a2098b6 elementor-section-boxed elementor-section-height-default elementor-section-height-default\" data-id=\"a2098b6\" data-element_type=\"section\" data-e-type=\"section\">\n\t\t\t\t\t\t<div class=\"elementor-container elementor-column-gap-default\">\n\t\t\t\t\t<div class=\"elementor-column elementor-col-100 elementor-top-column elementor-element elementor-element-ebfe68e\" data-id=\"ebfe68e\" data-element_type=\"column\" data-e-type=\"column\">\n\t\t\t<div class=\"elementor-widget-wrap elementor-element-populated\">\n\t\t\t\t\t\t<div class=\"elementor-element elementor-element-0880172 elementor-arrows-position-outside elementor-pagination-position-outside elementor-widget elementor-widget-image-carousel\" data-id=\"0880172\" data-element_type=\"widget\" data-e-type=\"widget\" data-settings=\"{&quot;slides_to_show&quot;:&quot;3&quot;,&quot;autoplay_speed&quot;:4500,&quot;image_spacing_custom&quot;:{&quot;unit&quot;:&quot;px&quot;,&quot;size&quot;:10,&quot;sizes&quot;:[]},&quot;_animation&quot;:&quot;none&quot;,&quot;navigation&quot;:&quot;both&quot;,&quot;autoplay&quot;:&quot;yes&quot;,&quot;pause_on_hover&quot;:&quot;yes&quot;,&quot;pause_on_interaction&quot;:&quot;yes&quot;,&quot;infinite&quot;:&quot;yes&quot;,&quot;speed&quot;:500,&quot;image_spacing_custom_tablet&quot;:{&quot;unit&quot;:&quot;px&quot;,&quot;size&quot;:&quot;&quot;,&quot;sizes&quot;:[]},&quot;image_spacing_custom_mobile&quot;:{&quot;unit&quot;:&quot;px&quot;,&quot;size&quot;:&quot;&quot;,&quot;sizes&quot;:[]}}\" data-widget_type=\"image-carousel.default\">\n\t\t\t\t<div class=\"elementor-widget-container\">\n\t\t\t\t\t\t\t<div class=\"elementor-image-carousel-wrapper swiper\" role=\"region\" aria-roledescription=\"carousel\" aria-label=\"Obr\u00e1zkov\u00fd koloto\u010d\" dir=\"ltr\">\n\t\t\t<div class=\"elementor-image-carousel swiper-wrapper\" aria-live=\"off\">\n\t\t\t\t\t\t\t\t<div class=\"swiper-slide\" role=\"group\" aria-roledescription=\"slide\" aria-label=\"1 z 5\"><figure class=\"swiper-slide-inner\"><img decoding=\"async\" class=\"swiper-slide-image\" src=\"https:\/\/petr-bombera.cz\/podlahy\/wp-content\/uploads\/2022\/08\/vinyl1-300x200.jpeg\" alt=\"vinyl1\" \/><\/figure><\/div><div class=\"swiper-slide\" role=\"group\" aria-roledescription=\"slide\" aria-label=\"2 z 5\"><figure class=\"swiper-slide-inner\"><img decoding=\"async\" class=\"swiper-slide-image\" src=\"https:\/\/petr-bombera.cz\/podlahy\/wp-content\/uploads\/2022\/08\/vinyl2-300x210.jpg\" alt=\"vinyl2\" \/><\/figure><\/div><div class=\"swiper-slide\" role=\"group\" aria-roledescription=\"slide\" aria-label=\"3 z 5\"><figure class=\"swiper-slide-inner\"><img decoding=\"async\" class=\"swiper-slide-image\" src=\"https:\/\/petr-bombera.cz\/podlahy\/wp-content\/uploads\/2022\/08\/vinyl3-300x255.jpg\" alt=\"vinyl3\" \/><\/figure><\/div><div class=\"swiper-slide\" role=\"group\" aria-roledescription=\"slide\" aria-label=\"4 z 5\"><figure class=\"swiper-slide-inner\"><img decoding=\"async\" class=\"swiper-slide-image\" src=\"https:\/\/petr-bombera.cz\/podlahy\/wp-content\/uploads\/2022\/08\/vinyl4-300x180.jpg\" alt=\"vinyl4\" \/><\/figure><\/div><div class=\"swiper-slide\" role=\"group\" aria-roledescription=\"slide\" aria-label=\"5 z 5\"><figure class=\"swiper-slide-inner\"><img decoding=\"async\" class=\"swiper-slide-image\" src=\"https:\/\/petr-bombera.cz\/podlahy\/wp-content\/uploads\/2022\/08\/vinyl7-300x210.jpg\" alt=\"vinyl7\" \/><\/figure><\/div>\t\t\t<\/div>\n\t\t\t\t\t\t\t\t\t\t\t\t<div class=\"elementor-swiper-button elementor-swiper-button-prev\" role=\"button\" tabindex=\"0\">\n\t\t\t\t\t\t<i aria-hidden=\"true\" class=\"eicon-chevron-left\"><\/i>\t\t\t\t\t<\/div>\n\t\t\t\t\t<div class=\"elementor-swiper-button elementor-swiper-button-next\" role=\"button\" tabindex=\"0\">\n\t\t\t\t\t\t<i aria-hidden=\"true\" class=\"eicon-chevron-right\"><\/i>\t\t\t\t\t<\/div>\n\t\t\t\t\n\t\t\t\t\t\t\t\t\t<div class=\"swiper-pagination\"><\/div>\n\t\t\t\t\t\t\t\t\t<\/div>\n\t\t\t\t\t\t<\/div>\n\t\t\t\t<\/div>\n\t\t\t\t\t<\/div>\n\t\t<\/div>\n\t\t\t\t\t<\/div>\n\t\t<\/section>\n\t\t\t\t<\/div>\n\t\t","protected":false},"excerpt":{"rendered":"<p>Vinylov\u00e9 podlahy Vinylov\u00e9 podlahy jsou nejen\u00a0odoln\u00e9 a komfortn\u00ed, ale tak\u00e9 m\u011bkk\u00e9 a tepl\u00e9 na do\u0161lap. Chcete-li\u00a0teplej\u0161\u00ed podlahu, m\u016f\u017eete pod ni p\u0159idat podlahov\u00e9 vyt\u00e1p\u011bn\u00ed, kter\u00e9 v\u00e1m zaru\u010d\u00ed 100% teplo od noh. Vinyl je obl\u00edben\u00fd pro jeho snadnou \u00fadr\u017ebu\u00a0a d\u00edky vod\u011bodoln\u00e9 variant\u011b\u00a0se hod\u00ed do v\u0161ech m\u00edstnost\u00ed ve va\u0161em dom\u011b \u010di byt\u011b. V\u00fdb\u011br dekor\u016f se m\u016f\u017ee zd\u00e1t t\u00e9m\u011b\u0159 [&hellip;]<\/p>\n","protected":false},"author":1,"featured_media":0,"parent":0,"menu_order":0,"comment_status":"closed","ping_status":"closed","template":"","meta":{"site-sidebar-layout":"no-sidebar","site-content-layout":"page-builder","ast-site-content-layout":"default","site-content-style":"default","site-sidebar-style":"default","ast-global-header-display":"","ast-banner-title-visibility":"","ast-main-header-display":"","ast-hfb-above-header-display":"","ast-hfb-below-header-display":"","ast-hfb-mobile-header-display":"","site-post-title":"disabled","ast-breadcrumbs-content":"","ast-featured-img":"disabled","footer-sml-layout":"","ast-disable-related-posts":"","theme-transparent-header-meta":"","adv-header-id-meta":"","stick-header-meta":"","header-above-stick-meta":"","header-main-stick-meta":"","header-below-stick-meta":"","astra-migrate-meta-layouts":"default","ast-page-background-enabled":"default","ast-page-background-meta":{"desktop":{"background-color":"var(--ast-global-color-4)","background-image":"","background-repeat":"repeat","background-position":"center center","background-size":"auto","background-attachment":"scroll","background-type":"","background-media":"","overlay-type":"","overlay-color":"","overlay-opacity":"","overlay-gradient":""},"tablet":{"background-color":"","background-image":"","background-repeat":"repeat","background-position":"center center","background-size":"auto","background-attachment":"scroll","background-type":"","background-media":"","overlay-type":"","overlay-color":"","overlay-opacity":"","overlay-gradient":""},"mobile":{"background-color":"","background-image":"","background-repeat":"repeat","background-position":"center center","background-size":"auto","background-attachment":"scroll","background-type":"","background-media":"","overlay-type":"","overlay-color":"","overlay-opacity":"","overlay-gradient":""}},"ast-content-background-meta":{"desktop":{"background-color":"var(--ast-global-color-5)","background-image":"","background-repeat":"repeat","background-position":"center center","background-size":"auto","background-attachment":"scroll","background-type":"","background-media":"","overlay-type":"","overlay-color":"","overlay-opacity":"","overlay-gradient":""},"tablet":{"background-color":"var(--ast-global-color-5)","background-image":"","background-repeat":"repeat","background-position":"center center","background-size":"auto","background-attachment":"scroll","background-type":"","background-media":"","overlay-type":"","overlay-color":"","overlay-opacity":"","overlay-gradient":""},"mobile":{"background-color":"var(--ast-global-color-5)","background-image":"","background-repeat":"repeat","background-position":"center center","background-size":"auto","background-attachment":"scroll","background-type":"","background-media":"","overlay-type":"","overlay-color":"","overlay-opacity":"","overlay-gradient":""}},"footnotes":""},"class_list":["post-2117","page","type-page","status-publish","hentry"],"yoast_head":"<!-- This site is optimized with the Yoast SEO plugin v27.5 - https:\/\/yoast.com\/product\/yoast-seo-wordpress\/ -->\n<title>Vinylov\u00e9 podlahy &#8211; Podlahy Bombera<\/title>\n<meta name=\"robots\" content=\"index, follow, max-snippet:-1, max-image-preview:large, max-video-preview:-1\" \/>\n<link rel=\"canonical\" href=\"https:\/\/petr-bombera.cz\/podlahy\/vinylove-podlahy\/\" \/>\n<meta property=\"og:locale\" content=\"cs_CZ\" \/>\n<meta property=\"og:type\" content=\"article\" \/>\n<meta property=\"og:title\" content=\"Vinylov\u00e9 podlahy &#8211; Podlahy Bombera\" \/>\n<meta property=\"og:description\" content=\"Vinylov\u00e9 podlahy Vinylov\u00e9 podlahy jsou nejen\u00a0odoln\u00e9 a komfortn\u00ed, ale tak\u00e9 m\u011bkk\u00e9 a tepl\u00e9 na do\u0161lap. Chcete-li\u00a0teplej\u0161\u00ed podlahu, m\u016f\u017eete pod ni p\u0159idat podlahov\u00e9 vyt\u00e1p\u011bn\u00ed, kter\u00e9 v\u00e1m zaru\u010d\u00ed 100% teplo od noh. Vinyl je obl\u00edben\u00fd pro jeho snadnou \u00fadr\u017ebu\u00a0a d\u00edky vod\u011bodoln\u00e9 variant\u011b\u00a0se hod\u00ed do v\u0161ech m\u00edstnost\u00ed ve va\u0161em dom\u011b \u010di byt\u011b. V\u00fdb\u011br dekor\u016f se m\u016f\u017ee zd\u00e1t t\u00e9m\u011b\u0159 [&hellip;]\" \/>\n<meta property=\"og:url\" content=\"https:\/\/petr-bombera.cz\/podlahy\/vinylove-podlahy\/\" \/>\n<meta property=\"og:site_name\" content=\"Podlahy Bombera\" \/>\n<meta property=\"article:publisher\" content=\"https:\/\/www.facebook.com\/profile.php?id=100011731498254\" \/>\n<meta property=\"article:modified_time\" content=\"2022-09-06T09:36:58+00:00\" \/>\n<meta property=\"og:image\" content=\"https:\/\/petr-bombera.cz\/podlahy\/wp-content\/uploads\/2022\/08\/vinyl1-300x200.jpeg\" \/>\n<meta name=\"twitter:card\" content=\"summary_large_image\" \/>\n<meta name=\"twitter:label1\" content=\"Odhadovan\u00e1 doba \u010dten\u00ed\" \/>\n\t<meta name=\"twitter:data1\" content=\"4 minuty\" \/>\n<script type=\"application\/ld+json\" class=\"yoast-schema-graph\">{\"@context\":\"https:\\\/\\\/schema.org\",\"@graph\":[{\"@type\":\"WebPage\",\"@id\":\"https:\\\/\\\/petr-bombera.cz\\\/podlahy\\\/vinylove-podlahy\\\/\",\"url\":\"https:\\\/\\\/petr-bombera.cz\\\/podlahy\\\/vinylove-podlahy\\\/\",\"name\":\"Vinylov\u00e9 podlahy &#8211; Podlahy Bombera\",\"isPartOf\":{\"@id\":\"https:\\\/\\\/petr-bombera.cz\\\/podlahy\\\/#website\"},\"primaryImageOfPage\":{\"@id\":\"https:\\\/\\\/petr-bombera.cz\\\/podlahy\\\/vinylove-podlahy\\\/#primaryimage\"},\"image\":{\"@id\":\"https:\\\/\\\/petr-bombera.cz\\\/podlahy\\\/vinylove-podlahy\\\/#primaryimage\"},\"thumbnailUrl\":\"https:\\\/\\\/petr-bombera.cz\\\/podlahy\\\/wp-content\\\/uploads\\\/2022\\\/08\\\/vinyl1-300x200.jpeg\",\"datePublished\":\"2022-06-13T08:45:11+00:00\",\"dateModified\":\"2022-09-06T09:36:58+00:00\",\"breadcrumb\":{\"@id\":\"https:\\\/\\\/petr-bombera.cz\\\/podlahy\\\/vinylove-podlahy\\\/#breadcrumb\"},\"inLanguage\":\"cs\",\"potentialAction\":[{\"@type\":\"ReadAction\",\"target\":[\"https:\\\/\\\/petr-bombera.cz\\\/podlahy\\\/vinylove-podlahy\\\/\"]}]},{\"@type\":\"ImageObject\",\"inLanguage\":\"cs\",\"@id\":\"https:\\\/\\\/petr-bombera.cz\\\/podlahy\\\/vinylove-podlahy\\\/#primaryimage\",\"url\":\"https:\\\/\\\/petr-bombera.cz\\\/podlahy\\\/wp-content\\\/uploads\\\/2022\\\/08\\\/vinyl1.jpeg\",\"contentUrl\":\"https:\\\/\\\/petr-bombera.cz\\\/podlahy\\\/wp-content\\\/uploads\\\/2022\\\/08\\\/vinyl1.jpeg\",\"width\":1280,\"height\":853},{\"@type\":\"BreadcrumbList\",\"@id\":\"https:\\\/\\\/petr-bombera.cz\\\/podlahy\\\/vinylove-podlahy\\\/#breadcrumb\",\"itemListElement\":[{\"@type\":\"ListItem\",\"position\":1,\"name\":\"Dom\u016f\",\"item\":\"https:\\\/\\\/petr-bombera.cz\\\/podlahy\\\/\"},{\"@type\":\"ListItem\",\"position\":2,\"name\":\"Vinylov\u00e9 podlahy\"}]},{\"@type\":\"WebSite\",\"@id\":\"https:\\\/\\\/petr-bombera.cz\\\/podlahy\\\/#website\",\"url\":\"https:\\\/\\\/petr-bombera.cz\\\/podlahy\\\/\",\"name\":\"Podlahy Bombera\",\"description\":\"Podlahov\u00e9 studio Petr Bombera\",\"alternateName\":\"Podlahy Petr Bombera\",\"potentialAction\":[{\"@type\":\"SearchAction\",\"target\":{\"@type\":\"EntryPoint\",\"urlTemplate\":\"https:\\\/\\\/petr-bombera.cz\\\/podlahy\\\/?s={search_term_string}\"},\"query-input\":{\"@type\":\"PropertyValueSpecification\",\"valueRequired\":true,\"valueName\":\"search_term_string\"}}],\"inLanguage\":\"cs\"}]}<\/script>\n<!-- \/ Yoast SEO plugin. -->","yoast_head_json":{"title":"Vinylov\u00e9 podlahy &#8211; Podlahy Bombera","robots":{"index":"index","follow":"follow","max-snippet":"max-snippet:-1","max-image-preview":"max-image-preview:large","max-video-preview":"max-video-preview:-1"},"canonical":"https:\/\/petr-bombera.cz\/podlahy\/vinylove-podlahy\/","og_locale":"cs_CZ","og_type":"article","og_title":"Vinylov\u00e9 podlahy &#8211; Podlahy Bombera","og_description":"Vinylov\u00e9 podlahy Vinylov\u00e9 podlahy jsou nejen\u00a0odoln\u00e9 a komfortn\u00ed, ale tak\u00e9 m\u011bkk\u00e9 a tepl\u00e9 na do\u0161lap. Chcete-li\u00a0teplej\u0161\u00ed podlahu, m\u016f\u017eete pod ni p\u0159idat podlahov\u00e9 vyt\u00e1p\u011bn\u00ed, kter\u00e9 v\u00e1m zaru\u010d\u00ed 100% teplo od noh. Vinyl je obl\u00edben\u00fd pro jeho snadnou \u00fadr\u017ebu\u00a0a d\u00edky vod\u011bodoln\u00e9 variant\u011b\u00a0se hod\u00ed do v\u0161ech m\u00edstnost\u00ed ve va\u0161em dom\u011b \u010di byt\u011b. V\u00fdb\u011br dekor\u016f se m\u016f\u017ee zd\u00e1t t\u00e9m\u011b\u0159 [&hellip;]","og_url":"https:\/\/petr-bombera.cz\/podlahy\/vinylove-podlahy\/","og_site_name":"Podlahy Bombera","article_publisher":"https:\/\/www.facebook.com\/profile.php?id=100011731498254","article_modified_time":"2022-09-06T09:36:58+00:00","og_image":[{"url":"https:\/\/petr-bombera.cz\/podlahy\/wp-content\/uploads\/2022\/08\/vinyl1-300x200.jpeg","type":"","width":"","height":""}],"twitter_card":"summary_large_image","twitter_misc":{"Odhadovan\u00e1 doba \u010dten\u00ed":"4 minuty"},"schema":{"@context":"https:\/\/schema.org","@graph":[{"@type":"WebPage","@id":"https:\/\/petr-bombera.cz\/podlahy\/vinylove-podlahy\/","url":"https:\/\/petr-bombera.cz\/podlahy\/vinylove-podlahy\/","name":"Vinylov\u00e9 podlahy &#8211; Podlahy Bombera","isPartOf":{"@id":"https:\/\/petr-bombera.cz\/podlahy\/#website"},"primaryImageOfPage":{"@id":"https:\/\/petr-bombera.cz\/podlahy\/vinylove-podlahy\/#primaryimage"},"image":{"@id":"https:\/\/petr-bombera.cz\/podlahy\/vinylove-podlahy\/#primaryimage"},"thumbnailUrl":"https:\/\/petr-bombera.cz\/podlahy\/wp-content\/uploads\/2022\/08\/vinyl1-300x200.jpeg","datePublished":"2022-06-13T08:45:11+00:00","dateModified":"2022-09-06T09:36:58+00:00","breadcrumb":{"@id":"https:\/\/petr-bombera.cz\/podlahy\/vinylove-podlahy\/#breadcrumb"},"inLanguage":"cs","potentialAction":[{"@type":"ReadAction","target":["https:\/\/petr-bombera.cz\/podlahy\/vinylove-podlahy\/"]}]},{"@type":"ImageObject","inLanguage":"cs","@id":"https:\/\/petr-bombera.cz\/podlahy\/vinylove-podlahy\/#primaryimage","url":"https:\/\/petr-bombera.cz\/podlahy\/wp-content\/uploads\/2022\/08\/vinyl1.jpeg","contentUrl":"https:\/\/petr-bombera.cz\/podlahy\/wp-content\/uploads\/2022\/08\/vinyl1.jpeg","width":1280,"height":853},{"@type":"BreadcrumbList","@id":"https:\/\/petr-bombera.cz\/podlahy\/vinylove-podlahy\/#breadcrumb","itemListElement":[{"@type":"ListItem","position":1,"name":"Dom\u016f","item":"https:\/\/petr-bombera.cz\/podlahy\/"},{"@type":"ListItem","position":2,"name":"Vinylov\u00e9 podlahy"}]},{"@type":"WebSite","@id":"https:\/\/petr-bombera.cz\/podlahy\/#website","url":"https:\/\/petr-bombera.cz\/podlahy\/","name":"Podlahy Bombera","description":"Podlahov\u00e9 studio Petr Bombera","alternateName":"Podlahy Petr Bombera","potentialAction":[{"@type":"SearchAction","target":{"@type":"EntryPoint","urlTemplate":"https:\/\/petr-bombera.cz\/podlahy\/?s={search_term_string}"},"query-input":{"@type":"PropertyValueSpecification","valueRequired":true,"valueName":"search_term_string"}}],"inLanguage":"cs"}]}},"_links":{"self":[{"href":"https:\/\/petr-bombera.cz\/podlahy\/wp-json\/wp\/v2\/pages\/2117","targetHints":{"allow":["GET"]}}],"collection":[{"href":"https:\/\/petr-bombera.cz\/podlahy\/wp-json\/wp\/v2\/pages"}],"about":[{"href":"https:\/\/petr-bombera.cz\/podlahy\/wp-json\/wp\/v2\/types\/page"}],"author":[{"embeddable":true,"href":"https:\/\/petr-bombera.cz\/podlahy\/wp-json\/wp\/v2\/users\/1"}],"replies":[{"embeddable":true,"href":"https:\/\/petr-bombera.cz\/podlahy\/wp-json\/wp\/v2\/comments?post=2117"}],"version-history":[{"count":70,"href":"https:\/\/petr-bombera.cz\/podlahy\/wp-json\/wp\/v2\/pages\/2117\/revisions"}],"predecessor-version":[{"id":4842,"href":"https:\/\/petr-bombera.cz\/podlahy\/wp-json\/wp\/v2\/pages\/2117\/revisions\/4842"}],"wp:attachment":[{"href":"https:\/\/petr-bombera.cz\/podlahy\/wp-json\/wp\/v2\/media?parent=2117"}],"curies":[{"name":"wp","href":"https:\/\/api.w.org\/{rel}","templated":true}]}}