{"id":2060,"date":"2022-06-11T14:25:04","date_gmt":"2022-06-11T12:25:04","guid":{"rendered":"https:\/\/petr-bombera.cz\/podlahy\/?page_id=2060"},"modified":"2022-09-06T11:35:24","modified_gmt":"2022-09-06T09:35:24","slug":"pvc","status":"publish","type":"page","link":"https:\/\/petr-bombera.cz\/podlahy\/pvc\/","title":{"rendered":"PVC"},"content":{"rendered":"\t\t<div data-elementor-type=\"wp-page\" data-elementor-id=\"2060\" class=\"elementor elementor-2060\">\n\t\t\t\t\t\t<section class=\"elementor-section elementor-top-section elementor-element elementor-element-2c77579 elementor-section-boxed elementor-section-height-default elementor-section-height-default\" data-id=\"2c77579\" data-element_type=\"section\" data-e-type=\"section\" data-settings=\"{&quot;background_background&quot;:&quot;classic&quot;}\">\n\t\t\t\t\t\t<div class=\"elementor-container elementor-column-gap-default\">\n\t\t\t\t\t<div class=\"elementor-column elementor-col-100 elementor-top-column elementor-element elementor-element-b58303e\" data-id=\"b58303e\" data-element_type=\"column\" data-e-type=\"column\">\n\t\t\t<div class=\"elementor-widget-wrap elementor-element-populated\">\n\t\t\t\t\t\t<div class=\"elementor-element elementor-element-65980d3 elementor-widget elementor-widget-heading\" data-id=\"65980d3\" data-element_type=\"widget\" data-e-type=\"widget\" data-widget_type=\"heading.default\">\n\t\t\t\t<div class=\"elementor-widget-container\">\n\t\t\t\t\t<h2 class=\"elementor-heading-title elementor-size-default\">Vinylov\u00e9 podlahy m\u011bk\u010den\u00e9 - PVC<\/h2>\t\t\t\t<\/div>\n\t\t\t\t<\/div>\n\t\t\t\t<div class=\"elementor-element elementor-element-5a0b56c elementor-widget elementor-widget-text-editor\" data-id=\"5a0b56c\" data-element_type=\"widget\" data-e-type=\"widget\" data-widget_type=\"text-editor.default\">\n\t\t\t\t<div class=\"elementor-widget-container\">\n\t\t\t\t\t\t\t\t\t<p>PVC nebo cel\u00fdm n\u00e1zvem polyvinylchlorid se n\u011bkdy plete s\u00a0vinylem, kter\u00fd tak\u00e9 pat\u0159\u00ed mezi obl\u00edben\u00e9 krytiny. A\u00a0nen\u00ed tomu tak n\u00e1hodou, jsou si vlastn\u011b velmi podobn\u00e9, jenom\u017ee zat\u00edmco vinyl\u00a0je tvrzen\u00fd, PVC je m\u011bk\u010den\u00e9. Proto ho tak\u00e9 koup\u00edte v\u00a0rol\u00edch.<\/p><p>Na\u00a0trhu najdete mnoho r\u016fzn\u00fdch \u0161\u00ed\u0159ek, d\u00edky \u010demu\u017e m\u016f\u017eete eliminovat spoje a\u00a0podlaha z\u00edsk\u00e1 celistv\u00fd vzhled. Pokl\u00e1dka je t\u00edm p\u00e1dem jednoduch\u00e1, doporu\u010duje se ale p\u0159enechat ji odborn\u00edk\u016fm, proto\u017ee se\u00a0mus\u00ed\u00a0prov\u00e9st na\u00a0dokonale rovnou a\u00a0hladkou podlahu vylitou nivela\u010dn\u00ed st\u011brkou.<\/p>\t\t\t\t\t\t\t\t<\/div>\n\t\t\t\t<\/div>\n\t\t\t\t\t<\/div>\n\t\t<\/div>\n\t\t\t\t\t<\/div>\n\t\t<\/section>\n\t\t\t\t<section class=\"elementor-section elementor-top-section elementor-element elementor-element-88ab968 elementor-section-boxed elementor-section-height-default elementor-section-height-default\" data-id=\"88ab968\" data-element_type=\"section\" data-e-type=\"section\">\n\t\t\t\t\t\t<div class=\"elementor-container elementor-column-gap-default\">\n\t\t\t\t\t<div class=\"elementor-column elementor-col-50 elementor-top-column elementor-element elementor-element-1dd0349\" data-id=\"1dd0349\" data-element_type=\"column\" data-e-type=\"column\">\n\t\t\t<div class=\"elementor-widget-wrap elementor-element-populated\">\n\t\t\t\t\t\t<div class=\"elementor-element elementor-element-68cd7fe elementor-view-default elementor-position-block-start elementor-mobile-position-block-start elementor-widget elementor-widget-icon-box\" data-id=\"68cd7fe\" data-element_type=\"widget\" data-e-type=\"widget\" data-widget_type=\"icon-box.default\">\n\t\t\t\t<div class=\"elementor-widget-container\">\n\t\t\t\t\t\t\t<div class=\"elementor-icon-box-wrapper\">\n\n\t\t\t\t\t\t<div class=\"elementor-icon-box-icon\">\n\t\t\t\t<a href=\"https:\/\/petr-bombera.cz\/podlahy\/bytove-pvc\/\" class=\"elementor-icon\" tabindex=\"-1\" aria-label=\"Bytov\u00e9 PVC\">\n\t\t\t\t<i aria-hidden=\"true\" class=\"fas fa-tape\"><\/i>\t\t\t\t<\/a>\n\t\t\t<\/div>\n\t\t\t\n\t\t\t\t\t\t<div class=\"elementor-icon-box-content\">\n\n\t\t\t\t\t\t\t\t\t<h3 class=\"elementor-icon-box-title\">\n\t\t\t\t\t\t<a href=\"https:\/\/petr-bombera.cz\/podlahy\/bytove-pvc\/\" >\n\t\t\t\t\t\t\tBytov\u00e9 PVC\t\t\t\t\t\t<\/a>\n\t\t\t\t\t<\/h3>\n\t\t\t\t\n\t\t\t\t\n\t\t\t<\/div>\n\t\t\t\n\t\t<\/div>\n\t\t\t\t\t\t<\/div>\n\t\t\t\t<\/div>\n\t\t\t\t\t<\/div>\n\t\t<\/div>\n\t\t\t\t<div class=\"elementor-column elementor-col-50 elementor-top-column elementor-element elementor-element-f02aaa8\" data-id=\"f02aaa8\" data-element_type=\"column\" data-e-type=\"column\">\n\t\t\t<div class=\"elementor-widget-wrap elementor-element-populated\">\n\t\t\t\t\t\t<div class=\"elementor-element elementor-element-c2bc387 elementor-view-default elementor-position-block-start elementor-mobile-position-block-start elementor-widget elementor-widget-icon-box\" data-id=\"c2bc387\" data-element_type=\"widget\" data-e-type=\"widget\" data-widget_type=\"icon-box.default\">\n\t\t\t\t<div class=\"elementor-widget-container\">\n\t\t\t\t\t\t\t<div class=\"elementor-icon-box-wrapper\">\n\n\t\t\t\t\t\t<div class=\"elementor-icon-box-icon\">\n\t\t\t\t<a href=\"https:\/\/petr-bombera.cz\/podlahy\/objektove-pvc\/\" class=\"elementor-icon\" tabindex=\"-1\" aria-label=\"Objektov\u00e9 PVC\">\n\t\t\t\t<i aria-hidden=\"true\" class=\"fas fa-tape\"><\/i>\t\t\t\t<\/a>\n\t\t\t<\/div>\n\t\t\t\n\t\t\t\t\t\t<div class=\"elementor-icon-box-content\">\n\n\t\t\t\t\t\t\t\t\t<h3 class=\"elementor-icon-box-title\">\n\t\t\t\t\t\t<a href=\"https:\/\/petr-bombera.cz\/podlahy\/objektove-pvc\/\" >\n\t\t\t\t\t\t\tObjektov\u00e9 PVC\t\t\t\t\t\t<\/a>\n\t\t\t\t\t<\/h3>\n\t\t\t\t\n\t\t\t\t\n\t\t\t<\/div>\n\t\t\t\n\t\t<\/div>\n\t\t\t\t\t\t<\/div>\n\t\t\t\t<\/div>\n\t\t\t\t\t<\/div>\n\t\t<\/div>\n\t\t\t\t\t<\/div>\n\t\t<\/section>\n\t\t\t\t<section class=\"elementor-section elementor-top-section elementor-element elementor-element-fdd0927 elementor-section-boxed elementor-section-height-default elementor-section-height-default\" data-id=\"fdd0927\" data-element_type=\"section\" data-e-type=\"section\">\n\t\t\t\t\t\t<div class=\"elementor-container elementor-column-gap-default\">\n\t\t\t\t\t<div class=\"elementor-column elementor-col-100 elementor-top-column elementor-element elementor-element-946e703\" data-id=\"946e703\" data-element_type=\"column\" data-e-type=\"column\">\n\t\t\t<div class=\"elementor-widget-wrap elementor-element-populated\">\n\t\t\t\t\t\t<div class=\"elementor-element elementor-element-1d2b55e elementor-arrows-position-inside elementor-pagination-position-outside elementor-widget elementor-widget-image-carousel\" data-id=\"1d2b55e\" data-element_type=\"widget\" data-e-type=\"widget\" data-settings=\"{&quot;slides_to_show&quot;:&quot;3&quot;,&quot;autoplay_speed&quot;:4500,&quot;navigation&quot;:&quot;both&quot;,&quot;autoplay&quot;:&quot;yes&quot;,&quot;pause_on_hover&quot;:&quot;yes&quot;,&quot;pause_on_interaction&quot;:&quot;yes&quot;,&quot;infinite&quot;:&quot;yes&quot;,&quot;speed&quot;:500}\" data-widget_type=\"image-carousel.default\">\n\t\t\t\t<div class=\"elementor-widget-container\">\n\t\t\t\t\t\t\t<div class=\"elementor-image-carousel-wrapper swiper\" role=\"region\" aria-roledescription=\"carousel\" aria-label=\"Obr\u00e1zkov\u00fd koloto\u010d\" dir=\"ltr\">\n\t\t\t<div class=\"elementor-image-carousel swiper-wrapper\" aria-live=\"off\">\n\t\t\t\t\t\t\t\t<div class=\"swiper-slide\" role=\"group\" aria-roledescription=\"slide\" aria-label=\"1 z 5\"><figure class=\"swiper-slide-inner\"><img decoding=\"async\" class=\"swiper-slide-image\" src=\"https:\/\/petr-bombera.cz\/podlahy\/wp-content\/uploads\/2022\/07\/pvc-role-300x200.jpg\" alt=\"pvc role\" \/><\/figure><\/div><div class=\"swiper-slide\" role=\"group\" aria-roledescription=\"slide\" aria-label=\"2 z 5\"><figure class=\"swiper-slide-inner\"><img decoding=\"async\" class=\"swiper-slide-image\" src=\"https:\/\/petr-bombera.cz\/podlahy\/wp-content\/uploads\/2022\/07\/pvc-300x169.jpg\" alt=\"pvc\" \/><\/figure><\/div><div class=\"swiper-slide\" role=\"group\" aria-roledescription=\"slide\" aria-label=\"3 z 5\"><figure class=\"swiper-slide-inner\"><img decoding=\"async\" class=\"swiper-slide-image\" src=\"https:\/\/petr-bombera.cz\/podlahy\/wp-content\/uploads\/2022\/07\/pvc1-300x208.jpg\" alt=\"pvc1\" \/><\/figure><\/div><div class=\"swiper-slide\" role=\"group\" aria-roledescription=\"slide\" aria-label=\"4 z 5\"><figure class=\"swiper-slide-inner\"><img decoding=\"async\" class=\"swiper-slide-image\" src=\"https:\/\/petr-bombera.cz\/podlahy\/wp-content\/uploads\/2022\/07\/pvc-podlaha-300x200.jpg\" alt=\"Rolling,Out,A,Pvc,Fake,Wood,Flooring\" \/><\/figure><\/div><div class=\"swiper-slide\" role=\"group\" aria-roledescription=\"slide\" aria-label=\"5 z 5\"><figure class=\"swiper-slide-inner\"><img decoding=\"async\" class=\"swiper-slide-image\" src=\"https:\/\/petr-bombera.cz\/podlahy\/wp-content\/uploads\/2022\/07\/objektove-PVC-300x225.webp\" alt=\"\u00f6bjektov\u00e9 PVC\" \/><\/figure><\/div>\t\t\t<\/div>\n\t\t\t\t\t\t\t\t\t\t\t\t<div class=\"elementor-swiper-button elementor-swiper-button-prev\" role=\"button\" tabindex=\"0\">\n\t\t\t\t\t\t<i aria-hidden=\"true\" class=\"eicon-chevron-left\"><\/i>\t\t\t\t\t<\/div>\n\t\t\t\t\t<div class=\"elementor-swiper-button elementor-swiper-button-next\" role=\"button\" tabindex=\"0\">\n\t\t\t\t\t\t<i aria-hidden=\"true\" class=\"eicon-chevron-right\"><\/i>\t\t\t\t\t<\/div>\n\t\t\t\t\n\t\t\t\t\t\t\t\t\t<div class=\"swiper-pagination\"><\/div>\n\t\t\t\t\t\t\t\t\t<\/div>\n\t\t\t\t\t\t<\/div>\n\t\t\t\t<\/div>\n\t\t\t\t\t<\/div>\n\t\t<\/div>\n\t\t\t\t\t<\/div>\n\t\t<\/section>\n\t\t\t\t<section class=\"elementor-section elementor-top-section elementor-element elementor-element-353b23f elementor-section-boxed elementor-section-height-default elementor-section-height-default\" data-id=\"353b23f\" data-element_type=\"section\" data-e-type=\"section\" data-settings=\"{&quot;background_background&quot;:&quot;classic&quot;}\">\n\t\t\t\t\t\t<div class=\"elementor-container elementor-column-gap-default\">\n\t\t\t\t\t<div class=\"elementor-column elementor-col-100 elementor-top-column elementor-element elementor-element-1c03a41\" data-id=\"1c03a41\" data-element_type=\"column\" data-e-type=\"column\">\n\t\t\t<div class=\"elementor-widget-wrap elementor-element-populated\">\n\t\t\t\t\t\t<div class=\"elementor-element elementor-element-abb8082 elementor-widget elementor-widget-text-editor\" data-id=\"abb8082\" data-element_type=\"widget\" data-e-type=\"widget\" data-widget_type=\"text-editor.default\">\n\t\t\t\t<div class=\"elementor-widget-container\">\n\t\t\t\t\t\t\t\t\t<p>\u00dadr\u017eba PVC podlahy je pom\u011brn\u011b jednoduch\u00e1, hor\u0161\u00ed je to ale p\u0159i po\u0161kozen\u00ed. V takov\u00e9m p\u0159\u00edpad\u011b nelze jen vym\u011bnit jeden d\u00edlec jako u lamin\u00e1tu nebo tvrzen\u00e9ho vinylu.\u00a0 \u00a0Pokud se PVC podlaha, kter\u00e1 je n\u00e1chyln\u011bj\u0161\u00ed na\u00a0prom\u00e1\u010dknut\u00ed \u010di mechanick\u00e9 po\u0161kozen\u00ed poru\u0161\u00ed, mus\u00ed se cel\u00e1 strhnout a\u00a0nahradit novou. Proto i\u00a0do\u00a0bytov\u00fdch podm\u00ednek doporu\u010dujeme zvolit PVC s\u00a0vy\u0161\u0161\u00ed z\u00e1t\u011b\u017eovou t\u0159\u00eddou \u2013 obzvl\u00e1\u0161\u0165 tam, kde se budete \u010dasto pohybovat, jako v\u00a0kuchyni, ob\u00fdvac\u00edm pokoji nebo v\u00a0chodb\u00e1ch.<\/p><p>N\u00e1\u0161lapn\u00e1 vrstva PVC se pohybuje mezi 0,2 a 0,7mm. Nen\u00ed tedy nic sna\u017e\u0161\u00edho ne\u017e obnovit sv\u016fj interi\u00e9r v dekoru d\u0159eva, dla\u017eby \u010di kamene. Podlahov\u00e1 krytina z PVC se nab\u00edz\u00ed v mno\u017estv\u00ed variant, tak aby ka\u017ed\u00fd na\u0161el vzhled, vyhovuj\u00edc\u00ed jeho p\u0159edstav\u00e1m.<\/p>\t\t\t\t\t\t\t\t<\/div>\n\t\t\t\t<\/div>\n\t\t\t\t\t<\/div>\n\t\t<\/div>\n\t\t\t\t\t<\/div>\n\t\t<\/section>\n\t\t\t\t<\/div>\n\t\t","protected":false},"excerpt":{"rendered":"<p>Vinylov\u00e9 podlahy m\u011bk\u010den\u00e9 &#8211; PVC PVC nebo cel\u00fdm n\u00e1zvem polyvinylchlorid se n\u011bkdy plete s\u00a0vinylem, kter\u00fd tak\u00e9 pat\u0159\u00ed mezi obl\u00edben\u00e9 krytiny. A\u00a0nen\u00ed tomu tak n\u00e1hodou, jsou si vlastn\u011b velmi podobn\u00e9, jenom\u017ee zat\u00edmco vinyl\u00a0je tvrzen\u00fd, PVC je m\u011bk\u010den\u00e9. Proto ho tak\u00e9 koup\u00edte v\u00a0rol\u00edch. Na\u00a0trhu najdete mnoho r\u016fzn\u00fdch \u0161\u00ed\u0159ek, d\u00edky \u010demu\u017e m\u016f\u017eete eliminovat spoje a\u00a0podlaha z\u00edsk\u00e1 celistv\u00fd vzhled. [&hellip;]<\/p>\n","protected":false},"author":1,"featured_media":0,"parent":0,"menu_order":0,"comment_status":"closed","ping_status":"closed","template":"","meta":{"site-sidebar-layout":"no-sidebar","site-content-layout":"page-builder","ast-site-content-layout":"default","site-content-style":"default","site-sidebar-style":"default","ast-global-header-display":"","ast-banner-title-visibility":"","ast-main-header-display":"","ast-hfb-above-header-display":"","ast-hfb-below-header-display":"","ast-hfb-mobile-header-display":"","site-post-title":"disabled","ast-breadcrumbs-content":"","ast-featured-img":"disabled","footer-sml-layout":"","ast-disable-related-posts":"","theme-transparent-header-meta":"","adv-header-id-meta":"","stick-header-meta":"","header-above-stick-meta":"","header-main-stick-meta":"","header-below-stick-meta":"","astra-migrate-meta-layouts":"default","ast-page-background-enabled":"default","ast-page-background-meta":{"desktop":{"background-color":"var(--ast-global-color-4)","background-image":"","background-repeat":"repeat","background-position":"center center","background-size":"auto","background-attachment":"scroll","background-type":"","background-media":"","overlay-type":"","overlay-color":"","overlay-opacity":"","overlay-gradient":""},"tablet":{"background-color":"","background-image":"","background-repeat":"repeat","background-position":"center center","background-size":"auto","background-attachment":"scroll","background-type":"","background-media":"","overlay-type":"","overlay-color":"","overlay-opacity":"","overlay-gradient":""},"mobile":{"background-color":"","background-image":"","background-repeat":"repeat","background-position":"center center","background-size":"auto","background-attachment":"scroll","background-type":"","background-media":"","overlay-type":"","overlay-color":"","overlay-opacity":"","overlay-gradient":""}},"ast-content-background-meta":{"desktop":{"background-color":"var(--ast-global-color-5)","background-image":"","background-repeat":"repeat","background-position":"center center","background-size":"auto","background-attachment":"scroll","background-type":"","background-media":"","overlay-type":"","overlay-color":"","overlay-opacity":"","overlay-gradient":""},"tablet":{"background-color":"var(--ast-global-color-5)","background-image":"","background-repeat":"repeat","background-position":"center center","background-size":"auto","background-attachment":"scroll","background-type":"","background-media":"","overlay-type":"","overlay-color":"","overlay-opacity":"","overlay-gradient":""},"mobile":{"background-color":"var(--ast-global-color-5)","background-image":"","background-repeat":"repeat","background-position":"center center","background-size":"auto","background-attachment":"scroll","background-type":"","background-media":"","overlay-type":"","overlay-color":"","overlay-opacity":"","overlay-gradient":""}},"footnotes":""},"class_list":["post-2060","page","type-page","status-publish","hentry"],"yoast_head":"<!-- This site is optimized with the Yoast SEO plugin v27.5 - https:\/\/yoast.com\/product\/yoast-seo-wordpress\/ -->\n<title>PVC &#8211; Podlahy Bombera<\/title>\n<meta name=\"robots\" content=\"index, follow, max-snippet:-1, max-image-preview:large, max-video-preview:-1\" \/>\n<link rel=\"canonical\" href=\"https:\/\/petr-bombera.cz\/podlahy\/pvc\/\" \/>\n<meta property=\"og:locale\" content=\"cs_CZ\" \/>\n<meta property=\"og:type\" content=\"article\" \/>\n<meta property=\"og:title\" content=\"PVC &#8211; Podlahy Bombera\" \/>\n<meta property=\"og:description\" content=\"Vinylov\u00e9 podlahy m\u011bk\u010den\u00e9 &#8211; PVC PVC nebo cel\u00fdm n\u00e1zvem polyvinylchlorid se n\u011bkdy plete s\u00a0vinylem, kter\u00fd tak\u00e9 pat\u0159\u00ed mezi obl\u00edben\u00e9 krytiny. A\u00a0nen\u00ed tomu tak n\u00e1hodou, jsou si vlastn\u011b velmi podobn\u00e9, jenom\u017ee zat\u00edmco vinyl\u00a0je tvrzen\u00fd, PVC je m\u011bk\u010den\u00e9. Proto ho tak\u00e9 koup\u00edte v\u00a0rol\u00edch. Na\u00a0trhu najdete mnoho r\u016fzn\u00fdch \u0161\u00ed\u0159ek, d\u00edky \u010demu\u017e m\u016f\u017eete eliminovat spoje a\u00a0podlaha z\u00edsk\u00e1 celistv\u00fd vzhled. [&hellip;]\" \/>\n<meta property=\"og:url\" content=\"https:\/\/petr-bombera.cz\/podlahy\/pvc\/\" \/>\n<meta property=\"og:site_name\" content=\"Podlahy Bombera\" \/>\n<meta property=\"article:publisher\" content=\"https:\/\/www.facebook.com\/profile.php?id=100011731498254\" \/>\n<meta property=\"article:modified_time\" content=\"2022-09-06T09:35:24+00:00\" \/>\n<meta property=\"og:image\" content=\"https:\/\/petr-bombera.cz\/podlahy\/wp-content\/uploads\/2022\/07\/pvc-role-300x200.jpg\" \/>\n<meta name=\"twitter:card\" content=\"summary_large_image\" \/>\n<meta name=\"twitter:label1\" content=\"Odhadovan\u00e1 doba \u010dten\u00ed\" \/>\n\t<meta name=\"twitter:data1\" content=\"4 minuty\" \/>\n<script type=\"application\/ld+json\" class=\"yoast-schema-graph\">{\"@context\":\"https:\\\/\\\/schema.org\",\"@graph\":[{\"@type\":\"WebPage\",\"@id\":\"https:\\\/\\\/petr-bombera.cz\\\/podlahy\\\/pvc\\\/\",\"url\":\"https:\\\/\\\/petr-bombera.cz\\\/podlahy\\\/pvc\\\/\",\"name\":\"PVC &#8211; Podlahy Bombera\",\"isPartOf\":{\"@id\":\"https:\\\/\\\/petr-bombera.cz\\\/podlahy\\\/#website\"},\"primaryImageOfPage\":{\"@id\":\"https:\\\/\\\/petr-bombera.cz\\\/podlahy\\\/pvc\\\/#primaryimage\"},\"image\":{\"@id\":\"https:\\\/\\\/petr-bombera.cz\\\/podlahy\\\/pvc\\\/#primaryimage\"},\"thumbnailUrl\":\"https:\\\/\\\/petr-bombera.cz\\\/podlahy\\\/wp-content\\\/uploads\\\/2022\\\/07\\\/pvc-role-300x200.jpg\",\"datePublished\":\"2022-06-11T12:25:04+00:00\",\"dateModified\":\"2022-09-06T09:35:24+00:00\",\"breadcrumb\":{\"@id\":\"https:\\\/\\\/petr-bombera.cz\\\/podlahy\\\/pvc\\\/#breadcrumb\"},\"inLanguage\":\"cs\",\"potentialAction\":[{\"@type\":\"ReadAction\",\"target\":[\"https:\\\/\\\/petr-bombera.cz\\\/podlahy\\\/pvc\\\/\"]}]},{\"@type\":\"ImageObject\",\"inLanguage\":\"cs\",\"@id\":\"https:\\\/\\\/petr-bombera.cz\\\/podlahy\\\/pvc\\\/#primaryimage\",\"url\":\"https:\\\/\\\/petr-bombera.cz\\\/podlahy\\\/wp-content\\\/uploads\\\/2022\\\/07\\\/pvc-role.jpg\",\"contentUrl\":\"https:\\\/\\\/petr-bombera.cz\\\/podlahy\\\/wp-content\\\/uploads\\\/2022\\\/07\\\/pvc-role.jpg\",\"width\":1920,\"height\":1280},{\"@type\":\"BreadcrumbList\",\"@id\":\"https:\\\/\\\/petr-bombera.cz\\\/podlahy\\\/pvc\\\/#breadcrumb\",\"itemListElement\":[{\"@type\":\"ListItem\",\"position\":1,\"name\":\"Dom\u016f\",\"item\":\"https:\\\/\\\/petr-bombera.cz\\\/podlahy\\\/\"},{\"@type\":\"ListItem\",\"position\":2,\"name\":\"PVC\"}]},{\"@type\":\"WebSite\",\"@id\":\"https:\\\/\\\/petr-bombera.cz\\\/podlahy\\\/#website\",\"url\":\"https:\\\/\\\/petr-bombera.cz\\\/podlahy\\\/\",\"name\":\"Podlahy Bombera\",\"description\":\"Podlahov\u00e9 studio Petr Bombera\",\"alternateName\":\"Podlahy Petr Bombera\",\"potentialAction\":[{\"@type\":\"SearchAction\",\"target\":{\"@type\":\"EntryPoint\",\"urlTemplate\":\"https:\\\/\\\/petr-bombera.cz\\\/podlahy\\\/?s={search_term_string}\"},\"query-input\":{\"@type\":\"PropertyValueSpecification\",\"valueRequired\":true,\"valueName\":\"search_term_string\"}}],\"inLanguage\":\"cs\"}]}<\/script>\n<!-- \/ Yoast SEO plugin. -->","yoast_head_json":{"title":"PVC &#8211; Podlahy Bombera","robots":{"index":"index","follow":"follow","max-snippet":"max-snippet:-1","max-image-preview":"max-image-preview:large","max-video-preview":"max-video-preview:-1"},"canonical":"https:\/\/petr-bombera.cz\/podlahy\/pvc\/","og_locale":"cs_CZ","og_type":"article","og_title":"PVC &#8211; Podlahy Bombera","og_description":"Vinylov\u00e9 podlahy m\u011bk\u010den\u00e9 &#8211; PVC PVC nebo cel\u00fdm n\u00e1zvem polyvinylchlorid se n\u011bkdy plete s\u00a0vinylem, kter\u00fd tak\u00e9 pat\u0159\u00ed mezi obl\u00edben\u00e9 krytiny. A\u00a0nen\u00ed tomu tak n\u00e1hodou, jsou si vlastn\u011b velmi podobn\u00e9, jenom\u017ee zat\u00edmco vinyl\u00a0je tvrzen\u00fd, PVC je m\u011bk\u010den\u00e9. Proto ho tak\u00e9 koup\u00edte v\u00a0rol\u00edch. Na\u00a0trhu najdete mnoho r\u016fzn\u00fdch \u0161\u00ed\u0159ek, d\u00edky \u010demu\u017e m\u016f\u017eete eliminovat spoje a\u00a0podlaha z\u00edsk\u00e1 celistv\u00fd vzhled. [&hellip;]","og_url":"https:\/\/petr-bombera.cz\/podlahy\/pvc\/","og_site_name":"Podlahy Bombera","article_publisher":"https:\/\/www.facebook.com\/profile.php?id=100011731498254","article_modified_time":"2022-09-06T09:35:24+00:00","og_image":[{"url":"https:\/\/petr-bombera.cz\/podlahy\/wp-content\/uploads\/2022\/07\/pvc-role-300x200.jpg","type":"","width":"","height":""}],"twitter_card":"summary_large_image","twitter_misc":{"Odhadovan\u00e1 doba \u010dten\u00ed":"4 minuty"},"schema":{"@context":"https:\/\/schema.org","@graph":[{"@type":"WebPage","@id":"https:\/\/petr-bombera.cz\/podlahy\/pvc\/","url":"https:\/\/petr-bombera.cz\/podlahy\/pvc\/","name":"PVC &#8211; Podlahy Bombera","isPartOf":{"@id":"https:\/\/petr-bombera.cz\/podlahy\/#website"},"primaryImageOfPage":{"@id":"https:\/\/petr-bombera.cz\/podlahy\/pvc\/#primaryimage"},"image":{"@id":"https:\/\/petr-bombera.cz\/podlahy\/pvc\/#primaryimage"},"thumbnailUrl":"https:\/\/petr-bombera.cz\/podlahy\/wp-content\/uploads\/2022\/07\/pvc-role-300x200.jpg","datePublished":"2022-06-11T12:25:04+00:00","dateModified":"2022-09-06T09:35:24+00:00","breadcrumb":{"@id":"https:\/\/petr-bombera.cz\/podlahy\/pvc\/#breadcrumb"},"inLanguage":"cs","potentialAction":[{"@type":"ReadAction","target":["https:\/\/petr-bombera.cz\/podlahy\/pvc\/"]}]},{"@type":"ImageObject","inLanguage":"cs","@id":"https:\/\/petr-bombera.cz\/podlahy\/pvc\/#primaryimage","url":"https:\/\/petr-bombera.cz\/podlahy\/wp-content\/uploads\/2022\/07\/pvc-role.jpg","contentUrl":"https:\/\/petr-bombera.cz\/podlahy\/wp-content\/uploads\/2022\/07\/pvc-role.jpg","width":1920,"height":1280},{"@type":"BreadcrumbList","@id":"https:\/\/petr-bombera.cz\/podlahy\/pvc\/#breadcrumb","itemListElement":[{"@type":"ListItem","position":1,"name":"Dom\u016f","item":"https:\/\/petr-bombera.cz\/podlahy\/"},{"@type":"ListItem","position":2,"name":"PVC"}]},{"@type":"WebSite","@id":"https:\/\/petr-bombera.cz\/podlahy\/#website","url":"https:\/\/petr-bombera.cz\/podlahy\/","name":"Podlahy Bombera","description":"Podlahov\u00e9 studio Petr Bombera","alternateName":"Podlahy Petr Bombera","potentialAction":[{"@type":"SearchAction","target":{"@type":"EntryPoint","urlTemplate":"https:\/\/petr-bombera.cz\/podlahy\/?s={search_term_string}"},"query-input":{"@type":"PropertyValueSpecification","valueRequired":true,"valueName":"search_term_string"}}],"inLanguage":"cs"}]}},"_links":{"self":[{"href":"https:\/\/petr-bombera.cz\/podlahy\/wp-json\/wp\/v2\/pages\/2060","targetHints":{"allow":["GET"]}}],"collection":[{"href":"https:\/\/petr-bombera.cz\/podlahy\/wp-json\/wp\/v2\/pages"}],"about":[{"href":"https:\/\/petr-bombera.cz\/podlahy\/wp-json\/wp\/v2\/types\/page"}],"author":[{"embeddable":true,"href":"https:\/\/petr-bombera.cz\/podlahy\/wp-json\/wp\/v2\/users\/1"}],"replies":[{"embeddable":true,"href":"https:\/\/petr-bombera.cz\/podlahy\/wp-json\/wp\/v2\/comments?post=2060"}],"version-history":[{"count":76,"href":"https:\/\/petr-bombera.cz\/podlahy\/wp-json\/wp\/v2\/pages\/2060\/revisions"}],"predecessor-version":[{"id":4839,"href":"https:\/\/petr-bombera.cz\/podlahy\/wp-json\/wp\/v2\/pages\/2060\/revisions\/4839"}],"wp:attachment":[{"href":"https:\/\/petr-bombera.cz\/podlahy\/wp-json\/wp\/v2\/media?parent=2060"}],"curies":[{"name":"wp","href":"https:\/\/api.w.org\/{rel}","templated":true}]}}