{"id":2056,"date":"2022-06-11T14:22:38","date_gmt":"2022-06-11T12:22:38","guid":{"rendered":"https:\/\/petr-bombera.cz\/podlahy\/?page_id=2056"},"modified":"2022-09-06T11:05:06","modified_gmt":"2022-09-06T09:05:06","slug":"koberce","status":"publish","type":"page","link":"https:\/\/petr-bombera.cz\/podlahy\/koberce\/","title":{"rendered":"Koberce"},"content":{"rendered":"\t\t<div data-elementor-type=\"wp-page\" data-elementor-id=\"2056\" class=\"elementor elementor-2056\">\n\t\t\t\t\t\t<section class=\"elementor-section elementor-top-section elementor-element elementor-element-c366607 elementor-section-boxed elementor-section-height-default elementor-section-height-default\" data-id=\"c366607\" data-element_type=\"section\" data-e-type=\"section\" data-settings=\"{&quot;background_background&quot;:&quot;classic&quot;}\">\n\t\t\t\t\t\t<div class=\"elementor-container elementor-column-gap-default\">\n\t\t\t\t\t<div class=\"elementor-column elementor-col-100 elementor-top-column elementor-element elementor-element-33da0cb\" data-id=\"33da0cb\" data-element_type=\"column\" data-e-type=\"column\">\n\t\t\t<div class=\"elementor-widget-wrap elementor-element-populated\">\n\t\t\t\t\t\t<div class=\"elementor-element elementor-element-42abf88 elementor-widget elementor-widget-heading\" data-id=\"42abf88\" data-element_type=\"widget\" data-e-type=\"widget\" data-widget_type=\"heading.default\">\n\t\t\t\t<div class=\"elementor-widget-container\">\n\t\t\t\t\t<h2 class=\"elementor-heading-title elementor-size-default\">Koberce<\/h2>\t\t\t\t<\/div>\n\t\t\t\t<\/div>\n\t\t\t\t<div class=\"elementor-element elementor-element-4b030bb elementor-widget elementor-widget-text-editor\" data-id=\"4b030bb\" data-element_type=\"widget\" data-e-type=\"widget\" data-widget_type=\"text-editor.default\">\n\t\t\t\t<div class=\"elementor-widget-container\">\n\t\t\t\t\t\t\t\t\t<p>Koberce jsou tradi\u010dn\u00edm \u0159e\u0161en\u00edm kryt\u00ed podlahy &#8211; jsou tepl\u00e9, vynikaj\u00ed izola\u010dn\u00edmi a akustick\u00fdmi vlastnostmi a vyb\u00edrat je lze z nep\u0159ebern\u00e9ho mno\u017estv\u00ed dekor\u016f.<\/p><p>Tak jako i u jin\u00fdch materi\u00e1l\u016f, i u koberc\u016f m\u016f\u017eete sledovat trendy a jejich v\u00fdvoj. D\u0159\u00edve se koberce pou\u017e\u00edvaly ve v\u011bt\u0161in\u011b m\u00edstnost\u00ed a to v celoplo\u0161n\u00e9 pokl\u00e1dce. Dnes jsou o to v\u00edce vyhled\u00e1v\u00e1ny kusov\u00e9 koberce, kter\u00e9 sta\u010d\u00ed jen \u010d\u00e1ste\u010dn\u011b zat\u00ed\u017eit kusem n\u00e1bytku a nechat vyniknout v prostoru. Koberce do ob\u00fdvac\u00edho pokoje, pracovny, lo\u017enice nebo i speci\u00e1ln\u00ed a vesel\u00e9 koberce do d\u011btsk\u00fdch pokoj\u016f.<\/p><p>Nab\u00eddka koberc\u016f se b\u011bhem let rozrostla do z\u00e1stupu des\u00edtek typ\u016f a variac\u00ed. Vyb\u00edrat m\u016f\u017eete nejen bytov\u00e9 koberce ale tak\u00e9 vln\u011bn\u00e9, vpichovan\u00e9 nebo z\u00e1t\u011b\u017eov\u00e9 koberce. Unik\u00e1tn\u00edmi kategoriemi jsou tak\u00e9 d\u011btsk\u00e9 koberce nebo \u010dist\u00edc\u00ed z\u00f3ny.<\/p><p><strong>Sta\u010d\u00ed si jen vybrat!<\/strong><\/p>\t\t\t\t\t\t\t\t<\/div>\n\t\t\t\t<\/div>\n\t\t\t\t\t<\/div>\n\t\t<\/div>\n\t\t\t\t\t<\/div>\n\t\t<\/section>\n\t\t\t\t<section class=\"elementor-section elementor-top-section elementor-element elementor-element-50d889e elementor-section-boxed elementor-section-height-default elementor-section-height-default\" data-id=\"50d889e\" data-element_type=\"section\" data-e-type=\"section\">\n\t\t\t\t\t\t<div class=\"elementor-container elementor-column-gap-default\">\n\t\t\t\t\t<div class=\"elementor-column elementor-col-33 elementor-top-column elementor-element elementor-element-98a0225\" data-id=\"98a0225\" data-element_type=\"column\" data-e-type=\"column\">\n\t\t\t<div class=\"elementor-widget-wrap elementor-element-populated\">\n\t\t\t\t\t\t<div class=\"elementor-element elementor-element-8202968 elementor-view-default elementor-position-block-start elementor-mobile-position-block-start elementor-widget elementor-widget-icon-box\" data-id=\"8202968\" data-element_type=\"widget\" data-e-type=\"widget\" data-widget_type=\"icon-box.default\">\n\t\t\t\t<div class=\"elementor-widget-container\">\n\t\t\t\t\t\t\t<div class=\"elementor-icon-box-wrapper\">\n\n\t\t\t\t\t\t<div class=\"elementor-icon-box-icon\">\n\t\t\t\t<a href=\"https:\/\/petr-bombera.cz\/podlahy\/kusove-koberce\/\" class=\"elementor-icon\" tabindex=\"-1\" aria-label=\"Kusov\u00e9 koberce\">\n\t\t\t\t<i aria-hidden=\"true\" class=\"fas fa-sticky-note\"><\/i>\t\t\t\t<\/a>\n\t\t\t<\/div>\n\t\t\t\n\t\t\t\t\t\t<div class=\"elementor-icon-box-content\">\n\n\t\t\t\t\t\t\t\t\t<h3 class=\"elementor-icon-box-title\">\n\t\t\t\t\t\t<a href=\"https:\/\/petr-bombera.cz\/podlahy\/kusove-koberce\/\" >\n\t\t\t\t\t\t\tKusov\u00e9 koberce\t\t\t\t\t\t<\/a>\n\t\t\t\t\t<\/h3>\n\t\t\t\t\n\t\t\t\t\n\t\t\t<\/div>\n\t\t\t\n\t\t<\/div>\n\t\t\t\t\t\t<\/div>\n\t\t\t\t<\/div>\n\t\t\t\t\t<\/div>\n\t\t<\/div>\n\t\t\t\t<div class=\"elementor-column elementor-col-33 elementor-top-column elementor-element elementor-element-cee30ab\" data-id=\"cee30ab\" data-element_type=\"column\" data-e-type=\"column\">\n\t\t\t<div class=\"elementor-widget-wrap elementor-element-populated\">\n\t\t\t\t\t\t<div class=\"elementor-element elementor-element-97bb58b elementor-view-default elementor-position-block-start elementor-mobile-position-block-start elementor-widget elementor-widget-icon-box\" data-id=\"97bb58b\" data-element_type=\"widget\" data-e-type=\"widget\" data-widget_type=\"icon-box.default\">\n\t\t\t\t<div class=\"elementor-widget-container\">\n\t\t\t\t\t\t\t<div class=\"elementor-icon-box-wrapper\">\n\n\t\t\t\t\t\t<div class=\"elementor-icon-box-icon\">\n\t\t\t\t<a href=\"https:\/\/petr-bombera.cz\/podlahy\/bytove-koberce\/\" class=\"elementor-icon\" tabindex=\"-1\" aria-label=\"Bytov\u00e9 koberce\">\n\t\t\t\t<i aria-hidden=\"true\" class=\"fas fa-tape\"><\/i>\t\t\t\t<\/a>\n\t\t\t<\/div>\n\t\t\t\n\t\t\t\t\t\t<div class=\"elementor-icon-box-content\">\n\n\t\t\t\t\t\t\t\t\t<h3 class=\"elementor-icon-box-title\">\n\t\t\t\t\t\t<a href=\"https:\/\/petr-bombera.cz\/podlahy\/bytove-koberce\/\" >\n\t\t\t\t\t\t\tBytov\u00e9 koberce\t\t\t\t\t\t<\/a>\n\t\t\t\t\t<\/h3>\n\t\t\t\t\n\t\t\t\t\n\t\t\t<\/div>\n\t\t\t\n\t\t<\/div>\n\t\t\t\t\t\t<\/div>\n\t\t\t\t<\/div>\n\t\t\t\t\t<\/div>\n\t\t<\/div>\n\t\t\t\t<div class=\"elementor-column elementor-col-33 elementor-top-column elementor-element elementor-element-1bf5498\" data-id=\"1bf5498\" data-element_type=\"column\" data-e-type=\"column\">\n\t\t\t<div class=\"elementor-widget-wrap elementor-element-populated\">\n\t\t\t\t\t\t<div class=\"elementor-element elementor-element-d873207 elementor-view-default elementor-position-block-start elementor-mobile-position-block-start elementor-widget elementor-widget-icon-box\" data-id=\"d873207\" data-element_type=\"widget\" data-e-type=\"widget\" data-widget_type=\"icon-box.default\">\n\t\t\t\t<div class=\"elementor-widget-container\">\n\t\t\t\t\t\t\t<div class=\"elementor-icon-box-wrapper\">\n\n\t\t\t\t\t\t<div class=\"elementor-icon-box-icon\">\n\t\t\t\t<a href=\"https:\/\/petr-bombera.cz\/podlahy\/objektove-koberce\/\" class=\"elementor-icon\" tabindex=\"-1\" aria-label=\"Objektov\u00e9 koberce\">\n\t\t\t\t<i aria-hidden=\"true\" class=\"fas fa-stop\"><\/i>\t\t\t\t<\/a>\n\t\t\t<\/div>\n\t\t\t\n\t\t\t\t\t\t<div class=\"elementor-icon-box-content\">\n\n\t\t\t\t\t\t\t\t\t<h3 class=\"elementor-icon-box-title\">\n\t\t\t\t\t\t<a href=\"https:\/\/petr-bombera.cz\/podlahy\/objektove-koberce\/\" >\n\t\t\t\t\t\t\tObjektov\u00e9 koberce\t\t\t\t\t\t<\/a>\n\t\t\t\t\t<\/h3>\n\t\t\t\t\n\t\t\t\t\n\t\t\t<\/div>\n\t\t\t\n\t\t<\/div>\n\t\t\t\t\t\t<\/div>\n\t\t\t\t<\/div>\n\t\t\t\t\t<\/div>\n\t\t<\/div>\n\t\t\t\t\t<\/div>\n\t\t<\/section>\n\t\t\t\t<section class=\"elementor-section elementor-top-section elementor-element elementor-element-3ca275a elementor-section-boxed elementor-section-height-default elementor-section-height-default\" data-id=\"3ca275a\" data-element_type=\"section\" data-e-type=\"section\">\n\t\t\t\t\t\t<div class=\"elementor-container elementor-column-gap-default\">\n\t\t\t\t\t<div class=\"elementor-column elementor-col-100 elementor-top-column elementor-element elementor-element-a9203fd\" data-id=\"a9203fd\" data-element_type=\"column\" data-e-type=\"column\">\n\t\t\t<div class=\"elementor-widget-wrap elementor-element-populated\">\n\t\t\t\t\t\t<div class=\"elementor-element elementor-element-37f754b elementor-arrows-position-outside elementor-pagination-position-outside elementor-widget elementor-widget-image-carousel\" data-id=\"37f754b\" data-element_type=\"widget\" data-e-type=\"widget\" data-settings=\"{&quot;slides_to_show&quot;:&quot;3&quot;,&quot;autoplay_speed&quot;:4500,&quot;image_spacing_custom&quot;:{&quot;unit&quot;:&quot;px&quot;,&quot;size&quot;:10,&quot;sizes&quot;:[]},&quot;navigation&quot;:&quot;both&quot;,&quot;autoplay&quot;:&quot;yes&quot;,&quot;pause_on_hover&quot;:&quot;yes&quot;,&quot;pause_on_interaction&quot;:&quot;yes&quot;,&quot;infinite&quot;:&quot;yes&quot;,&quot;speed&quot;:500,&quot;image_spacing_custom_tablet&quot;:{&quot;unit&quot;:&quot;px&quot;,&quot;size&quot;:&quot;&quot;,&quot;sizes&quot;:[]},&quot;image_spacing_custom_mobile&quot;:{&quot;unit&quot;:&quot;px&quot;,&quot;size&quot;:&quot;&quot;,&quot;sizes&quot;:[]}}\" data-widget_type=\"image-carousel.default\">\n\t\t\t\t<div class=\"elementor-widget-container\">\n\t\t\t\t\t\t\t<div class=\"elementor-image-carousel-wrapper swiper\" role=\"region\" aria-roledescription=\"carousel\" aria-label=\"Obr\u00e1zkov\u00fd koloto\u010d\" dir=\"ltr\">\n\t\t\t<div class=\"elementor-image-carousel swiper-wrapper\" aria-live=\"off\">\n\t\t\t\t\t\t\t\t<div class=\"swiper-slide\" role=\"group\" aria-roledescription=\"slide\" aria-label=\"1 z 14\"><figure class=\"swiper-slide-inner\"><img decoding=\"async\" class=\"swiper-slide-image\" src=\"https:\/\/petr-bombera.cz\/podlahy\/wp-content\/uploads\/2022\/08\/koberec-300x200.jpg\" alt=\"koberec\" \/><\/figure><\/div><div class=\"swiper-slide\" role=\"group\" aria-roledescription=\"slide\" aria-label=\"2 z 14\"><figure class=\"swiper-slide-inner\"><img decoding=\"async\" class=\"swiper-slide-image\" src=\"https:\/\/petr-bombera.cz\/podlahy\/wp-content\/uploads\/2022\/08\/koberec9-e1661952049367-300x217.jpg\" alt=\"koberec9\" \/><\/figure><\/div><div class=\"swiper-slide\" role=\"group\" aria-roledescription=\"slide\" aria-label=\"3 z 14\"><figure class=\"swiper-slide-inner\"><img decoding=\"async\" class=\"swiper-slide-image\" src=\"https:\/\/petr-bombera.cz\/podlahy\/wp-content\/uploads\/2022\/08\/koberec1-198x300.webp\" alt=\"koberec1\" \/><\/figure><\/div><div class=\"swiper-slide\" role=\"group\" aria-roledescription=\"slide\" aria-label=\"4 z 14\"><figure class=\"swiper-slide-inner\"><img decoding=\"async\" class=\"swiper-slide-image\" src=\"https:\/\/petr-bombera.cz\/podlahy\/wp-content\/uploads\/2022\/08\/koberec8-300x300.jpg\" alt=\"koberec8\" \/><\/figure><\/div><div class=\"swiper-slide\" role=\"group\" aria-roledescription=\"slide\" aria-label=\"5 z 14\"><figure class=\"swiper-slide-inner\"><img decoding=\"async\" class=\"swiper-slide-image\" src=\"https:\/\/petr-bombera.cz\/podlahy\/wp-content\/uploads\/2022\/08\/koberec2-229x300.jpg\" alt=\"koberec2\" \/><\/figure><\/div><div class=\"swiper-slide\" role=\"group\" aria-roledescription=\"slide\" aria-label=\"6 z 14\"><figure class=\"swiper-slide-inner\"><img decoding=\"async\" class=\"swiper-slide-image\" src=\"https:\/\/petr-bombera.cz\/podlahy\/wp-content\/uploads\/2022\/08\/koberec11-300x300.jpg\" alt=\"koberec11\" \/><\/figure><\/div><div class=\"swiper-slide\" role=\"group\" aria-roledescription=\"slide\" aria-label=\"7 z 14\"><figure class=\"swiper-slide-inner\"><img decoding=\"async\" class=\"swiper-slide-image\" src=\"https:\/\/petr-bombera.cz\/podlahy\/wp-content\/uploads\/2022\/08\/koberec13-300x300.jpg\" alt=\"koberec13\" \/><\/figure><\/div><div class=\"swiper-slide\" role=\"group\" aria-roledescription=\"slide\" aria-label=\"8 z 14\"><figure class=\"swiper-slide-inner\"><img decoding=\"async\" class=\"swiper-slide-image\" src=\"https:\/\/petr-bombera.cz\/podlahy\/wp-content\/uploads\/2022\/08\/koberec3-300x300.webp\" alt=\"koberec3\" \/><\/figure><\/div><div class=\"swiper-slide\" role=\"group\" aria-roledescription=\"slide\" aria-label=\"9 z 14\"><figure class=\"swiper-slide-inner\"><img decoding=\"async\" class=\"swiper-slide-image\" src=\"https:\/\/petr-bombera.cz\/podlahy\/wp-content\/uploads\/2022\/08\/koberec4-300x300.jpg\" alt=\"koberec4\" \/><\/figure><\/div><div class=\"swiper-slide\" role=\"group\" aria-roledescription=\"slide\" aria-label=\"10 z 14\"><figure class=\"swiper-slide-inner\"><img decoding=\"async\" class=\"swiper-slide-image\" src=\"https:\/\/petr-bombera.cz\/podlahy\/wp-content\/uploads\/2022\/08\/koberec5-203x300.jpg\" alt=\"koberec5\" \/><\/figure><\/div><div class=\"swiper-slide\" role=\"group\" aria-roledescription=\"slide\" aria-label=\"11 z 14\"><figure class=\"swiper-slide-inner\"><img decoding=\"async\" class=\"swiper-slide-image\" src=\"https:\/\/petr-bombera.cz\/podlahy\/wp-content\/uploads\/2022\/08\/koberec6-200x300.jpg\" alt=\"koberec6\" \/><\/figure><\/div><div class=\"swiper-slide\" role=\"group\" aria-roledescription=\"slide\" aria-label=\"12 z 14\"><figure class=\"swiper-slide-inner\"><img decoding=\"async\" class=\"swiper-slide-image\" src=\"https:\/\/petr-bombera.cz\/podlahy\/wp-content\/uploads\/2022\/08\/koberec10-300x300.jpg\" alt=\"koberec10\" \/><\/figure><\/div><div class=\"swiper-slide\" role=\"group\" aria-roledescription=\"slide\" aria-label=\"13 z 14\"><figure class=\"swiper-slide-inner\"><img decoding=\"async\" class=\"swiper-slide-image\" src=\"https:\/\/petr-bombera.cz\/podlahy\/wp-content\/uploads\/2022\/08\/koberec7-202x300.jpg\" alt=\"koberec7\" \/><\/figure><\/div><div class=\"swiper-slide\" role=\"group\" aria-roledescription=\"slide\" aria-label=\"14 z 14\"><figure class=\"swiper-slide-inner\"><img decoding=\"async\" class=\"swiper-slide-image\" src=\"https:\/\/petr-bombera.cz\/podlahy\/wp-content\/uploads\/2022\/08\/koberec12-300x300.jpg\" alt=\"koberec12\" \/><\/figure><\/div>\t\t\t<\/div>\n\t\t\t\t\t\t\t\t\t\t\t\t<div class=\"elementor-swiper-button elementor-swiper-button-prev\" role=\"button\" tabindex=\"0\">\n\t\t\t\t\t\t<i aria-hidden=\"true\" class=\"eicon-chevron-left\"><\/i>\t\t\t\t\t<\/div>\n\t\t\t\t\t<div class=\"elementor-swiper-button elementor-swiper-button-next\" role=\"button\" tabindex=\"0\">\n\t\t\t\t\t\t<i aria-hidden=\"true\" class=\"eicon-chevron-right\"><\/i>\t\t\t\t\t<\/div>\n\t\t\t\t\n\t\t\t\t\t\t\t\t\t<div class=\"swiper-pagination\"><\/div>\n\t\t\t\t\t\t\t\t\t<\/div>\n\t\t\t\t\t\t<\/div>\n\t\t\t\t<\/div>\n\t\t\t\t\t<\/div>\n\t\t<\/div>\n\t\t\t\t\t<\/div>\n\t\t<\/section>\n\t\t\t\t<\/div>\n\t\t","protected":false},"excerpt":{"rendered":"<p>Koberce Koberce jsou tradi\u010dn\u00edm \u0159e\u0161en\u00edm kryt\u00ed podlahy &#8211; jsou tepl\u00e9, vynikaj\u00ed izola\u010dn\u00edmi a akustick\u00fdmi vlastnostmi a vyb\u00edrat je lze z nep\u0159ebern\u00e9ho mno\u017estv\u00ed dekor\u016f. Tak jako i u jin\u00fdch materi\u00e1l\u016f, i u koberc\u016f m\u016f\u017eete sledovat trendy a jejich v\u00fdvoj. D\u0159\u00edve se koberce pou\u017e\u00edvaly ve v\u011bt\u0161in\u011b m\u00edstnost\u00ed a to v celoplo\u0161n\u00e9 pokl\u00e1dce. Dnes jsou o to v\u00edce [&hellip;]<\/p>\n","protected":false},"author":1,"featured_media":0,"parent":0,"menu_order":0,"comment_status":"closed","ping_status":"closed","template":"","meta":{"site-sidebar-layout":"no-sidebar","site-content-layout":"page-builder","ast-site-content-layout":"default","site-content-style":"default","site-sidebar-style":"default","ast-global-header-display":"","ast-banner-title-visibility":"","ast-main-header-display":"","ast-hfb-above-header-display":"","ast-hfb-below-header-display":"","ast-hfb-mobile-header-display":"","site-post-title":"disabled","ast-breadcrumbs-content":"","ast-featured-img":"disabled","footer-sml-layout":"","ast-disable-related-posts":"","theme-transparent-header-meta":"","adv-header-id-meta":"","stick-header-meta":"","header-above-stick-meta":"","header-main-stick-meta":"","header-below-stick-meta":"","astra-migrate-meta-layouts":"default","ast-page-background-enabled":"default","ast-page-background-meta":{"desktop":{"background-color":"var(--ast-global-color-4)","background-image":"","background-repeat":"repeat","background-position":"center center","background-size":"auto","background-attachment":"scroll","background-type":"","background-media":"","overlay-type":"","overlay-color":"","overlay-opacity":"","overlay-gradient":""},"tablet":{"background-color":"","background-image":"","background-repeat":"repeat","background-position":"center center","background-size":"auto","background-attachment":"scroll","background-type":"","background-media":"","overlay-type":"","overlay-color":"","overlay-opacity":"","overlay-gradient":""},"mobile":{"background-color":"","background-image":"","background-repeat":"repeat","background-position":"center center","background-size":"auto","background-attachment":"scroll","background-type":"","background-media":"","overlay-type":"","overlay-color":"","overlay-opacity":"","overlay-gradient":""}},"ast-content-background-meta":{"desktop":{"background-color":"var(--ast-global-color-5)","background-image":"","background-repeat":"repeat","background-position":"center center","background-size":"auto","background-attachment":"scroll","background-type":"","background-media":"","overlay-type":"","overlay-color":"","overlay-opacity":"","overlay-gradient":""},"tablet":{"background-color":"var(--ast-global-color-5)","background-image":"","background-repeat":"repeat","background-position":"center center","background-size":"auto","background-attachment":"scroll","background-type":"","background-media":"","overlay-type":"","overlay-color":"","overlay-opacity":"","overlay-gradient":""},"mobile":{"background-color":"var(--ast-global-color-5)","background-image":"","background-repeat":"repeat","background-position":"center center","background-size":"auto","background-attachment":"scroll","background-type":"","background-media":"","overlay-type":"","overlay-color":"","overlay-opacity":"","overlay-gradient":""}},"footnotes":""},"class_list":["post-2056","page","type-page","status-publish","hentry"],"yoast_head":"<!-- This site is optimized with the Yoast SEO plugin v27.5 - https:\/\/yoast.com\/product\/yoast-seo-wordpress\/ -->\n<title>Koberce &#8211; Podlahy Bombera<\/title>\n<meta name=\"robots\" content=\"index, follow, max-snippet:-1, max-image-preview:large, max-video-preview:-1\" \/>\n<link rel=\"canonical\" href=\"https:\/\/petr-bombera.cz\/podlahy\/koberce\/\" \/>\n<meta property=\"og:locale\" content=\"cs_CZ\" \/>\n<meta property=\"og:type\" content=\"article\" \/>\n<meta property=\"og:title\" content=\"Koberce &#8211; Podlahy Bombera\" \/>\n<meta property=\"og:description\" content=\"Koberce Koberce jsou tradi\u010dn\u00edm \u0159e\u0161en\u00edm kryt\u00ed podlahy &#8211; jsou tepl\u00e9, vynikaj\u00ed izola\u010dn\u00edmi a akustick\u00fdmi vlastnostmi a vyb\u00edrat je lze z nep\u0159ebern\u00e9ho mno\u017estv\u00ed dekor\u016f. Tak jako i u jin\u00fdch materi\u00e1l\u016f, i u koberc\u016f m\u016f\u017eete sledovat trendy a jejich v\u00fdvoj. D\u0159\u00edve se koberce pou\u017e\u00edvaly ve v\u011bt\u0161in\u011b m\u00edstnost\u00ed a to v celoplo\u0161n\u00e9 pokl\u00e1dce. Dnes jsou o to v\u00edce [&hellip;]\" \/>\n<meta property=\"og:url\" content=\"https:\/\/petr-bombera.cz\/podlahy\/koberce\/\" \/>\n<meta property=\"og:site_name\" content=\"Podlahy Bombera\" \/>\n<meta property=\"article:publisher\" content=\"https:\/\/www.facebook.com\/profile.php?id=100011731498254\" \/>\n<meta property=\"article:modified_time\" content=\"2022-09-06T09:05:06+00:00\" \/>\n<meta property=\"og:image\" content=\"https:\/\/petr-bombera.cz\/podlahy\/wp-content\/uploads\/2022\/08\/koberec-300x200.jpg\" \/>\n<meta name=\"twitter:card\" content=\"summary_large_image\" \/>\n<meta name=\"twitter:label1\" content=\"Odhadovan\u00e1 doba \u010dten\u00ed\" \/>\n\t<meta name=\"twitter:data1\" content=\"5 minut\" \/>\n<script type=\"application\/ld+json\" class=\"yoast-schema-graph\">{\"@context\":\"https:\\\/\\\/schema.org\",\"@graph\":[{\"@type\":\"WebPage\",\"@id\":\"https:\\\/\\\/petr-bombera.cz\\\/podlahy\\\/koberce\\\/\",\"url\":\"https:\\\/\\\/petr-bombera.cz\\\/podlahy\\\/koberce\\\/\",\"name\":\"Koberce &#8211; Podlahy Bombera\",\"isPartOf\":{\"@id\":\"https:\\\/\\\/petr-bombera.cz\\\/podlahy\\\/#website\"},\"primaryImageOfPage\":{\"@id\":\"https:\\\/\\\/petr-bombera.cz\\\/podlahy\\\/koberce\\\/#primaryimage\"},\"image\":{\"@id\":\"https:\\\/\\\/petr-bombera.cz\\\/podlahy\\\/koberce\\\/#primaryimage\"},\"thumbnailUrl\":\"https:\\\/\\\/petr-bombera.cz\\\/podlahy\\\/wp-content\\\/uploads\\\/2022\\\/08\\\/koberec-300x200.jpg\",\"datePublished\":\"2022-06-11T12:22:38+00:00\",\"dateModified\":\"2022-09-06T09:05:06+00:00\",\"breadcrumb\":{\"@id\":\"https:\\\/\\\/petr-bombera.cz\\\/podlahy\\\/koberce\\\/#breadcrumb\"},\"inLanguage\":\"cs\",\"potentialAction\":[{\"@type\":\"ReadAction\",\"target\":[\"https:\\\/\\\/petr-bombera.cz\\\/podlahy\\\/koberce\\\/\"]}]},{\"@type\":\"ImageObject\",\"inLanguage\":\"cs\",\"@id\":\"https:\\\/\\\/petr-bombera.cz\\\/podlahy\\\/koberce\\\/#primaryimage\",\"url\":\"https:\\\/\\\/petr-bombera.cz\\\/podlahy\\\/wp-content\\\/uploads\\\/2022\\\/08\\\/koberec.jpg\",\"contentUrl\":\"https:\\\/\\\/petr-bombera.cz\\\/podlahy\\\/wp-content\\\/uploads\\\/2022\\\/08\\\/koberec.jpg\",\"width\":800,\"height\":534},{\"@type\":\"BreadcrumbList\",\"@id\":\"https:\\\/\\\/petr-bombera.cz\\\/podlahy\\\/koberce\\\/#breadcrumb\",\"itemListElement\":[{\"@type\":\"ListItem\",\"position\":1,\"name\":\"Dom\u016f\",\"item\":\"https:\\\/\\\/petr-bombera.cz\\\/podlahy\\\/\"},{\"@type\":\"ListItem\",\"position\":2,\"name\":\"Koberce\"}]},{\"@type\":\"WebSite\",\"@id\":\"https:\\\/\\\/petr-bombera.cz\\\/podlahy\\\/#website\",\"url\":\"https:\\\/\\\/petr-bombera.cz\\\/podlahy\\\/\",\"name\":\"Podlahy Bombera\",\"description\":\"Podlahov\u00e9 studio Petr Bombera\",\"alternateName\":\"Podlahy Petr Bombera\",\"potentialAction\":[{\"@type\":\"SearchAction\",\"target\":{\"@type\":\"EntryPoint\",\"urlTemplate\":\"https:\\\/\\\/petr-bombera.cz\\\/podlahy\\\/?s={search_term_string}\"},\"query-input\":{\"@type\":\"PropertyValueSpecification\",\"valueRequired\":true,\"valueName\":\"search_term_string\"}}],\"inLanguage\":\"cs\"}]}<\/script>\n<!-- \/ Yoast SEO plugin. -->","yoast_head_json":{"title":"Koberce &#8211; Podlahy Bombera","robots":{"index":"index","follow":"follow","max-snippet":"max-snippet:-1","max-image-preview":"max-image-preview:large","max-video-preview":"max-video-preview:-1"},"canonical":"https:\/\/petr-bombera.cz\/podlahy\/koberce\/","og_locale":"cs_CZ","og_type":"article","og_title":"Koberce &#8211; Podlahy Bombera","og_description":"Koberce Koberce jsou tradi\u010dn\u00edm \u0159e\u0161en\u00edm kryt\u00ed podlahy &#8211; jsou tepl\u00e9, vynikaj\u00ed izola\u010dn\u00edmi a akustick\u00fdmi vlastnostmi a vyb\u00edrat je lze z nep\u0159ebern\u00e9ho mno\u017estv\u00ed dekor\u016f. Tak jako i u jin\u00fdch materi\u00e1l\u016f, i u koberc\u016f m\u016f\u017eete sledovat trendy a jejich v\u00fdvoj. D\u0159\u00edve se koberce pou\u017e\u00edvaly ve v\u011bt\u0161in\u011b m\u00edstnost\u00ed a to v celoplo\u0161n\u00e9 pokl\u00e1dce. Dnes jsou o to v\u00edce [&hellip;]","og_url":"https:\/\/petr-bombera.cz\/podlahy\/koberce\/","og_site_name":"Podlahy Bombera","article_publisher":"https:\/\/www.facebook.com\/profile.php?id=100011731498254","article_modified_time":"2022-09-06T09:05:06+00:00","og_image":[{"url":"https:\/\/petr-bombera.cz\/podlahy\/wp-content\/uploads\/2022\/08\/koberec-300x200.jpg","type":"","width":"","height":""}],"twitter_card":"summary_large_image","twitter_misc":{"Odhadovan\u00e1 doba \u010dten\u00ed":"5 minut"},"schema":{"@context":"https:\/\/schema.org","@graph":[{"@type":"WebPage","@id":"https:\/\/petr-bombera.cz\/podlahy\/koberce\/","url":"https:\/\/petr-bombera.cz\/podlahy\/koberce\/","name":"Koberce &#8211; Podlahy Bombera","isPartOf":{"@id":"https:\/\/petr-bombera.cz\/podlahy\/#website"},"primaryImageOfPage":{"@id":"https:\/\/petr-bombera.cz\/podlahy\/koberce\/#primaryimage"},"image":{"@id":"https:\/\/petr-bombera.cz\/podlahy\/koberce\/#primaryimage"},"thumbnailUrl":"https:\/\/petr-bombera.cz\/podlahy\/wp-content\/uploads\/2022\/08\/koberec-300x200.jpg","datePublished":"2022-06-11T12:22:38+00:00","dateModified":"2022-09-06T09:05:06+00:00","breadcrumb":{"@id":"https:\/\/petr-bombera.cz\/podlahy\/koberce\/#breadcrumb"},"inLanguage":"cs","potentialAction":[{"@type":"ReadAction","target":["https:\/\/petr-bombera.cz\/podlahy\/koberce\/"]}]},{"@type":"ImageObject","inLanguage":"cs","@id":"https:\/\/petr-bombera.cz\/podlahy\/koberce\/#primaryimage","url":"https:\/\/petr-bombera.cz\/podlahy\/wp-content\/uploads\/2022\/08\/koberec.jpg","contentUrl":"https:\/\/petr-bombera.cz\/podlahy\/wp-content\/uploads\/2022\/08\/koberec.jpg","width":800,"height":534},{"@type":"BreadcrumbList","@id":"https:\/\/petr-bombera.cz\/podlahy\/koberce\/#breadcrumb","itemListElement":[{"@type":"ListItem","position":1,"name":"Dom\u016f","item":"https:\/\/petr-bombera.cz\/podlahy\/"},{"@type":"ListItem","position":2,"name":"Koberce"}]},{"@type":"WebSite","@id":"https:\/\/petr-bombera.cz\/podlahy\/#website","url":"https:\/\/petr-bombera.cz\/podlahy\/","name":"Podlahy Bombera","description":"Podlahov\u00e9 studio Petr Bombera","alternateName":"Podlahy Petr Bombera","potentialAction":[{"@type":"SearchAction","target":{"@type":"EntryPoint","urlTemplate":"https:\/\/petr-bombera.cz\/podlahy\/?s={search_term_string}"},"query-input":{"@type":"PropertyValueSpecification","valueRequired":true,"valueName":"search_term_string"}}],"inLanguage":"cs"}]}},"_links":{"self":[{"href":"https:\/\/petr-bombera.cz\/podlahy\/wp-json\/wp\/v2\/pages\/2056","targetHints":{"allow":["GET"]}}],"collection":[{"href":"https:\/\/petr-bombera.cz\/podlahy\/wp-json\/wp\/v2\/pages"}],"about":[{"href":"https:\/\/petr-bombera.cz\/podlahy\/wp-json\/wp\/v2\/types\/page"}],"author":[{"embeddable":true,"href":"https:\/\/petr-bombera.cz\/podlahy\/wp-json\/wp\/v2\/users\/1"}],"replies":[{"embeddable":true,"href":"https:\/\/petr-bombera.cz\/podlahy\/wp-json\/wp\/v2\/comments?post=2056"}],"version-history":[{"count":130,"href":"https:\/\/petr-bombera.cz\/podlahy\/wp-json\/wp\/v2\/pages\/2056\/revisions"}],"predecessor-version":[{"id":4806,"href":"https:\/\/petr-bombera.cz\/podlahy\/wp-json\/wp\/v2\/pages\/2056\/revisions\/4806"}],"wp:attachment":[{"href":"https:\/\/petr-bombera.cz\/podlahy\/wp-json\/wp\/v2\/media?parent=2056"}],"curies":[{"name":"wp","href":"https:\/\/api.w.org\/{rel}","templated":true}]}}