{"id":2033,"date":"2022-05-13T21:03:39","date_gmt":"2022-05-13T19:03:39","guid":{"rendered":"https:\/\/petr-bombera.cz\/podlahy\/?page_id=2033"},"modified":"2022-09-16T19:05:30","modified_gmt":"2022-09-16T17:05:30","slug":"sluzby","status":"publish","type":"page","link":"https:\/\/petr-bombera.cz\/podlahy\/sluzby\/","title":{"rendered":"Slu\u017eby"},"content":{"rendered":"\t\t<div data-elementor-type=\"wp-page\" data-elementor-id=\"2033\" class=\"elementor elementor-2033\">\n\t\t\t\t\t\t<section class=\"elementor-section elementor-top-section elementor-element elementor-element-59e5493 elementor-section-boxed elementor-section-height-default elementor-section-height-default\" data-id=\"59e5493\" data-element_type=\"section\" data-e-type=\"section\" data-settings=\"{&quot;background_background&quot;:&quot;slideshow&quot;,&quot;animation&quot;:&quot;none&quot;,&quot;background_slideshow_slide_transition&quot;:&quot;slide_left&quot;,&quot;background_slideshow_gallery&quot;:[],&quot;background_slideshow_loop&quot;:&quot;yes&quot;,&quot;background_slideshow_slide_duration&quot;:5000,&quot;background_slideshow_transition_duration&quot;:500}\">\n\t\t\t\t\t\t<div class=\"elementor-container elementor-column-gap-default\">\n\t\t\t\t\t<div class=\"elementor-column elementor-col-100 elementor-top-column elementor-element elementor-element-a793e8a\" data-id=\"a793e8a\" data-element_type=\"column\" data-e-type=\"column\">\n\t\t\t<div class=\"elementor-widget-wrap\">\n\t\t\t\t\t\t\t<\/div>\n\t\t<\/div>\n\t\t\t\t\t<\/div>\n\t\t<\/section>\n\t\t\t\t<section class=\"elementor-section elementor-top-section elementor-element elementor-element-7b36d8c elementor-section-boxed elementor-section-height-default elementor-section-height-default\" data-id=\"7b36d8c\" data-element_type=\"section\" data-e-type=\"section\">\n\t\t\t\t\t\t<div class=\"elementor-container elementor-column-gap-default\">\n\t\t\t\t\t<div class=\"elementor-column elementor-col-50 elementor-top-column elementor-element elementor-element-b8344bd\" data-id=\"b8344bd\" data-element_type=\"column\" data-e-type=\"column\">\n\t\t\t<div class=\"elementor-widget-wrap elementor-element-populated\">\n\t\t\t\t\t\t<div class=\"elementor-element elementor-element-baf845f elementor-widget elementor-widget-heading\" data-id=\"baf845f\" data-element_type=\"widget\" data-e-type=\"widget\" data-widget_type=\"heading.default\">\n\t\t\t\t<div class=\"elementor-widget-container\">\n\t\t\t\t\t<h2 class=\"elementor-heading-title elementor-size-default\">ZAM\u011a\u0158EN\u00cd A KALKULACE<\/h2>\t\t\t\t<\/div>\n\t\t\t\t<\/div>\n\t\t\t\t<div class=\"elementor-element elementor-element-a7a6878 elementor-widget elementor-widget-heading\" data-id=\"a7a6878\" data-element_type=\"widget\" data-e-type=\"widget\" data-widget_type=\"heading.default\">\n\t\t\t\t<div class=\"elementor-widget-container\">\n\t\t\t\t\t<h2 class=\"elementor-heading-title elementor-size-default\"><a href=\"https:\/\/petr-bombera.cz\/podlahy\/fotogalerie\/\">POKL\u00c1DKA PODLAHOV\u00ddCH KRYTIN<\/a><\/h2>\t\t\t\t<\/div>\n\t\t\t\t<\/div>\n\t\t\t\t<div class=\"elementor-element elementor-element-7b9e0b0 elementor-widget elementor-widget-heading\" data-id=\"7b9e0b0\" data-element_type=\"widget\" data-e-type=\"widget\" data-widget_type=\"heading.default\">\n\t\t\t\t<div class=\"elementor-widget-container\">\n\t\t\t\t\t<h2 class=\"elementor-heading-title elementor-size-default\"><a href=\"https:\/\/petr-bombera.cz\/podlahy\/fotogalerie\/\">P\u0158\u00cdPRAVA A OPRAVA PODKLAD\u016e<\/a><\/h2>\t\t\t\t<\/div>\n\t\t\t\t<\/div>\n\t\t\t\t<div class=\"elementor-element elementor-element-ddf2211 elementor-widget elementor-widget-heading\" data-id=\"ddf2211\" data-element_type=\"widget\" data-e-type=\"widget\" data-widget_type=\"heading.default\">\n\t\t\t\t<div class=\"elementor-widget-container\">\n\t\t\t\t\t<h2 class=\"elementor-heading-title elementor-size-default\"><a href=\"https:\/\/petr-bombera.cz\/podlahy\/fotogalerie\/\">ANHYDRITOV\u00c9 LIT\u00c9  PODLAHY<\/a><\/h2>\t\t\t\t<\/div>\n\t\t\t\t<\/div>\n\t\t\t\t<div class=\"elementor-element elementor-element-7bde6f0 elementor-widget elementor-widget-heading\" data-id=\"7bde6f0\" data-element_type=\"widget\" data-e-type=\"widget\" data-widget_type=\"heading.default\">\n\t\t\t\t<div class=\"elementor-widget-container\">\n\t\t\t\t\t<h2 class=\"elementor-heading-title elementor-size-default\"><a href=\"https:\/\/petr-bombera.cz\/podlahy\/fotogalerie\/\">PROFESION\u00c1LN\u00cd \u010cI\u0160T\u011aN\u00cd KOBERC\u016e<\/a><\/h2>\t\t\t\t<\/div>\n\t\t\t\t<\/div>\n\t\t\t\t<div class=\"elementor-element elementor-element-6473bf4 elementor-widget elementor-widget-heading\" data-id=\"6473bf4\" data-element_type=\"widget\" data-e-type=\"widget\" data-widget_type=\"heading.default\">\n\t\t\t\t<div class=\"elementor-widget-container\">\n\t\t\t\t\t<h2 class=\"elementor-heading-title elementor-size-default\"><a href=\"https:\/\/www.gerbrich.cz\/\">INTERI\u00c9ROV\u00c9 DVE\u0158E ZNA\u010cKY GERBRICH<\/a><\/h2>\t\t\t\t<\/div>\n\t\t\t\t<\/div>\n\t\t\t\t<div class=\"elementor-element elementor-element-db0d100 elementor-widget elementor-widget-heading\" data-id=\"db0d100\" data-element_type=\"widget\" data-e-type=\"widget\" data-widget_type=\"heading.default\">\n\t\t\t\t<div class=\"elementor-widget-container\">\n\t\t\t\t\t<h2 class=\"elementor-heading-title elementor-size-default\">ROZVOZ ZBO\u017d\u00cd<\/h2>\t\t\t\t<\/div>\n\t\t\t\t<\/div>\n\t\t\t\t\t<\/div>\n\t\t<\/div>\n\t\t\t\t<div class=\"elementor-column elementor-col-50 elementor-top-column elementor-element elementor-element-ecd7d66\" data-id=\"ecd7d66\" data-element_type=\"column\" data-e-type=\"column\">\n\t\t\t<div class=\"elementor-widget-wrap elementor-element-populated\">\n\t\t\t\t\t\t<div class=\"elementor-element elementor-element-006f289 elementor-arrows-position-inside elementor-pagination-position-outside elementor-widget elementor-widget-image-carousel\" data-id=\"006f289\" data-element_type=\"widget\" data-e-type=\"widget\" data-settings=\"{&quot;slides_to_show&quot;:&quot;1&quot;,&quot;navigation&quot;:&quot;both&quot;,&quot;autoplay&quot;:&quot;yes&quot;,&quot;pause_on_hover&quot;:&quot;yes&quot;,&quot;pause_on_interaction&quot;:&quot;yes&quot;,&quot;autoplay_speed&quot;:5000,&quot;infinite&quot;:&quot;yes&quot;,&quot;effect&quot;:&quot;slide&quot;,&quot;speed&quot;:500}\" data-widget_type=\"image-carousel.default\">\n\t\t\t\t<div class=\"elementor-widget-container\">\n\t\t\t\t\t\t\t<div class=\"elementor-image-carousel-wrapper swiper\" role=\"region\" aria-roledescription=\"carousel\" aria-label=\"Obr\u00e1zkov\u00fd koloto\u010d\" dir=\"ltr\">\n\t\t\t<div class=\"elementor-image-carousel swiper-wrapper\" aria-live=\"off\">\n\t\t\t\t\t\t\t\t<div class=\"swiper-slide\" role=\"group\" aria-roledescription=\"slide\" aria-label=\"1 z 6\"><figure class=\"swiper-slide-inner\"><img decoding=\"async\" class=\"swiper-slide-image\" src=\"https:\/\/petr-bombera.cz\/podlahy\/wp-content\/uploads\/2022\/09\/crafter-169x300.jpg\" alt=\"crafter\" \/><\/figure><\/div><div class=\"swiper-slide\" role=\"group\" aria-roledescription=\"slide\" aria-label=\"2 z 6\"><figure class=\"swiper-slide-inner\"><img decoding=\"async\" class=\"swiper-slide-image\" src=\"https:\/\/petr-bombera.cz\/podlahy\/wp-content\/uploads\/2022\/09\/SrdLB-300x200.jpeg\" alt=\"SrdLB\" \/><\/figure><\/div><div class=\"swiper-slide\" role=\"group\" aria-roledescription=\"slide\" aria-label=\"3 z 6\"><figure class=\"swiper-slide-inner\"><img decoding=\"async\" class=\"swiper-slide-image\" src=\"https:\/\/petr-bombera.cz\/podlahy\/wp-content\/uploads\/2022\/08\/DSC_0182-300x169.jpg\" alt=\"DSC_0182\" \/><\/figure><\/div><div class=\"swiper-slide\" role=\"group\" aria-roledescription=\"slide\" aria-label=\"4 z 6\"><figure class=\"swiper-slide-inner\"><img decoding=\"async\" class=\"swiper-slide-image\" src=\"https:\/\/petr-bombera.cz\/podlahy\/wp-content\/uploads\/2022\/08\/DSC_0748-300x169.jpg\" alt=\"DSC_0748\" \/><\/figure><\/div><div class=\"swiper-slide\" role=\"group\" aria-roledescription=\"slide\" aria-label=\"5 z 6\"><figure class=\"swiper-slide-inner\"><img decoding=\"async\" class=\"swiper-slide-image\" src=\"https:\/\/petr-bombera.cz\/podlahy\/wp-content\/uploads\/2022\/08\/DSC_0606-300x169.jpg\" alt=\"DSC_0606\" \/><\/figure><\/div><div class=\"swiper-slide\" role=\"group\" aria-roledescription=\"slide\" aria-label=\"6 z 6\"><figure class=\"swiper-slide-inner\"><img decoding=\"async\" class=\"swiper-slide-image\" src=\"https:\/\/petr-bombera.cz\/podlahy\/wp-content\/uploads\/2022\/08\/DSC_0582-300x169.jpg\" alt=\"DSC_0582\" \/><\/figure><\/div>\t\t\t<\/div>\n\t\t\t\t\t\t\t\t\t\t\t\t<div class=\"elementor-swiper-button elementor-swiper-button-prev\" role=\"button\" tabindex=\"0\">\n\t\t\t\t\t\t<i aria-hidden=\"true\" class=\"eicon-chevron-left\"><\/i>\t\t\t\t\t<\/div>\n\t\t\t\t\t<div class=\"elementor-swiper-button elementor-swiper-button-next\" role=\"button\" tabindex=\"0\">\n\t\t\t\t\t\t<i aria-hidden=\"true\" class=\"eicon-chevron-right\"><\/i>\t\t\t\t\t<\/div>\n\t\t\t\t\n\t\t\t\t\t\t\t\t\t<div class=\"swiper-pagination\"><\/div>\n\t\t\t\t\t\t\t\t\t<\/div>\n\t\t\t\t\t\t<\/div>\n\t\t\t\t<\/div>\n\t\t\t\t\t<\/div>\n\t\t<\/div>\n\t\t\t\t\t<\/div>\n\t\t<\/section>\n\t\t\t\t<\/div>\n\t\t","protected":false},"excerpt":{"rendered":"<p>ZAM\u011a\u0158EN\u00cd A KALKULACE POKL\u00c1DKA PODLAHOV\u00ddCH KRYTIN P\u0158\u00cdPRAVA A OPRAVA PODKLAD\u016e ANHYDRITOV\u00c9 LIT\u00c9 PODLAHY PROFESION\u00c1LN\u00cd \u010cI\u0160T\u011aN\u00cd KOBERC\u016e INTERI\u00c9ROV\u00c9 DVE\u0158E ZNA\u010cKY GERBRICH ROZVOZ ZBO\u017d\u00cd P\u0159edchoz\u00ed Dal\u0161\u00ed<\/p>\n","protected":false},"author":1,"featured_media":0,"parent":0,"menu_order":0,"comment_status":"closed","ping_status":"closed","template":"","meta":{"site-sidebar-layout":"no-sidebar","site-content-layout":"page-builder","ast-site-content-layout":"default","site-content-style":"default","site-sidebar-style":"default","ast-global-header-display":"","ast-banner-title-visibility":"","ast-main-header-display":"","ast-hfb-above-header-display":"","ast-hfb-below-header-display":"","ast-hfb-mobile-header-display":"","site-post-title":"disabled","ast-breadcrumbs-content":"","ast-featured-img":"disabled","footer-sml-layout":"","ast-disable-related-posts":"","theme-transparent-header-meta":"","adv-header-id-meta":"","stick-header-meta":"","header-above-stick-meta":"","header-main-stick-meta":"","header-below-stick-meta":"","astra-migrate-meta-layouts":"default","ast-page-background-enabled":"default","ast-page-background-meta":{"desktop":{"background-color":"var(--ast-global-color-4)","background-image":"","background-repeat":"repeat","background-position":"center center","background-size":"auto","background-attachment":"scroll","background-type":"","background-media":"","overlay-type":"","overlay-color":"","overlay-opacity":"","overlay-gradient":""},"tablet":{"background-color":"","background-image":"","background-repeat":"repeat","background-position":"center center","background-size":"auto","background-attachment":"scroll","background-type":"","background-media":"","overlay-type":"","overlay-color":"","overlay-opacity":"","overlay-gradient":""},"mobile":{"background-color":"","background-image":"","background-repeat":"repeat","background-position":"center center","background-size":"auto","background-attachment":"scroll","background-type":"","background-media":"","overlay-type":"","overlay-color":"","overlay-opacity":"","overlay-gradient":""}},"ast-content-background-meta":{"desktop":{"background-color":"var(--ast-global-color-5)","background-image":"","background-repeat":"repeat","background-position":"center center","background-size":"auto","background-attachment":"scroll","background-type":"","background-media":"","overlay-type":"","overlay-color":"","overlay-opacity":"","overlay-gradient":""},"tablet":{"background-color":"var(--ast-global-color-5)","background-image":"","background-repeat":"repeat","background-position":"center center","background-size":"auto","background-attachment":"scroll","background-type":"","background-media":"","overlay-type":"","overlay-color":"","overlay-opacity":"","overlay-gradient":""},"mobile":{"background-color":"var(--ast-global-color-5)","background-image":"","background-repeat":"repeat","background-position":"center center","background-size":"auto","background-attachment":"scroll","background-type":"","background-media":"","overlay-type":"","overlay-color":"","overlay-opacity":"","overlay-gradient":""}},"footnotes":""},"class_list":["post-2033","page","type-page","status-publish","hentry"],"yoast_head":"<!-- This site is optimized with the Yoast SEO plugin v27.5 - https:\/\/yoast.com\/product\/yoast-seo-wordpress\/ -->\n<title>Slu\u017eby &#8211; Podlahy Bombera<\/title>\n<meta name=\"robots\" content=\"index, follow, max-snippet:-1, max-image-preview:large, max-video-preview:-1\" \/>\n<link rel=\"canonical\" href=\"https:\/\/petr-bombera.cz\/podlahy\/sluzby\/\" \/>\n<meta property=\"og:locale\" content=\"cs_CZ\" \/>\n<meta property=\"og:type\" content=\"article\" \/>\n<meta property=\"og:title\" content=\"Slu\u017eby &#8211; Podlahy Bombera\" \/>\n<meta property=\"og:description\" content=\"ZAM\u011a\u0158EN\u00cd A KALKULACE POKL\u00c1DKA PODLAHOV\u00ddCH KRYTIN P\u0158\u00cdPRAVA A OPRAVA PODKLAD\u016e ANHYDRITOV\u00c9 LIT\u00c9 PODLAHY PROFESION\u00c1LN\u00cd \u010cI\u0160T\u011aN\u00cd KOBERC\u016e INTERI\u00c9ROV\u00c9 DVE\u0158E ZNA\u010cKY GERBRICH ROZVOZ ZBO\u017d\u00cd P\u0159edchoz\u00ed Dal\u0161\u00ed\" \/>\n<meta property=\"og:url\" content=\"https:\/\/petr-bombera.cz\/podlahy\/sluzby\/\" \/>\n<meta property=\"og:site_name\" content=\"Podlahy Bombera\" \/>\n<meta property=\"article:publisher\" content=\"https:\/\/www.facebook.com\/profile.php?id=100011731498254\" \/>\n<meta property=\"article:modified_time\" content=\"2022-09-16T17:05:30+00:00\" \/>\n<meta property=\"og:image\" content=\"https:\/\/petr-bombera.cz\/podlahy\/wp-content\/uploads\/2022\/09\/crafter-169x300.jpg\" \/>\n<meta name=\"twitter:card\" content=\"summary_large_image\" \/>\n<meta name=\"twitter:label1\" content=\"Odhadovan\u00e1 doba \u010dten\u00ed\" \/>\n\t<meta name=\"twitter:data1\" content=\"2 minuty\" \/>\n<script type=\"application\/ld+json\" class=\"yoast-schema-graph\">{\"@context\":\"https:\\\/\\\/schema.org\",\"@graph\":[{\"@type\":\"WebPage\",\"@id\":\"https:\\\/\\\/petr-bombera.cz\\\/podlahy\\\/sluzby\\\/\",\"url\":\"https:\\\/\\\/petr-bombera.cz\\\/podlahy\\\/sluzby\\\/\",\"name\":\"Slu\u017eby &#8211; Podlahy Bombera\",\"isPartOf\":{\"@id\":\"https:\\\/\\\/petr-bombera.cz\\\/podlahy\\\/#website\"},\"primaryImageOfPage\":{\"@id\":\"https:\\\/\\\/petr-bombera.cz\\\/podlahy\\\/sluzby\\\/#primaryimage\"},\"image\":{\"@id\":\"https:\\\/\\\/petr-bombera.cz\\\/podlahy\\\/sluzby\\\/#primaryimage\"},\"thumbnailUrl\":\"https:\\\/\\\/petr-bombera.cz\\\/podlahy\\\/wp-content\\\/uploads\\\/2022\\\/09\\\/crafter-169x300.jpg\",\"datePublished\":\"2022-05-13T19:03:39+00:00\",\"dateModified\":\"2022-09-16T17:05:30+00:00\",\"breadcrumb\":{\"@id\":\"https:\\\/\\\/petr-bombera.cz\\\/podlahy\\\/sluzby\\\/#breadcrumb\"},\"inLanguage\":\"cs\",\"potentialAction\":[{\"@type\":\"ReadAction\",\"target\":[\"https:\\\/\\\/petr-bombera.cz\\\/podlahy\\\/sluzby\\\/\"]}]},{\"@type\":\"ImageObject\",\"inLanguage\":\"cs\",\"@id\":\"https:\\\/\\\/petr-bombera.cz\\\/podlahy\\\/sluzby\\\/#primaryimage\",\"url\":\"https:\\\/\\\/petr-bombera.cz\\\/podlahy\\\/wp-content\\\/uploads\\\/2022\\\/09\\\/crafter.jpg\",\"contentUrl\":\"https:\\\/\\\/petr-bombera.cz\\\/podlahy\\\/wp-content\\\/uploads\\\/2022\\\/09\\\/crafter.jpg\",\"width\":400,\"height\":711},{\"@type\":\"BreadcrumbList\",\"@id\":\"https:\\\/\\\/petr-bombera.cz\\\/podlahy\\\/sluzby\\\/#breadcrumb\",\"itemListElement\":[{\"@type\":\"ListItem\",\"position\":1,\"name\":\"Dom\u016f\",\"item\":\"https:\\\/\\\/petr-bombera.cz\\\/podlahy\\\/\"},{\"@type\":\"ListItem\",\"position\":2,\"name\":\"Slu\u017eby\"}]},{\"@type\":\"WebSite\",\"@id\":\"https:\\\/\\\/petr-bombera.cz\\\/podlahy\\\/#website\",\"url\":\"https:\\\/\\\/petr-bombera.cz\\\/podlahy\\\/\",\"name\":\"Podlahy Bombera\",\"description\":\"Podlahov\u00e9 studio Petr Bombera\",\"alternateName\":\"Podlahy Petr Bombera\",\"potentialAction\":[{\"@type\":\"SearchAction\",\"target\":{\"@type\":\"EntryPoint\",\"urlTemplate\":\"https:\\\/\\\/petr-bombera.cz\\\/podlahy\\\/?s={search_term_string}\"},\"query-input\":{\"@type\":\"PropertyValueSpecification\",\"valueRequired\":true,\"valueName\":\"search_term_string\"}}],\"inLanguage\":\"cs\"}]}<\/script>\n<!-- \/ Yoast SEO plugin. -->","yoast_head_json":{"title":"Slu\u017eby &#8211; Podlahy Bombera","robots":{"index":"index","follow":"follow","max-snippet":"max-snippet:-1","max-image-preview":"max-image-preview:large","max-video-preview":"max-video-preview:-1"},"canonical":"https:\/\/petr-bombera.cz\/podlahy\/sluzby\/","og_locale":"cs_CZ","og_type":"article","og_title":"Slu\u017eby &#8211; Podlahy Bombera","og_description":"ZAM\u011a\u0158EN\u00cd A KALKULACE POKL\u00c1DKA PODLAHOV\u00ddCH KRYTIN P\u0158\u00cdPRAVA A OPRAVA PODKLAD\u016e ANHYDRITOV\u00c9 LIT\u00c9 PODLAHY PROFESION\u00c1LN\u00cd \u010cI\u0160T\u011aN\u00cd KOBERC\u016e INTERI\u00c9ROV\u00c9 DVE\u0158E ZNA\u010cKY GERBRICH ROZVOZ ZBO\u017d\u00cd P\u0159edchoz\u00ed Dal\u0161\u00ed","og_url":"https:\/\/petr-bombera.cz\/podlahy\/sluzby\/","og_site_name":"Podlahy Bombera","article_publisher":"https:\/\/www.facebook.com\/profile.php?id=100011731498254","article_modified_time":"2022-09-16T17:05:30+00:00","og_image":[{"url":"https:\/\/petr-bombera.cz\/podlahy\/wp-content\/uploads\/2022\/09\/crafter-169x300.jpg","type":"","width":"","height":""}],"twitter_card":"summary_large_image","twitter_misc":{"Odhadovan\u00e1 doba \u010dten\u00ed":"2 minuty"},"schema":{"@context":"https:\/\/schema.org","@graph":[{"@type":"WebPage","@id":"https:\/\/petr-bombera.cz\/podlahy\/sluzby\/","url":"https:\/\/petr-bombera.cz\/podlahy\/sluzby\/","name":"Slu\u017eby &#8211; Podlahy Bombera","isPartOf":{"@id":"https:\/\/petr-bombera.cz\/podlahy\/#website"},"primaryImageOfPage":{"@id":"https:\/\/petr-bombera.cz\/podlahy\/sluzby\/#primaryimage"},"image":{"@id":"https:\/\/petr-bombera.cz\/podlahy\/sluzby\/#primaryimage"},"thumbnailUrl":"https:\/\/petr-bombera.cz\/podlahy\/wp-content\/uploads\/2022\/09\/crafter-169x300.jpg","datePublished":"2022-05-13T19:03:39+00:00","dateModified":"2022-09-16T17:05:30+00:00","breadcrumb":{"@id":"https:\/\/petr-bombera.cz\/podlahy\/sluzby\/#breadcrumb"},"inLanguage":"cs","potentialAction":[{"@type":"ReadAction","target":["https:\/\/petr-bombera.cz\/podlahy\/sluzby\/"]}]},{"@type":"ImageObject","inLanguage":"cs","@id":"https:\/\/petr-bombera.cz\/podlahy\/sluzby\/#primaryimage","url":"https:\/\/petr-bombera.cz\/podlahy\/wp-content\/uploads\/2022\/09\/crafter.jpg","contentUrl":"https:\/\/petr-bombera.cz\/podlahy\/wp-content\/uploads\/2022\/09\/crafter.jpg","width":400,"height":711},{"@type":"BreadcrumbList","@id":"https:\/\/petr-bombera.cz\/podlahy\/sluzby\/#breadcrumb","itemListElement":[{"@type":"ListItem","position":1,"name":"Dom\u016f","item":"https:\/\/petr-bombera.cz\/podlahy\/"},{"@type":"ListItem","position":2,"name":"Slu\u017eby"}]},{"@type":"WebSite","@id":"https:\/\/petr-bombera.cz\/podlahy\/#website","url":"https:\/\/petr-bombera.cz\/podlahy\/","name":"Podlahy Bombera","description":"Podlahov\u00e9 studio Petr Bombera","alternateName":"Podlahy Petr Bombera","potentialAction":[{"@type":"SearchAction","target":{"@type":"EntryPoint","urlTemplate":"https:\/\/petr-bombera.cz\/podlahy\/?s={search_term_string}"},"query-input":{"@type":"PropertyValueSpecification","valueRequired":true,"valueName":"search_term_string"}}],"inLanguage":"cs"}]}},"_links":{"self":[{"href":"https:\/\/petr-bombera.cz\/podlahy\/wp-json\/wp\/v2\/pages\/2033","targetHints":{"allow":["GET"]}}],"collection":[{"href":"https:\/\/petr-bombera.cz\/podlahy\/wp-json\/wp\/v2\/pages"}],"about":[{"href":"https:\/\/petr-bombera.cz\/podlahy\/wp-json\/wp\/v2\/types\/page"}],"author":[{"embeddable":true,"href":"https:\/\/petr-bombera.cz\/podlahy\/wp-json\/wp\/v2\/users\/1"}],"replies":[{"embeddable":true,"href":"https:\/\/petr-bombera.cz\/podlahy\/wp-json\/wp\/v2\/comments?post=2033"}],"version-history":[{"count":34,"href":"https:\/\/petr-bombera.cz\/podlahy\/wp-json\/wp\/v2\/pages\/2033\/revisions"}],"predecessor-version":[{"id":4976,"href":"https:\/\/petr-bombera.cz\/podlahy\/wp-json\/wp\/v2\/pages\/2033\/revisions\/4976"}],"wp:attachment":[{"href":"https:\/\/petr-bombera.cz\/podlahy\/wp-json\/wp\/v2\/media?parent=2033"}],"curies":[{"name":"wp","href":"https:\/\/api.w.org\/{rel}","templated":true}]}}