{"id":1287,"date":"2022-04-03T18:45:17","date_gmt":"2022-04-03T16:45:17","guid":{"rendered":"https:\/\/petr-bombera.cz\/podlahy\/?page_id=1287"},"modified":"2024-06-02T13:54:44","modified_gmt":"2024-06-02T11:54:44","slug":"uvod","status":"publish","type":"page","link":"https:\/\/petr-bombera.cz\/podlahy\/","title":{"rendered":"\u00davod"},"content":{"rendered":"\t\t<div data-elementor-type=\"wp-page\" data-elementor-id=\"1287\" class=\"elementor elementor-1287\">\n\t\t\t\t\t\t<section class=\"elementor-section elementor-top-section elementor-element elementor-element-342bcf3 elementor-section-full_width elementor-hidden-tablet elementor-hidden-mobile elementor-section-height-full elementor-section-height-default elementor-section-items-middle\" data-id=\"342bcf3\" data-element_type=\"section\" data-e-type=\"section\" data-settings=\"{&quot;background_background&quot;:&quot;slideshow&quot;,&quot;background_slideshow_gallery&quot;:[{&quot;id&quot;:1885,&quot;url&quot;:&quot;https:\\\/\\\/petr-bombera.cz\\\/podlahy\\\/wp-content\\\/uploads\\\/2022\\\/04\\\/1-1.jpg&quot;},{&quot;id&quot;:1944,&quot;url&quot;:&quot;https:\\\/\\\/petr-bombera.cz\\\/podlahy\\\/wp-content\\\/uploads\\\/2022\\\/04\\\/3.jpg&quot;},{&quot;id&quot;:1940,&quot;url&quot;:&quot;https:\\\/\\\/petr-bombera.cz\\\/podlahy\\\/wp-content\\\/uploads\\\/2022\\\/04\\\/2.jpg&quot;}],&quot;background_slideshow_transition_duration&quot;:900,&quot;background_slideshow_ken_burns&quot;:&quot;yes&quot;,&quot;background_slideshow_ken_burns_zoom_direction&quot;:&quot;out&quot;,&quot;background_slideshow_loop&quot;:&quot;yes&quot;,&quot;background_slideshow_slide_duration&quot;:5000,&quot;background_slideshow_slide_transition&quot;:&quot;fade&quot;}\">\n\t\t\t\t\t\t<div class=\"elementor-container elementor-column-gap-default\">\n\t\t\t\t\t<div class=\"elementor-column elementor-col-100 elementor-top-column elementor-element elementor-element-9ada823\" data-id=\"9ada823\" data-element_type=\"column\" data-e-type=\"column\">\n\t\t\t<div class=\"elementor-widget-wrap elementor-element-populated\">\n\t\t\t\t\t\t<div class=\"elementor-element elementor-element-e616c93 elementor-invisible elementor-widget elementor-widget-heading\" data-id=\"e616c93\" data-element_type=\"widget\" data-e-type=\"widget\" data-settings=\"{&quot;_animation&quot;:&quot;swing&quot;}\" data-widget_type=\"heading.default\">\n\t\t\t\t<div class=\"elementor-widget-container\">\n\t\t\t\t\t<h1 class=\"elementor-heading-title elementor-size-default\">PK PODLAHY<\/h1>\t\t\t\t<\/div>\n\t\t\t\t<\/div>\n\t\t\t\t<div class=\"elementor-element elementor-element-96728b1 elementor-invisible elementor-widget elementor-widget-heading\" data-id=\"96728b1\" data-element_type=\"widget\" data-e-type=\"widget\" data-settings=\"{&quot;_animation&quot;:&quot;fadeInUp&quot;}\" data-widget_type=\"heading.default\">\n\t\t\t\t<div class=\"elementor-widget-container\">\n\t\t\t\t\t<h2 class=\"elementor-heading-title elementor-size-default\"><span style=\"background-color:transparent\">PVC, vinylov\u00e9 podlahy, koberce, korkov\u00e9 podlahy, anhydritov\u00e9 pot\u011bry,..<\/span><\/h2>\t\t\t\t<\/div>\n\t\t\t\t<\/div>\n\t\t\t\t\t<\/div>\n\t\t<\/div>\n\t\t\t\t\t<\/div>\n\t\t<\/section>\n\t\t\t\t<section class=\"elementor-section elementor-top-section elementor-element elementor-element-277c73e elementor-section-boxed elementor-section-height-default elementor-section-height-default\" data-id=\"277c73e\" data-element_type=\"section\" data-e-type=\"section\" data-settings=\"{&quot;background_background&quot;:&quot;classic&quot;}\">\n\t\t\t\t\t\t<div class=\"elementor-container elementor-column-gap-default\">\n\t\t\t\t\t<div class=\"elementor-column elementor-col-100 elementor-top-column elementor-element elementor-element-ac499af\" data-id=\"ac499af\" data-element_type=\"column\" data-e-type=\"column\">\n\t\t\t<div class=\"elementor-widget-wrap elementor-element-populated\">\n\t\t\t\t\t\t<div class=\"elementor-element elementor-element-0277470 elementor-position-left elementor-vertical-align-top elementor-widget elementor-widget-image-box\" data-id=\"0277470\" data-element_type=\"widget\" data-e-type=\"widget\" data-settings=\"{&quot;_animation&quot;:&quot;none&quot;}\" data-widget_type=\"image-box.default\">\n\t\t\t\t<div class=\"elementor-widget-container\">\n\t\t\t\t\t<div class=\"elementor-image-box-wrapper\"><figure class=\"elementor-image-box-img\"><img decoding=\"async\" width=\"200\" height=\"194\" src=\"https:\/\/petr-bombera.cz\/podlahy\/wp-content\/uploads\/2022\/04\/prodejna-2017-01.jpg\" class=\"attachment-full size-full wp-image-172\" alt=\"\" \/><\/figure><div class=\"elementor-image-box-content\"><p class=\"elementor-image-box-description\">Otev\u0159eli jsme pro V\u00e1s podlahov\u00e9 studio v <b>Jarom\u011b\u0159ic\u00edch<\/b> v are\u00e1lu <b>Automy\u010dky<\/b> (Jarom\u011b\u0159ice 118). Nab\u00edz\u00edme \u0161irok\u00fd v\u00fdb\u011br podlahov\u00fdch krytin \u2013 <b>PVC, vinylov\u00fdch podlah<\/b>, <b>p\u0159\u00edrodn\u00ed linoleum, korkov\u00e9 podlahy, koberce, d\u0159ev\u011bn\u00e9 podlahy<\/b> a tak\u00e9 interi\u00e9rov\u00e9 dve\u0159e zna\u010dky GERBRICH a mo\u017enost v\u00fdb\u011bru a objedn\u00e1n\u00ed mont\u00e1\u017ee vertik\u00e1ln\u00edch \u017ealuzi\u00ed. R\u00e1di V\u00e1m pom\u016f\u017eeme p\u0159i v\u00fdb\u011bru va\u0161\u00ed nov\u00e9 podlahy a v p\u0159\u00edpad\u011b z\u00e1jmu si m\u016f\u017eete p\u0159\u00edmo na m\u00edst\u011b domluvit term\u00edn zam\u011b\u0159en\u00ed, p\u0159\u00edprav\u00adn\u00fdch prac\u00ed i samotn\u00e9 pokl\u00e1dky.<\/p><\/div><\/div>\t\t\t\t<\/div>\n\t\t\t\t<\/div>\n\t\t\t\t<div class=\"elementor-element elementor-element-6a61bb9 elementor-position-right elementor-vertical-align-top elementor-widget elementor-widget-image-box\" data-id=\"6a61bb9\" data-element_type=\"widget\" data-e-type=\"widget\" data-settings=\"{&quot;_animation&quot;:&quot;none&quot;}\" data-widget_type=\"image-box.default\">\n\t\t\t\t<div class=\"elementor-widget-container\">\n\t\t\t\t\t<div class=\"elementor-image-box-wrapper\"><figure class=\"elementor-image-box-img\"><img decoding=\"async\" width=\"240\" height=\"150\" src=\"https:\/\/petr-bombera.cz\/podlahy\/wp-content\/uploads\/2022\/04\/prodejna-2017-02-1.jpg\" class=\"attachment-full size-full wp-image-1338\" alt=\"\" \/><\/figure><div class=\"elementor-image-box-content\"><p class=\"elementor-image-box-description\">Jsme firma specializovan\u00e1 na <b>pokl\u00e1dku a dod\u00e1vku v\u0161ech podlahov\u00fdch krytin<\/b>. D\u00e1le prov\u00e1d\u00edme vyrovn\u00e1n\u00ed nerovnost\u00ed podklad\u016f pomoc\u00ed samonivela\u010dn\u00edch st\u011brek, OSB desek<b> <\/b>a durelis panel\u016f. Zdarma v\u00e1m vypracujeme cenovou kalkulaci, odborn\u011b porad\u00edme a zajist\u00edme kompletn\u00ed servis. Firma si zakl\u00e1d\u00e1 na maxim\u00e1ln\u011b, kvalitn\u011b proveden\u00e9 pr\u00e1ci a spokojenosti z\u00e1kazn\u00edka.<\/p><\/div><\/div>\t\t\t\t<\/div>\n\t\t\t\t<\/div>\n\t\t\t\t<div class=\"elementor-element elementor-element-af9b31e elementor-widget elementor-widget-text-editor\" data-id=\"af9b31e\" data-element_type=\"widget\" data-e-type=\"widget\" data-widget_type=\"text-editor.default\">\n\t\t\t\t<div class=\"elementor-widget-container\">\n\t\t\t\t\t\t\t\t\t<p>Prodej, pokl\u00e1dka, st\u011brkov\u00e1n\u00ed podklad\u016f, vyrovn\u00e1n\u00ed podlah, \u0161irok\u00fd v\u00fdb\u011br dekor\u016f a barev.<\/p>\t\t\t\t\t\t\t\t<\/div>\n\t\t\t\t<\/div>\n\t\t\t\t\t<\/div>\n\t\t<\/div>\n\t\t\t\t\t<\/div>\n\t\t<\/section>\n\t\t\t\t<\/div>\n\t\t","protected":false},"excerpt":{"rendered":"<p>PK PODLAHY PVC, vinylov\u00e9 podlahy, koberce, korkov\u00e9 podlahy, anhydritov\u00e9 pot\u011bry,.. Otev\u0159eli jsme pro V\u00e1s podlahov\u00e9 studio v Jarom\u011b\u0159ic\u00edch v are\u00e1lu Automy\u010dky (Jarom\u011b\u0159ice 118). Nab\u00edz\u00edme \u0161irok\u00fd v\u00fdb\u011br podlahov\u00fdch krytin \u2013 PVC, vinylov\u00fdch podlah, p\u0159\u00edrodn\u00ed linoleum, korkov\u00e9 podlahy, koberce, d\u0159ev\u011bn\u00e9 podlahy a tak\u00e9 interi\u00e9rov\u00e9 dve\u0159e zna\u010dky GERBRICH a mo\u017enost v\u00fdb\u011bru a objedn\u00e1n\u00ed mont\u00e1\u017ee vertik\u00e1ln\u00edch \u017ealuzi\u00ed. R\u00e1di V\u00e1m [&hellip;]<\/p>\n","protected":false},"author":1,"featured_media":382,"parent":0,"menu_order":0,"comment_status":"closed","ping_status":"closed","template":"","meta":{"site-sidebar-layout":"no-sidebar","site-content-layout":"page-builder","ast-site-content-layout":"default","site-content-style":"default","site-sidebar-style":"default","ast-global-header-display":"","ast-banner-title-visibility":"","ast-main-header-display":"","ast-hfb-above-header-display":"","ast-hfb-below-header-display":"","ast-hfb-mobile-header-display":"","site-post-title":"disabled","ast-breadcrumbs-content":"","ast-featured-img":"disabled","footer-sml-layout":"","ast-disable-related-posts":"","theme-transparent-header-meta":"","adv-header-id-meta":"","stick-header-meta":"","header-above-stick-meta":"","header-main-stick-meta":"","header-below-stick-meta":"","astra-migrate-meta-layouts":"default","ast-page-background-enabled":"default","ast-page-background-meta":{"desktop":{"background-color":"var(--ast-global-color-4)","background-image":"","background-repeat":"repeat","background-position":"center center","background-size":"auto","background-attachment":"scroll","background-type":"","background-media":"","overlay-type":"","overlay-color":"","overlay-opacity":"","overlay-gradient":""},"tablet":{"background-color":"","background-image":"","background-repeat":"repeat","background-position":"center center","background-size":"auto","background-attachment":"scroll","background-type":"","background-media":"","overlay-type":"","overlay-color":"","overlay-opacity":"","overlay-gradient":""},"mobile":{"background-color":"","background-image":"","background-repeat":"repeat","background-position":"center center","background-size":"auto","background-attachment":"scroll","background-type":"","background-media":"","overlay-type":"","overlay-color":"","overlay-opacity":"","overlay-gradient":""}},"ast-content-background-meta":{"desktop":{"background-color":"var(--ast-global-color-5)","background-image":"","background-repeat":"repeat","background-position":"center center","background-size":"auto","background-attachment":"scroll","background-type":"","background-media":"","overlay-type":"","overlay-color":"","overlay-opacity":"","overlay-gradient":""},"tablet":{"background-color":"var(--ast-global-color-5)","background-image":"","background-repeat":"repeat","background-position":"center center","background-size":"auto","background-attachment":"scroll","background-type":"","background-media":"","overlay-type":"","overlay-color":"","overlay-opacity":"","overlay-gradient":""},"mobile":{"background-color":"var(--ast-global-color-5)","background-image":"","background-repeat":"repeat","background-position":"center center","background-size":"auto","background-attachment":"scroll","background-type":"","background-media":"","overlay-type":"","overlay-color":"","overlay-opacity":"","overlay-gradient":""}},"footnotes":""},"class_list":["post-1287","page","type-page","status-publish","has-post-thumbnail","hentry"],"yoast_head":"<!-- This site is optimized with the Yoast SEO plugin v27.5 - https:\/\/yoast.com\/product\/yoast-seo-wordpress\/ -->\n<title>\u00davod &#8211; Podlahy Bombera<\/title>\n<meta name=\"robots\" content=\"index, follow, max-snippet:-1, max-image-preview:large, max-video-preview:-1\" \/>\n<link rel=\"canonical\" href=\"https:\/\/petr-bombera.cz\/podlahy\/\" \/>\n<meta property=\"og:locale\" content=\"cs_CZ\" \/>\n<meta property=\"og:type\" content=\"article\" \/>\n<meta property=\"og:title\" content=\"\u00davod &#8211; Podlahy Bombera\" \/>\n<meta property=\"og:description\" content=\"PK PODLAHY PVC, vinylov\u00e9 podlahy, koberce, korkov\u00e9 podlahy, anhydritov\u00e9 pot\u011bry,.. Otev\u0159eli jsme pro V\u00e1s podlahov\u00e9 studio v Jarom\u011b\u0159ic\u00edch v are\u00e1lu Automy\u010dky (Jarom\u011b\u0159ice 118). Nab\u00edz\u00edme \u0161irok\u00fd v\u00fdb\u011br podlahov\u00fdch krytin \u2013 PVC, vinylov\u00fdch podlah, p\u0159\u00edrodn\u00ed linoleum, korkov\u00e9 podlahy, koberce, d\u0159ev\u011bn\u00e9 podlahy a tak\u00e9 interi\u00e9rov\u00e9 dve\u0159e zna\u010dky GERBRICH a mo\u017enost v\u00fdb\u011bru a objedn\u00e1n\u00ed mont\u00e1\u017ee vertik\u00e1ln\u00edch \u017ealuzi\u00ed. R\u00e1di V\u00e1m [&hellip;]\" \/>\n<meta property=\"og:url\" content=\"https:\/\/petr-bombera.cz\/podlahy\/\" \/>\n<meta property=\"og:site_name\" content=\"Podlahy Bombera\" \/>\n<meta property=\"article:publisher\" content=\"https:\/\/www.facebook.com\/profile.php?id=100011731498254\" \/>\n<meta property=\"article:modified_time\" content=\"2024-06-02T11:54:44+00:00\" \/>\n<meta property=\"og:image\" content=\"https:\/\/petr-bombera.cz\/podlahy\/wp-content\/uploads\/2022\/04\/cropped-logo_podlahy.jpg\" \/>\n\t<meta property=\"og:image:width\" content=\"461\" \/>\n\t<meta property=\"og:image:height\" content=\"120\" \/>\n\t<meta property=\"og:image:type\" content=\"image\/jpeg\" \/>\n<meta name=\"twitter:card\" content=\"summary_large_image\" \/>\n<meta name=\"twitter:label1\" content=\"Odhadovan\u00e1 doba \u010dten\u00ed\" \/>\n\t<meta name=\"twitter:data1\" content=\"2 minuty\" \/>\n<script type=\"application\/ld+json\" class=\"yoast-schema-graph\">{\"@context\":\"https:\\\/\\\/schema.org\",\"@graph\":[{\"@type\":\"WebPage\",\"@id\":\"https:\\\/\\\/petr-bombera.cz\\\/podlahy\\\/\",\"url\":\"https:\\\/\\\/petr-bombera.cz\\\/podlahy\\\/\",\"name\":\"\u00davod &#8211; Podlahy Bombera\",\"isPartOf\":{\"@id\":\"https:\\\/\\\/petr-bombera.cz\\\/podlahy\\\/#website\"},\"primaryImageOfPage\":{\"@id\":\"https:\\\/\\\/petr-bombera.cz\\\/podlahy\\\/#primaryimage\"},\"image\":{\"@id\":\"https:\\\/\\\/petr-bombera.cz\\\/podlahy\\\/#primaryimage\"},\"thumbnailUrl\":\"https:\\\/\\\/petr-bombera.cz\\\/podlahy\\\/wp-content\\\/uploads\\\/2022\\\/04\\\/cropped-logo_podlahy.jpg\",\"datePublished\":\"2022-04-03T16:45:17+00:00\",\"dateModified\":\"2024-06-02T11:54:44+00:00\",\"breadcrumb\":{\"@id\":\"https:\\\/\\\/petr-bombera.cz\\\/podlahy\\\/#breadcrumb\"},\"inLanguage\":\"cs\",\"potentialAction\":[{\"@type\":\"ReadAction\",\"target\":[\"https:\\\/\\\/petr-bombera.cz\\\/podlahy\\\/\"]}]},{\"@type\":\"ImageObject\",\"inLanguage\":\"cs\",\"@id\":\"https:\\\/\\\/petr-bombera.cz\\\/podlahy\\\/#primaryimage\",\"url\":\"https:\\\/\\\/petr-bombera.cz\\\/podlahy\\\/wp-content\\\/uploads\\\/2022\\\/04\\\/cropped-logo_podlahy.jpg\",\"contentUrl\":\"https:\\\/\\\/petr-bombera.cz\\\/podlahy\\\/wp-content\\\/uploads\\\/2022\\\/04\\\/cropped-logo_podlahy.jpg\",\"width\":461,\"height\":120},{\"@type\":\"BreadcrumbList\",\"@id\":\"https:\\\/\\\/petr-bombera.cz\\\/podlahy\\\/#breadcrumb\",\"itemListElement\":[{\"@type\":\"ListItem\",\"position\":1,\"name\":\"Dom\u016f\",\"item\":\"https:\\\/\\\/petr-bombera.cz\\\/podlahy\\\/\"},{\"@type\":\"ListItem\",\"position\":2,\"name\":\"\u00davod\"}]},{\"@type\":\"WebSite\",\"@id\":\"https:\\\/\\\/petr-bombera.cz\\\/podlahy\\\/#website\",\"url\":\"https:\\\/\\\/petr-bombera.cz\\\/podlahy\\\/\",\"name\":\"Podlahy Bombera\",\"description\":\"Podlahov\u00e9 studio Petr Bombera\",\"alternateName\":\"Podlahy Petr Bombera\",\"potentialAction\":[{\"@type\":\"SearchAction\",\"target\":{\"@type\":\"EntryPoint\",\"urlTemplate\":\"https:\\\/\\\/petr-bombera.cz\\\/podlahy\\\/?s={search_term_string}\"},\"query-input\":{\"@type\":\"PropertyValueSpecification\",\"valueRequired\":true,\"valueName\":\"search_term_string\"}}],\"inLanguage\":\"cs\"}]}<\/script>\n<!-- \/ Yoast SEO plugin. -->","yoast_head_json":{"title":"\u00davod &#8211; Podlahy Bombera","robots":{"index":"index","follow":"follow","max-snippet":"max-snippet:-1","max-image-preview":"max-image-preview:large","max-video-preview":"max-video-preview:-1"},"canonical":"https:\/\/petr-bombera.cz\/podlahy\/","og_locale":"cs_CZ","og_type":"article","og_title":"\u00davod &#8211; Podlahy Bombera","og_description":"PK PODLAHY PVC, vinylov\u00e9 podlahy, koberce, korkov\u00e9 podlahy, anhydritov\u00e9 pot\u011bry,.. Otev\u0159eli jsme pro V\u00e1s podlahov\u00e9 studio v Jarom\u011b\u0159ic\u00edch v are\u00e1lu Automy\u010dky (Jarom\u011b\u0159ice 118). Nab\u00edz\u00edme \u0161irok\u00fd v\u00fdb\u011br podlahov\u00fdch krytin \u2013 PVC, vinylov\u00fdch podlah, p\u0159\u00edrodn\u00ed linoleum, korkov\u00e9 podlahy, koberce, d\u0159ev\u011bn\u00e9 podlahy a tak\u00e9 interi\u00e9rov\u00e9 dve\u0159e zna\u010dky GERBRICH a mo\u017enost v\u00fdb\u011bru a objedn\u00e1n\u00ed mont\u00e1\u017ee vertik\u00e1ln\u00edch \u017ealuzi\u00ed. R\u00e1di V\u00e1m [&hellip;]","og_url":"https:\/\/petr-bombera.cz\/podlahy\/","og_site_name":"Podlahy Bombera","article_publisher":"https:\/\/www.facebook.com\/profile.php?id=100011731498254","article_modified_time":"2024-06-02T11:54:44+00:00","og_image":[{"width":461,"height":120,"url":"https:\/\/petr-bombera.cz\/podlahy\/wp-content\/uploads\/2022\/04\/cropped-logo_podlahy.jpg","type":"image\/jpeg"}],"twitter_card":"summary_large_image","twitter_misc":{"Odhadovan\u00e1 doba \u010dten\u00ed":"2 minuty"},"schema":{"@context":"https:\/\/schema.org","@graph":[{"@type":"WebPage","@id":"https:\/\/petr-bombera.cz\/podlahy\/","url":"https:\/\/petr-bombera.cz\/podlahy\/","name":"\u00davod &#8211; Podlahy Bombera","isPartOf":{"@id":"https:\/\/petr-bombera.cz\/podlahy\/#website"},"primaryImageOfPage":{"@id":"https:\/\/petr-bombera.cz\/podlahy\/#primaryimage"},"image":{"@id":"https:\/\/petr-bombera.cz\/podlahy\/#primaryimage"},"thumbnailUrl":"https:\/\/petr-bombera.cz\/podlahy\/wp-content\/uploads\/2022\/04\/cropped-logo_podlahy.jpg","datePublished":"2022-04-03T16:45:17+00:00","dateModified":"2024-06-02T11:54:44+00:00","breadcrumb":{"@id":"https:\/\/petr-bombera.cz\/podlahy\/#breadcrumb"},"inLanguage":"cs","potentialAction":[{"@type":"ReadAction","target":["https:\/\/petr-bombera.cz\/podlahy\/"]}]},{"@type":"ImageObject","inLanguage":"cs","@id":"https:\/\/petr-bombera.cz\/podlahy\/#primaryimage","url":"https:\/\/petr-bombera.cz\/podlahy\/wp-content\/uploads\/2022\/04\/cropped-logo_podlahy.jpg","contentUrl":"https:\/\/petr-bombera.cz\/podlahy\/wp-content\/uploads\/2022\/04\/cropped-logo_podlahy.jpg","width":461,"height":120},{"@type":"BreadcrumbList","@id":"https:\/\/petr-bombera.cz\/podlahy\/#breadcrumb","itemListElement":[{"@type":"ListItem","position":1,"name":"Dom\u016f","item":"https:\/\/petr-bombera.cz\/podlahy\/"},{"@type":"ListItem","position":2,"name":"\u00davod"}]},{"@type":"WebSite","@id":"https:\/\/petr-bombera.cz\/podlahy\/#website","url":"https:\/\/petr-bombera.cz\/podlahy\/","name":"Podlahy Bombera","description":"Podlahov\u00e9 studio Petr Bombera","alternateName":"Podlahy Petr Bombera","potentialAction":[{"@type":"SearchAction","target":{"@type":"EntryPoint","urlTemplate":"https:\/\/petr-bombera.cz\/podlahy\/?s={search_term_string}"},"query-input":{"@type":"PropertyValueSpecification","valueRequired":true,"valueName":"search_term_string"}}],"inLanguage":"cs"}]}},"_links":{"self":[{"href":"https:\/\/petr-bombera.cz\/podlahy\/wp-json\/wp\/v2\/pages\/1287","targetHints":{"allow":["GET"]}}],"collection":[{"href":"https:\/\/petr-bombera.cz\/podlahy\/wp-json\/wp\/v2\/pages"}],"about":[{"href":"https:\/\/petr-bombera.cz\/podlahy\/wp-json\/wp\/v2\/types\/page"}],"author":[{"embeddable":true,"href":"https:\/\/petr-bombera.cz\/podlahy\/wp-json\/wp\/v2\/users\/1"}],"replies":[{"embeddable":true,"href":"https:\/\/petr-bombera.cz\/podlahy\/wp-json\/wp\/v2\/comments?post=1287"}],"version-history":[{"count":367,"href":"https:\/\/petr-bombera.cz\/podlahy\/wp-json\/wp\/v2\/pages\/1287\/revisions"}],"predecessor-version":[{"id":5000,"href":"https:\/\/petr-bombera.cz\/podlahy\/wp-json\/wp\/v2\/pages\/1287\/revisions\/5000"}],"wp:featuredmedia":[{"embeddable":true,"href":"https:\/\/petr-bombera.cz\/podlahy\/wp-json\/wp\/v2\/media\/382"}],"wp:attachment":[{"href":"https:\/\/petr-bombera.cz\/podlahy\/wp-json\/wp\/v2\/media?parent=1287"}],"curies":[{"name":"wp","href":"https:\/\/api.w.org\/{rel}","templated":true}]}}